{"id":8603,"date":"2024-10-23T08:01:06","date_gmt":"2024-10-23T06:01:06","guid":{"rendered":"https:\/\/www.luczniczka.com\/sklep\/?post_type=product&#038;p=8603"},"modified":"2026-02-16T08:53:10","modified_gmt":"2026-02-16T07:53:10","slug":"lizak-z-czekolady-deserowej-aniolek-25g","status":"publish","type":"product","link":"https:\/\/www.luczniczka.com\/sklep\/produkt\/lizak-z-czekolady-deserowej-aniolek-25g\/","title":{"rendered":"Lizak z czekolady deserowej Anio\u0142ek 25g"},"content":{"rendered":"<p><strong>Sk\u0142adniki:<\/strong> miazga kakaowa; cukier; t\u0142uszcz kakaowy; emulgatory: lecytyny <strong>(z soi)<\/strong>, E 476, E 492.<strong><br \/>\n<\/strong><\/p>\n<p>Czekolada: zawarto\u015b\u0107 masy kakaowej minimum 60%.<\/p>\n<p><strong>Produkt mo\u017ce zawiera\u0107 tak\u017ce: orzeszki ziemne, inne orzechy, pszenic\u0119, j\u0119czmie\u0144, mleko\u00a0 oraz jaja.<\/strong><\/p>\n","protected":false},"excerpt":{"rendered":"<p>Lizak z wy\u015bmienitej czekolady deserowej w kszta\u0142cie Anio\u0142ka.<\/p>\n","protected":false},"featured_media":12035,"template":"","meta":{"inline_featured_image":false},"product_brand":[],"product_cat":[15],"product_tag":[],"class_list":{"0":"post-8603","1":"product","2":"type-product","3":"status-publish","4":"has-post-thumbnail","6":"product_cat-dodatki","7":"description-off","9":"first","10":"outofstock","11":"taxable","12":"shipping-taxable","13":"purchasable","14":"product-type-simple"},"aioseo_notices":[],"_links":{"self":[{"href":"https:\/\/www.luczniczka.com\/sklep\/wp-json\/wp\/v2\/product\/8603","targetHints":{"allow":["GET"]}}],"collection":[{"href":"https:\/\/www.luczniczka.com\/sklep\/wp-json\/wp\/v2\/product"}],"about":[{"href":"https:\/\/www.luczniczka.com\/sklep\/wp-json\/wp\/v2\/types\/product"}],"wp:featuredmedia":[{"embeddable":true,"href":"https:\/\/www.luczniczka.com\/sklep\/wp-json\/wp\/v2\/media\/12035"}],"wp:attachment":[{"href":"https:\/\/www.luczniczka.com\/sklep\/wp-json\/wp\/v2\/media?parent=8603"}],"wp:term":[{"taxonomy":"product_brand","embeddable":true,"href":"https:\/\/www.luczniczka.com\/sklep\/wp-json\/wp\/v2\/product_brand?post=8603"},{"taxonomy":"product_cat","embeddable":true,"href":"https:\/\/www.luczniczka.com\/sklep\/wp-json\/wp\/v2\/product_cat?post=8603"},{"taxonomy":"product_tag","embeddable":true,"href":"https:\/\/www.luczniczka.com\/sklep\/wp-json\/wp\/v2\/product_tag?post=8603"}],"curies":[{"name":"wp","href":"https:\/\/api.w.org\/{rel}","templated":true}]}}