{"id":8306,"date":"2024-09-28T13:46:33","date_gmt":"2024-09-28T11:46:33","guid":{"rendered":"https:\/\/www.luczniczka.com\/sklep\/?post_type=product&#038;p=8306"},"modified":"2026-03-20T14:17:31","modified_gmt":"2026-03-20T13:17:31","slug":"supreme-praliny-z-czekolady-mlecznej-z-nadzieniem-malinowo-mlecznym-225kg","status":"publish","type":"product","link":"https:\/\/www.luczniczka.com\/sklep\/produkt\/supreme-praliny-z-czekolady-mlecznej-z-nadzieniem-malinowo-mlecznym-225kg\/","title":{"rendered":"SUPREME fruit &#8211; praliny z czekolady mlecznej z nadzieniem malinowo mlecznym 2,25 kg"},"content":{"rendered":"<p>&nbsp;<\/p>\n<table>\n<tbody>\n<tr>\n<td>Sk\u0142adniki: cukier; t\u0142uszcz kakaowy; <strong>mleko<\/strong> pe\u0142ne w proszku; t\u0142uszcze i oleje ro\u015blinne (shea, rzepakowy); miazga kakaowa; laktoza (z <strong>mleka<\/strong>); woda; serwatka w proszku (z <strong>mleka<\/strong>); syrop glukozowo- fruktozowy; syrop glukozowy; <strong>mleko<\/strong> zag\u0119szczone s\u0142odzone; t\u0142uszcz <strong>mleczny<\/strong>; skrobia modyfikowana; emulgatory: lecytyny (z <strong>soi<\/strong>), lecytyny; koncentrat malinowy (0,25%); koncentrat soku z czarnej marchwi; substancja utrzymuj\u0105ca wilgo\u0107: (E 420); substancja zag\u0119szczaj\u0105ca: (E 401); regulator kwasowo\u015bci (E 330); naturalny aromat waniliowy, naturalne aromaty.<\/p>\n<p><strong>Produkt mo\u017ce zawiera\u0107 tak\u017ce: orzeszki ziemne, orzechy, pszenic\u0119, j\u0119czmie\u0144 oraz jaja.<\/strong><\/td>\n<\/tr>\n<\/tbody>\n<\/table>\n<table style=\"height: 310px;\" width=\"333\">\n<tbody>\n<tr>\n<td width=\"140\"><strong>Warto\u015b\u0107 od\u017cywcza<\/strong><\/td>\n<td width=\"76\"><strong>\u00a0 \u00a0 \u00a0 \u00a0w 100 g<\/strong><\/td>\n<\/tr>\n<tr>\n<td width=\"140\">Warto\u015b\u0107 energetyczna (kJ\/kcal)<\/td>\n<td width=\"76\">\u00a0 \u00a0 \u00a02092\/500<\/td>\n<\/tr>\n<tr>\n<td width=\"140\">T\u0142uszcz [g]<\/td>\n<td width=\"76\">\u00a0 \u00a0 \u00a0 \u00a0 \u00a0 26<\/td>\n<\/tr>\n<tr>\n<td width=\"140\">w tym kwasy t\u0142uszczowe nasycone [g]<\/td>\n<td width=\"76\">\u00a0 \u00a0 \u00a0 \u00a0 \u00a014<\/td>\n<\/tr>\n<tr>\n<td width=\"140\">W\u0119glowodany [g]<\/td>\n<td width=\"76\">\u00a0 \u00a0 \u00a0 \u00a0 \u00a062<\/td>\n<\/tr>\n<tr>\n<td width=\"140\">w tym cukry [g]<\/td>\n<td width=\"76\">\u00a0 \u00a0 \u00a0 \u00a0 \u00a058<\/td>\n<\/tr>\n<tr>\n<td width=\"140\">Bia\u0142ko [g]<\/td>\n<td width=\"76\">\u00a0 \u00a0 \u00a0 \u00a0 \u00a03,7<\/td>\n<\/tr>\n<tr>\n<td width=\"140\">S\u00f3l [g]<\/td>\n<td width=\"76\">\u00a0 \u00a0 \u00a0 \u00a0 0,1<\/td>\n<\/tr>\n<\/tbody>\n<\/table>\n<p>Czekolada mleczna: zawarto\u015b\u0107 masy kakaowej minimum 33%.<\/p>\n","protected":false},"excerpt":{"rendered":"<p><img loading=\"lazy\" decoding=\"async\" class=\"alignnone wp-image-19803\" src=\"https:\/\/www.luczniczka.com\/sklep\/wp-content\/uploads\/2026\/01\/ChatGPT-Image-16-sty-2026-09_48_11-300x300.png\" alt=\"\" width=\"100\" height=\"100\" srcset=\"https:\/\/www.luczniczka.com\/sklep\/wp-content\/uploads\/2026\/01\/ChatGPT-Image-16-sty-2026-09_48_11-300x300.png 300w, https:\/\/www.luczniczka.com\/sklep\/wp-content\/uploads\/2026\/01\/ChatGPT-Image-16-sty-2026-09_48_11-150x150.png 150w, https:\/\/www.luczniczka.com\/sklep\/wp-content\/uploads\/2026\/01\/ChatGPT-Image-16-sty-2026-09_48_11-768x768.png 768w, https:\/\/www.luczniczka.com\/sklep\/wp-content\/uploads\/2026\/01\/ChatGPT-Image-16-sty-2026-09_48_11-600x600.png 600w, https:\/\/www.luczniczka.com\/sklep\/wp-content\/uploads\/2026\/01\/ChatGPT-Image-16-sty-2026-09_48_11-200x200.png 200w, https:\/\/www.luczniczka.com\/sklep\/wp-content\/uploads\/2026\/01\/ChatGPT-Image-16-sty-2026-09_48_11.png 1024w\" sizes=\"auto, (max-width: 100px) 100vw, 100px\" \/><\/p>\n<p>SUPREME fruit to praliny z czekolady mlecznej, rozp\u0142ywaj\u0105ce si\u0119 w ustach z aksamitnym malinowo &#8211; mlecznym nadzieniem.<br \/>\nPraliny charakteryzuje wysoka jako\u015b\u0107. Produkcja pralin odbywa si\u0119 bowiem przy zachowaniu najwy\u017cszych mi\u0119dzynarodowych standard\u00f3w \u017cywno\u015bci.<\/p>\n<p><small>Zdj\u0119cia maj\u0105 charakter pogl\u0105dowy- kolorystyka mo\u017ce nieznacznie odbiega\u0107 od zdj\u0119\u0107 prezentowanych w ofercie.<\/small><\/p>\n","protected":false},"featured_media":12047,"template":"","meta":{"inline_featured_image":false},"product_brand":[],"product_cat":[43],"product_tag":[],"class_list":{"0":"post-8306","1":"product","2":"type-product","3":"status-publish","4":"has-post-thumbnail","6":"product_cat-pralinki-bez-alkoholu","7":"description-off","9":"first","10":"instock","11":"taxable","12":"shipping-taxable","13":"purchasable","14":"product-type-simple"},"aioseo_notices":[],"_links":{"self":[{"href":"https:\/\/www.luczniczka.com\/sklep\/wp-json\/wp\/v2\/product\/8306","targetHints":{"allow":["GET"]}}],"collection":[{"href":"https:\/\/www.luczniczka.com\/sklep\/wp-json\/wp\/v2\/product"}],"about":[{"href":"https:\/\/www.luczniczka.com\/sklep\/wp-json\/wp\/v2\/types\/product"}],"wp:featuredmedia":[{"embeddable":true,"href":"https:\/\/www.luczniczka.com\/sklep\/wp-json\/wp\/v2\/media\/12047"}],"wp:attachment":[{"href":"https:\/\/www.luczniczka.com\/sklep\/wp-json\/wp\/v2\/media?parent=8306"}],"wp:term":[{"taxonomy":"product_brand","embeddable":true,"href":"https:\/\/www.luczniczka.com\/sklep\/wp-json\/wp\/v2\/product_brand?post=8306"},{"taxonomy":"product_cat","embeddable":true,"href":"https:\/\/www.luczniczka.com\/sklep\/wp-json\/wp\/v2\/product_cat?post=8306"},{"taxonomy":"product_tag","embeddable":true,"href":"https:\/\/www.luczniczka.com\/sklep\/wp-json\/wp\/v2\/product_tag?post=8306"}],"curies":[{"name":"wp","href":"https:\/\/api.w.org\/{rel}","templated":true}]}}