{"id":756,"date":"2020-11-12T18:18:37","date_gmt":"2020-11-12T17:18:37","guid":{"rendered":"https:\/\/www.luczniczka.com\/sklep\/?post_type=product&#038;p=756"},"modified":"2026-03-10T13:04:50","modified_gmt":"2026-03-10T12:04:50","slug":"agrest-kandyzowany-w-czekoladzie-500g","status":"publish","type":"product","link":"https:\/\/www.luczniczka.com\/sklep\/produkt\/agrest-kandyzowany-w-czekoladzie-500g\/","title":{"rendered":"Agrest kandyzowany w czekoladzie 500g"},"content":{"rendered":"<table>\n<tbody>\n<tr>\n<td>Sk\u0142adniki: \u00a0agrest kandyzowany 57% (cukier; agrest; regulator kwasowo\u015bci: kwas cytrynowy); czekolada 43% (miazga kakaowa; cukier; t\u0142uszcz kakaowy; emulgator: lecytyny (z <strong>soi<\/strong>); naturalny aromat waniliowy).<\/td>\n<\/tr>\n<\/tbody>\n<\/table>\n<p>Czekolada: zawarto\u015b\u0107 masy kakaowej minimum 56,5%.<\/p>\n<p><strong>Produkt mo\u017ce zawiera\u0107: orzechy, orzeszki ziemne, mleko, pszenic\u0119, j\u0119czmie\u0144 oraz jaja.<\/strong><\/p>\n<table width=\"215\">\n<tbody>\n<tr>\n<td width=\"140\"><strong>Warto\u015b\u0107 od\u017cywcza<\/strong><\/td>\n<td width=\"76\"><strong>w 100 g<\/strong><\/td>\n<\/tr>\n<tr>\n<td width=\"140\">Warto\u015b\u0107 energetyczna (kJ\/ kcal)<\/td>\n<td width=\"76\">1886\/ 451<\/td>\n<\/tr>\n<tr>\n<td width=\"140\">T\u0142uszcz [g]<\/td>\n<td width=\"76\">21<\/td>\n<\/tr>\n<tr>\n<td width=\"140\">W tym kwasy t\u0142uszczowe nasycone [g]<\/td>\n<td width=\"76\">13<\/td>\n<\/tr>\n<tr>\n<td width=\"140\">W\u0119glowodany [g]<\/td>\n<td width=\"76\">57<\/td>\n<\/tr>\n<tr>\n<td width=\"140\">W tym cukry [g]<\/td>\n<td width=\"76\">55<\/td>\n<\/tr>\n<tr>\n<td width=\"140\">Bia\u0142ko [g]<\/td>\n<td width=\"76\">4,2<\/td>\n<\/tr>\n<tr>\n<td width=\"140\">S\u00f3l [g]<\/td>\n<td width=\"76\">0,0<\/td>\n<\/tr>\n<\/tbody>\n<\/table>\n","protected":false},"excerpt":{"rendered":"<p>Kandyzowany agrest w czekoladzie.<\/p>\n<p>Agrest zosta\u0142 poddany procesowi kandyzacji. Proces ten polega przede wszystkim na konserwowaniu wybranych produkt\u00f3w przy u\u017cyciu cukru \u2013 syropu cukrowego. Owoce, kt\u00f3re przygotowywane s\u0105 t\u0105 metod\u0105 d\u0142u\u017cej zachowuj\u0105 \u015bwie\u017co\u015b\u0107, sw\u00f3j naturalny smak oraz wszystkie w\u0142a\u015bciwo\u015bci.<\/p>\n<p>Lekko kwaskowaty, a zarazem s\u0142odki smak agrestu i czekolada, to kompozycja, kt\u00f3ra zachwyca swoim niecodziennym owocowym smakiem.<\/p>\n<p>Agrest kandyzowany w czekoladzie sprawdzi si\u0119 jako s\u0142odka przek\u0105ska pomi\u0119dzy posi\u0142kami lub jako mi\u0142y upominek.<\/p>\n<p>W opakowaniu znajduje si\u0119 500 g agrestu w czekoladzie.<\/p>\n","protected":false},"featured_media":1549,"template":"","meta":{"inline_featured_image":false},"product_brand":[],"product_cat":[30],"product_tag":[],"class_list":{"0":"post-756","1":"product","2":"type-product","3":"status-publish","4":"has-post-thumbnail","6":"product_cat-owoce-w-czekoladzie","7":"description-off","9":"first","10":"instock","11":"taxable","12":"shipping-taxable","13":"purchasable","14":"product-type-simple"},"aioseo_notices":[],"_links":{"self":[{"href":"https:\/\/www.luczniczka.com\/sklep\/wp-json\/wp\/v2\/product\/756","targetHints":{"allow":["GET"]}}],"collection":[{"href":"https:\/\/www.luczniczka.com\/sklep\/wp-json\/wp\/v2\/product"}],"about":[{"href":"https:\/\/www.luczniczka.com\/sklep\/wp-json\/wp\/v2\/types\/product"}],"wp:featuredmedia":[{"embeddable":true,"href":"https:\/\/www.luczniczka.com\/sklep\/wp-json\/wp\/v2\/media\/1549"}],"wp:attachment":[{"href":"https:\/\/www.luczniczka.com\/sklep\/wp-json\/wp\/v2\/media?parent=756"}],"wp:term":[{"taxonomy":"product_brand","embeddable":true,"href":"https:\/\/www.luczniczka.com\/sklep\/wp-json\/wp\/v2\/product_brand?post=756"},{"taxonomy":"product_cat","embeddable":true,"href":"https:\/\/www.luczniczka.com\/sklep\/wp-json\/wp\/v2\/product_cat?post=756"},{"taxonomy":"product_tag","embeddable":true,"href":"https:\/\/www.luczniczka.com\/sklep\/wp-json\/wp\/v2\/product_tag?post=756"}],"curies":[{"name":"wp","href":"https:\/\/api.w.org\/{rel}","templated":true}]}}