{"id":740,"date":"2020-11-11T11:06:43","date_gmt":"2020-11-11T10:06:43","guid":{"rendered":"https:\/\/www.luczniczka.com\/sklep\/?post_type=product&#038;p=740"},"modified":"2026-03-20T14:22:15","modified_gmt":"2026-03-20T13:22:15","slug":"kulki-zimowe-z-czekolady-mlecznej-nadziewane-kremem-kakaowym-16-kg","status":"publish","type":"product","link":"https:\/\/www.luczniczka.com\/sklep\/produkt\/kulki-zimowe-z-czekolady-mlecznej-nadziewane-kremem-kakaowym-16-kg\/","title":{"rendered":"Kulki zimowe z czekolady mlecznej nadziewane kremem kakaowym 1,6 kg"},"content":{"rendered":"<p><strong>Sk\u0142adniki:<\/strong> czekolada mleczna 50% (cukier; t\u0142uszcz kakaowy; <strong>mleko<\/strong> pe\u0142ne w proszku; miazga kakaowa; serwatka w proszku (z <strong>mleka<\/strong>); t\u0142uszcz <strong>mleczny<\/strong>; emulgator: lecytyny (z <strong>soi<\/strong>); naturalny aromat waniliowy; nadzienie kakaowe 50% (cukier; t\u0142uszcze i oleje ro\u015blinne (shea, rzepakowy) w zmiennych proporcjach; kakao w proszku o obni\u017conej zawarto\u015bci t\u0142uszczu 15%;\u00a0 laktoza (z <strong>mleka)<\/strong>; emulgator: lecytyny; aromaty)<\/p>\n<p>Czekolada mleczna: zawarto\u015b\u0107 masy kakaowej minimum 33%.<\/p>\n<p><strong>Produkt mo\u017ce zawiera\u0107 tak\u017ce:<\/strong> <strong>orzechy, orzeszki ziemne, gluten oraz jaja<\/strong><\/p>\n","protected":false},"excerpt":{"rendered":"<p>Przepyszne kulki z czekolady mlecznej wype\u0142nione delikatnym kakaowym kremem.<\/p>\n<p>Czekoladowe kulki zachwycaj\u0105 swoim kakaowym smakiem. Idealnie nadaj\u0105 si\u0119 jako s\u0142odka przek\u0105ska do kawy, herbaty, kakao czy ciep\u0142ego mleka. U\u017cyta do produkcji czekoladowych kulek zimowych czekolada mleczna wraz z kakaowym nadzieniem rozp\u0142ywa si\u0119 w ustach, pozostawiaj\u0105c sw\u00f3j smak oraz aromat na d\u0142ugo w pami\u0119ci.<\/p>\n<p>Du\u017ce opakowanie 1,6 kg czekoladowych kulek pozwala cieszy\u0107 si\u0119 ich wyj\u0105tkowym smakiem jeszcze d\u0142u\u017cej!<\/p>\n<p>&nbsp;<\/p>\n<p>Kolor folii mo\u017ce ulec zmianie w zale\u017cno\u015bci od stan\u00f3w materia\u0142\u00f3w opakowaniowych.<\/p>\n","protected":false},"featured_media":2785,"template":"","meta":{"inline_featured_image":false},"product_brand":[],"product_cat":[22],"product_tag":[],"class_list":{"0":"post-740","1":"product","2":"type-product","3":"status-publish","4":"has-post-thumbnail","6":"product_cat-wyroby-bozonarodzeniowe","7":"description-off","9":"first","10":"outofstock","11":"taxable","12":"shipping-taxable","13":"purchasable","14":"product-type-simple"},"aioseo_notices":[],"_links":{"self":[{"href":"https:\/\/www.luczniczka.com\/sklep\/wp-json\/wp\/v2\/product\/740","targetHints":{"allow":["GET"]}}],"collection":[{"href":"https:\/\/www.luczniczka.com\/sklep\/wp-json\/wp\/v2\/product"}],"about":[{"href":"https:\/\/www.luczniczka.com\/sklep\/wp-json\/wp\/v2\/types\/product"}],"wp:featuredmedia":[{"embeddable":true,"href":"https:\/\/www.luczniczka.com\/sklep\/wp-json\/wp\/v2\/media\/2785"}],"wp:attachment":[{"href":"https:\/\/www.luczniczka.com\/sklep\/wp-json\/wp\/v2\/media?parent=740"}],"wp:term":[{"taxonomy":"product_brand","embeddable":true,"href":"https:\/\/www.luczniczka.com\/sklep\/wp-json\/wp\/v2\/product_brand?post=740"},{"taxonomy":"product_cat","embeddable":true,"href":"https:\/\/www.luczniczka.com\/sklep\/wp-json\/wp\/v2\/product_cat?post=740"},{"taxonomy":"product_tag","embeddable":true,"href":"https:\/\/www.luczniczka.com\/sklep\/wp-json\/wp\/v2\/product_tag?post=740"}],"curies":[{"name":"wp","href":"https:\/\/api.w.org\/{rel}","templated":true}]}}