{"id":736,"date":"2020-11-11T10:38:39","date_gmt":"2020-11-11T09:38:39","guid":{"rendered":"https:\/\/www.luczniczka.com\/sklep\/?post_type=product&#038;p=736"},"modified":"2025-12-29T22:14:06","modified_gmt":"2025-12-29T21:14:06","slug":"pingwinki-z-czekolady-mlecznej-nadziewane-kremem-mlecznym-33-kg","status":"publish","type":"product","link":"https:\/\/www.luczniczka.com\/sklep\/produkt\/pingwinki-z-czekolady-mlecznej-nadziewane-kremem-mlecznym-33-kg\/","title":{"rendered":"Pingwinki z czekolady mlecznej nadziewane kremem mlecznym 3,3 kg"},"content":{"rendered":"<p><strong>SK\u0141ADNIKI: <\/strong>czekolada mleczna 56% (cukier; t\u0142uszcz kakaowy; <strong>mleko<\/strong> pe\u0142ne w proszku; miazga kakaowa; serwatka w proszku (z <strong>mleka<\/strong>); t\u0142uszcz <strong>mleczny<\/strong>; emulgator: lecytyny (z <strong>soi<\/strong>); naturalny aromat waniliowy); nadzienie mleczne 44% (cukier; t\u0142uszcze i oleje ro\u015blinne (shea, rzepakowy); laktoza (z <strong>mleka<\/strong>); <strong>mleko<\/strong> pe\u0142ne w proszku 12,5%; serwatka w proszku (z <strong>mleka<\/strong>); emulgator: lecytyny; aromaty naturalne)<\/p>\n<table width=\"359\">\n<tbody>\n<tr>\n<td width=\"179\">Warto\u015b\u0107 od\u017cywcza<\/td>\n<td width=\"180\">w 100 g produktu<\/td>\n<\/tr>\n<tr>\n<td width=\"179\">Warto\u015b\u0107 energetyczna (kJ\/ kcal)<\/td>\n<td width=\"180\">2348\/ 559<\/td>\n<\/tr>\n<tr>\n<td width=\"179\">T\u0142uszcz [g]<\/td>\n<td width=\"180\">34<\/td>\n<\/tr>\n<tr>\n<td width=\"179\">\u00a0\u00a0\u00a0\u00a0\u00a0\u00a0\u00a0\u00a0\u00a0 W tym NKT [g]<\/td>\n<td width=\"180\">18<\/td>\n<\/tr>\n<tr>\n<td width=\"179\">W\u0119glowodany [g]<\/td>\n<td width=\"180\">57<\/td>\n<\/tr>\n<tr>\n<td width=\"179\">\u00a0\u00a0\u00a0\u00a0\u00a0\u00a0\u00a0\u00a0\u00a0 W tym cukry [g]<\/td>\n<td width=\"180\">56<\/td>\n<\/tr>\n<tr>\n<td width=\"179\">Bia\u0142ko [g]<\/td>\n<td width=\"180\">4,4<\/td>\n<\/tr>\n<tr>\n<td width=\"179\">S\u00f3l [g]<\/td>\n<td width=\"180\">0,2<\/td>\n<\/tr>\n<\/tbody>\n<\/table>\n<p>Czekolada mleczna: zawarto\u015b\u0107 masy kakaowej minimum 33%.<\/p>\n<p>Nadzienie spulchnione azotem.<\/p>\n<p><strong>Produkt mo\u017ce zawiera\u0107 tak\u017ce: orzechy, orzeszki ziemne, pszenic\u0119, j\u0119czmie\u0144 oraz jaja.<\/strong><\/p>\n","protected":false},"excerpt":{"rendered":"<p>Przepyszne figurki w kszta\u0142cie pingwink\u00f3w z czekolady mlecznej nadziewane delikatnym, napowietrzonym kremem mlecznym.<\/p>\n<p>Czekoladowe pingwinki zachwycaj\u0105 swoim mlecznym smakiem. Idealnie nadaj\u0105 si\u0119 jako s\u0142odka przek\u0105ska do kawy, herbaty, kakao czy ciep\u0142ego mleka. U\u017cyta do produkcji czekoladowych figurek czekolada mleczna wraz z mlecznym nadzieniem rozp\u0142ywa si\u0119 w ustach, pozostawiaj\u0105c sw\u00f3j smak oraz aromat na d\u0142ugo w pami\u0119ci.<\/p>\n<p>Du\u017ce opakowanie 3,3 kg czekoladowych figurek pozwala cieszy\u0107 si\u0119 ich wyj\u0105tkowym smakiem jeszcze d\u0142u\u017cej!<\/p>\n","protected":false},"featured_media":2788,"template":"","meta":{"inline_featured_image":false},"product_brand":[],"product_cat":[22],"product_tag":[],"class_list":{"0":"post-736","1":"product","2":"type-product","3":"status-publish","4":"has-post-thumbnail","6":"product_cat-wyroby-bozonarodzeniowe","7":"description-off","9":"first","10":"outofstock","11":"taxable","12":"shipping-taxable","13":"purchasable","14":"product-type-simple"},"aioseo_notices":[],"_links":{"self":[{"href":"https:\/\/www.luczniczka.com\/sklep\/wp-json\/wp\/v2\/product\/736","targetHints":{"allow":["GET"]}}],"collection":[{"href":"https:\/\/www.luczniczka.com\/sklep\/wp-json\/wp\/v2\/product"}],"about":[{"href":"https:\/\/www.luczniczka.com\/sklep\/wp-json\/wp\/v2\/types\/product"}],"wp:featuredmedia":[{"embeddable":true,"href":"https:\/\/www.luczniczka.com\/sklep\/wp-json\/wp\/v2\/media\/2788"}],"wp:attachment":[{"href":"https:\/\/www.luczniczka.com\/sklep\/wp-json\/wp\/v2\/media?parent=736"}],"wp:term":[{"taxonomy":"product_brand","embeddable":true,"href":"https:\/\/www.luczniczka.com\/sklep\/wp-json\/wp\/v2\/product_brand?post=736"},{"taxonomy":"product_cat","embeddable":true,"href":"https:\/\/www.luczniczka.com\/sklep\/wp-json\/wp\/v2\/product_cat?post=736"},{"taxonomy":"product_tag","embeddable":true,"href":"https:\/\/www.luczniczka.com\/sklep\/wp-json\/wp\/v2\/product_tag?post=736"}],"curies":[{"name":"wp","href":"https:\/\/api.w.org\/{rel}","templated":true}]}}