{"id":729,"date":"2020-11-11T09:41:08","date_gmt":"2020-11-11T08:41:08","guid":{"rendered":"https:\/\/www.luczniczka.com\/sklep\/?post_type=product&#038;p=729"},"modified":"2026-04-10T14:19:03","modified_gmt":"2026-04-10T12:19:03","slug":"jajeczka-wielkanocne-z-czekolady-mlecznej-z-nadzieniem-mlecznym-16-kg","status":"publish","type":"product","link":"https:\/\/www.luczniczka.com\/sklep\/produkt\/jajeczka-wielkanocne-z-czekolady-mlecznej-z-nadzieniem-mlecznym-16-kg\/","title":{"rendered":"Jajeczka Wielkanocne z czekolady mlecznej z nadzieniem mlecznym 1,6kg"},"content":{"rendered":"<p><strong>Sk\u0142adniki: <\/strong>czekolada mleczna 50% (cukier; t\u0142uszcz kakaowy; mleko pe\u0142ne w proszku; miazga kakaowa; serwatka w proszku (z mleka); t\u0142uszcz mleczny; emulgator: lecytyny (z soi); naturalny aromat waniliowy); nadzienie mleczne 50% (cukier; t\u0142uszcze ro\u015blinne (shea, rzepakowy) w zmiennych proporcjach; laktoza (z mleka); mleko pe\u0142ne w proszku 10%; serwatka w proszku (z mleka); emulgator: lecytyny; aromaty).<\/p>\n<p>Czekolada mleczna: zawarto\u015b\u0107 masy kakaowej minimum 33%.<\/p>\n<p><strong>Produkt mo\u017ce zawiera\u0107 tak\u017ce: <\/strong>orzechy, orzeszki ziemne, gluten oraz jaja.<strong><br \/>\n<\/strong><\/p>\n","protected":false},"excerpt":{"rendered":"<p>Ma\u0142e jajeczka wielkanocne wykonane z czekolady mlecznej couverture 33% masy kakaowej nadziewane rozp\u0142ywaj\u0105cym si\u0119 w ustach nadzieniem mlecznym.<\/p>\n<p>Ze wzgl\u0119du na u\u017cyt\u0105 do produkcji jajeczek czekolad\u0119 oraz krem najwy\u017cszej jako\u015bci, ka\u017cde wyprodukowane jajeczko odznacza si\u0119 niezwyk\u0142ym mlecznym smakiem.<\/p>\n<p>Wi\u0119ksze opakowanie zawiera 1,6 kg produktu.<\/p>\n<p>Zdj\u0119cie pogl\u0105dowe<\/p>\n","protected":false},"featured_media":2798,"template":"","meta":{"inline_featured_image":false},"product_brand":[],"product_cat":[23],"product_tag":[],"class_list":{"0":"post-729","1":"product","2":"type-product","3":"status-publish","4":"has-post-thumbnail","6":"product_cat-wyroby-wielkanocne","7":"description-off","9":"first","10":"instock","11":"taxable","12":"shipping-taxable","13":"purchasable","14":"product-type-simple"},"aioseo_notices":[],"_links":{"self":[{"href":"https:\/\/www.luczniczka.com\/sklep\/wp-json\/wp\/v2\/product\/729","targetHints":{"allow":["GET"]}}],"collection":[{"href":"https:\/\/www.luczniczka.com\/sklep\/wp-json\/wp\/v2\/product"}],"about":[{"href":"https:\/\/www.luczniczka.com\/sklep\/wp-json\/wp\/v2\/types\/product"}],"wp:featuredmedia":[{"embeddable":true,"href":"https:\/\/www.luczniczka.com\/sklep\/wp-json\/wp\/v2\/media\/2798"}],"wp:attachment":[{"href":"https:\/\/www.luczniczka.com\/sklep\/wp-json\/wp\/v2\/media?parent=729"}],"wp:term":[{"taxonomy":"product_brand","embeddable":true,"href":"https:\/\/www.luczniczka.com\/sklep\/wp-json\/wp\/v2\/product_brand?post=729"},{"taxonomy":"product_cat","embeddable":true,"href":"https:\/\/www.luczniczka.com\/sklep\/wp-json\/wp\/v2\/product_cat?post=729"},{"taxonomy":"product_tag","embeddable":true,"href":"https:\/\/www.luczniczka.com\/sklep\/wp-json\/wp\/v2\/product_tag?post=729"}],"curies":[{"name":"wp","href":"https:\/\/api.w.org\/{rel}","templated":true}]}}