{"id":728,"date":"2020-11-11T09:35:14","date_gmt":"2020-11-11T08:35:14","guid":{"rendered":"https:\/\/www.luczniczka.com\/sklep\/?post_type=product&#038;p=728"},"modified":"2026-04-10T14:19:16","modified_gmt":"2026-04-10T12:19:16","slug":"jajeczka-wielkanocne-16-kg","status":"publish","type":"product","link":"https:\/\/www.luczniczka.com\/sklep\/produkt\/jajeczka-wielkanocne-16-kg\/","title":{"rendered":"Jajka z czekolady mlecznej z nadzieniem o smaku malinowo- mlecznym 1,6 kg"},"content":{"rendered":"<p><strong>Sk\u0142adniki: <\/strong>czekolada mleczna 50% (cukier; t\u0142uszcz kakaowy; <strong>mleko<\/strong> pe\u0142ne w proszku; miazga kakaowa; serwatka w proszku (z <strong>mleka<\/strong>); t\u0142uszcz <strong>mleczny<\/strong>; emulgator: lecytyny (z <strong>soi<\/strong>); naturalny aromat waniliowy); nadzienie jogurt-malina 50% (cukier; t\u0142uszcz ro\u015blinny (shea, rzepakowy); serwatka w proszku (z <strong>mleka<\/strong>); <strong>mleko<\/strong> w proszku odt\u0142uszczone; proszek jogurtowy 2% (z <strong>mleka<\/strong>); proszek malinowy 2% (koncentrat malin, koncentrat buraka, maltodekstryna); emulgator: lecytyny; aromaty; regulator kwasowo\u015bci: kwas cytrynowy).<\/p>\n<p>Czekolada mleczna: zawarto\u015b\u0107 masy kakaowej minimum 33%.<\/p>\n<p><strong>Produkt mo\u017ce zawiera\u0107 tak\u017ce: <\/strong>orzechy, orzeszki ziemne, gluten oraz jaja.<strong><br \/>\n<\/strong><\/p>\n","protected":false},"excerpt":{"rendered":"<p>Ma\u0142e jajeczka wielkanocne wykonane z czekolady mlecznej couverture 33% masy kakaowej oraz z czekolady deserowej couverture 60% masy kakaowej, kt\u00f3re w swoim wn\u0119trzu skrywaj\u0105 podw\u00f3jne mleczne i malinowe nadzienie. Jest to pozycja, kt\u00f3ra zachwyci koneser\u00f3w owocowych smak\u00f3w. Po\u015br\u00f3d mlecznego smaku czekolady, bez w\u0105tpienia wyr\u00f3\u017cnia si\u0119 smak maliny.<\/p>\n<p>W wi\u0119kszym opakowaniu znajduje si\u0119 1,6 kg produktu.<\/p>\n<p>Zdj\u0119cie pogl\u0105dowe.<\/p>\n","protected":false},"featured_media":2797,"template":"","meta":{"inline_featured_image":false},"product_brand":[],"product_cat":[23],"product_tag":[],"class_list":{"0":"post-728","1":"product","2":"type-product","3":"status-publish","4":"has-post-thumbnail","6":"product_cat-wyroby-wielkanocne","7":"description-off","9":"first","10":"instock","11":"taxable","12":"shipping-taxable","13":"purchasable","14":"product-type-simple"},"aioseo_notices":[],"_links":{"self":[{"href":"https:\/\/www.luczniczka.com\/sklep\/wp-json\/wp\/v2\/product\/728","targetHints":{"allow":["GET"]}}],"collection":[{"href":"https:\/\/www.luczniczka.com\/sklep\/wp-json\/wp\/v2\/product"}],"about":[{"href":"https:\/\/www.luczniczka.com\/sklep\/wp-json\/wp\/v2\/types\/product"}],"wp:featuredmedia":[{"embeddable":true,"href":"https:\/\/www.luczniczka.com\/sklep\/wp-json\/wp\/v2\/media\/2797"}],"wp:attachment":[{"href":"https:\/\/www.luczniczka.com\/sklep\/wp-json\/wp\/v2\/media?parent=728"}],"wp:term":[{"taxonomy":"product_brand","embeddable":true,"href":"https:\/\/www.luczniczka.com\/sklep\/wp-json\/wp\/v2\/product_brand?post=728"},{"taxonomy":"product_cat","embeddable":true,"href":"https:\/\/www.luczniczka.com\/sklep\/wp-json\/wp\/v2\/product_cat?post=728"},{"taxonomy":"product_tag","embeddable":true,"href":"https:\/\/www.luczniczka.com\/sklep\/wp-json\/wp\/v2\/product_tag?post=728"}],"curies":[{"name":"wp","href":"https:\/\/api.w.org\/{rel}","templated":true}]}}