{"id":721,"date":"2020-11-11T08:41:59","date_gmt":"2020-11-11T07:41:59","guid":{"rendered":"https:\/\/www.luczniczka.com\/sklep\/?post_type=product&#038;p=721"},"modified":"2026-04-26T16:58:27","modified_gmt":"2026-04-26T14:58:27","slug":"egg-chocolate-jajko-z-czekolady-mlecznej-z-lentilkami-75-g","status":"publish","type":"product","link":"https:\/\/www.luczniczka.com\/sklep\/produkt\/egg-chocolate-jajko-z-czekolady-mlecznej-z-lentilkami-75-g\/","title":{"rendered":"Egg Chocolate, jajko z czekolady mlecznej z lentilkami 70g"},"content":{"rendered":"<p><strong>SK\u0141ADNIKI: <\/strong>cukier; t\u0142uszcz kakaowy; miazga kakaowa; <strong>mleko<\/strong> pe\u0142ne w proszku; serwatka w proszku (z <strong>mleka<\/strong>); t\u0142uszcz <strong>mleczny<\/strong>; skrobia; emulgatory: lecytyny (z <strong>soi<\/strong>), lecytyny; naturalny aromat waniliowy; substancje glazuruj\u0105ce: guma arabska, wosk carnauba, wosk pszczeli; koncentraty z sok\u00f3w: winogron, rzodkiewki, czarnej porzeczki, cytryny, czerwonego buraka; ekstrakty z carthamusa, ze s\u0142odu <strong>j\u0119czmiennego<\/strong>; koncentrat z alg<\/p>\n<p><strong>WARTO\u015a\u0106 OD\u017bYWCZA w 100 g<\/p>\n<p><\/strong><\/p>\n<table width=\"359\">\n<tbody>\n<tr>\n<td width=\"170\">Warto\u015b\u0107 od\u017cywcza<\/td>\n<td width=\"189\">w 100 g<\/td>\n<\/tr>\n<tr>\n<td width=\"170\">Warto\u015b\u0107 energetyczna (kJ\/ kcal)<\/td>\n<td width=\"189\">2192\/ 524<\/td>\n<\/tr>\n<tr>\n<td width=\"170\">T\u0142uszcz [g]<\/td>\n<td width=\"189\">29<\/td>\n<\/tr>\n<tr>\n<td width=\"170\">\u00a0\u00a0\u00a0\u00a0\u00a0\u00a0\u00a0\u00a0\u00a0 W tym NKT [g]<\/td>\n<td width=\"189\">17<\/td>\n<\/tr>\n<tr>\n<td width=\"170\">W\u0119glowodany [g]<\/td>\n<td width=\"189\">60<\/td>\n<\/tr>\n<tr>\n<td width=\"170\">\u00a0\u00a0\u00a0\u00a0\u00a0\u00a0\u00a0\u00a0\u00a0 W tym cukry [g]<\/td>\n<td width=\"189\">59<\/td>\n<\/tr>\n<tr>\n<td width=\"170\">Bia\u0142ko [g]<\/td>\n<td width=\"189\">5<\/td>\n<\/tr>\n<tr>\n<td width=\"170\">S\u00f3l [g]<\/td>\n<td width=\"189\">0,28<\/td>\n<\/tr>\n<\/tbody>\n<\/table>\n<p>Czekolada mleczna: zawarto\u015b\u0107 masy kakaowej minimum 33%.<\/p>\n<p><strong>Produkt mo\u017ce zawiera\u0107 tak\u017ce: orzeszki ziemne, inne orzechy oraz jajka.<\/strong><\/p>\n","protected":false},"excerpt":{"rendered":"<p>Jajo z wy\u015bmienitej czekolady mlecznej couverture 33% masy kakaowej udekorowane kolorowymi i chrupi\u0105cymi lentilkami.<\/p>\n<p>Kolorowe opakowanie idealnie sprawdzi si\u0119 na okres wiosenny i wielkanocny.<\/p>\n<p>W opakowaniu znajduje si\u0119 75 g produktu.<\/p>\n","protected":false},"featured_media":1505,"template":"","meta":{"inline_featured_image":false},"product_brand":[],"product_cat":[23],"product_tag":[],"class_list":{"0":"post-721","1":"product","2":"type-product","3":"status-publish","4":"has-post-thumbnail","6":"product_cat-wyroby-wielkanocne","7":"description-off","9":"first","10":"outofstock","11":"taxable","12":"shipping-taxable","13":"purchasable","14":"product-type-simple"},"aioseo_notices":[],"_links":{"self":[{"href":"https:\/\/www.luczniczka.com\/sklep\/wp-json\/wp\/v2\/product\/721","targetHints":{"allow":["GET"]}}],"collection":[{"href":"https:\/\/www.luczniczka.com\/sklep\/wp-json\/wp\/v2\/product"}],"about":[{"href":"https:\/\/www.luczniczka.com\/sklep\/wp-json\/wp\/v2\/types\/product"}],"wp:featuredmedia":[{"embeddable":true,"href":"https:\/\/www.luczniczka.com\/sklep\/wp-json\/wp\/v2\/media\/1505"}],"wp:attachment":[{"href":"https:\/\/www.luczniczka.com\/sklep\/wp-json\/wp\/v2\/media?parent=721"}],"wp:term":[{"taxonomy":"product_brand","embeddable":true,"href":"https:\/\/www.luczniczka.com\/sklep\/wp-json\/wp\/v2\/product_brand?post=721"},{"taxonomy":"product_cat","embeddable":true,"href":"https:\/\/www.luczniczka.com\/sklep\/wp-json\/wp\/v2\/product_cat?post=721"},{"taxonomy":"product_tag","embeddable":true,"href":"https:\/\/www.luczniczka.com\/sklep\/wp-json\/wp\/v2\/product_tag?post=721"}],"curies":[{"name":"wp","href":"https:\/\/api.w.org\/{rel}","templated":true}]}}