{"id":661,"date":"2020-11-06T13:30:37","date_gmt":"2020-11-06T12:30:37","guid":{"rendered":"https:\/\/www.luczniczka.com\/sklep\/?post_type=product&#038;p=661"},"modified":"2026-04-10T14:19:28","modified_gmt":"2026-04-10T12:19:28","slug":"koszyk-wielkanocny-jajeczka-z-czekolady-mlecznej-i-deserowej-z-nadzieniem-jogurtowo-truskawkowym-120-g","status":"publish","type":"product","link":"https:\/\/www.luczniczka.com\/sklep\/produkt\/koszyk-wielkanocny-jajeczka-z-czekolady-mlecznej-i-deserowej-z-nadzieniem-jogurtowo-truskawkowym-120-g\/","title":{"rendered":"Koszyk wielkanocny, jajeczka z czekolady mlecznej i deserowej z nadzieniem truskawkowo &#8211; mlecznym 120 g"},"content":{"rendered":"<p><strong>Sk\u0142adniki: <\/strong>cukier; miazga kakaowa; t\u0142uszcz kakaowy; mleko w proszku; serwatka w proszku (z mleka); przecier truskawkowy 3,5%; t\u0142uszcz mleczny; t\u0142uszcz ro\u015blinny (palmowy, rzepakowy); proszek jogurtowy (z mleka) 0,1%; syrop glukozowy; syrop glukozowo-fruktozowy; emulgatory: lecytyny (z soi), lecytyny, E 476; stabilizator: E 492; regulator kwasowo\u015bci: kwas cytrynowy; naturalny aromat waniliowy; aromaty).<\/p>\n<p>Czekolada mleczna couverture: masa kakaowa minimum 33%.<br \/>\nCzekolada couverture: masa kakaowa minimum 60%.<\/p>\n<p><strong>Produkt mo\u017ce zawiera\u0107 tak\u017ce:<\/strong> orzechy, orzeszki ziemne oraz jaja<\/p>\n","protected":false},"excerpt":{"rendered":"<p>Kolejna ods\u0142ona naszych wybornych mini jajeczek z czekolady mlecznej couverture 33% masy kakaowej oraz z czekolady deserowej couverture 60% masy kakaowej, wype\u0142nione podw\u00f3jnym nadzieniem mleczno &#8211; truskawkowym. Tym razem zapakowane s\u0105 one w koszyczek z motywem wielkanocnym.<\/p>\n<p>Zar\u00f3wno czekolada mleczna, jak i czekolada deserowa idealnie komponuje si\u0119 z owocowo-mlecznym nadzieniem, kt\u00f3re prze\u0142amuje s\u0142odycz czekolady, dodaj\u0105c jej nowych walor\u00f3w smakowych.<\/p>\n<p>W opakowaniu znajduje si\u0119 120 g produktu.<\/p>\n","protected":false},"featured_media":1496,"template":"","meta":{"inline_featured_image":false},"product_brand":[],"product_cat":[23],"product_tag":[],"class_list":{"0":"post-661","1":"product","2":"type-product","3":"status-publish","4":"has-post-thumbnail","6":"product_cat-wyroby-wielkanocne","7":"description-off","9":"first","10":"instock","11":"taxable","12":"shipping-taxable","13":"purchasable","14":"product-type-simple"},"aioseo_notices":[],"_links":{"self":[{"href":"https:\/\/www.luczniczka.com\/sklep\/wp-json\/wp\/v2\/product\/661","targetHints":{"allow":["GET"]}}],"collection":[{"href":"https:\/\/www.luczniczka.com\/sklep\/wp-json\/wp\/v2\/product"}],"about":[{"href":"https:\/\/www.luczniczka.com\/sklep\/wp-json\/wp\/v2\/types\/product"}],"wp:featuredmedia":[{"embeddable":true,"href":"https:\/\/www.luczniczka.com\/sklep\/wp-json\/wp\/v2\/media\/1496"}],"wp:attachment":[{"href":"https:\/\/www.luczniczka.com\/sklep\/wp-json\/wp\/v2\/media?parent=661"}],"wp:term":[{"taxonomy":"product_brand","embeddable":true,"href":"https:\/\/www.luczniczka.com\/sklep\/wp-json\/wp\/v2\/product_brand?post=661"},{"taxonomy":"product_cat","embeddable":true,"href":"https:\/\/www.luczniczka.com\/sklep\/wp-json\/wp\/v2\/product_cat?post=661"},{"taxonomy":"product_tag","embeddable":true,"href":"https:\/\/www.luczniczka.com\/sklep\/wp-json\/wp\/v2\/product_tag?post=661"}],"curies":[{"name":"wp","href":"https:\/\/api.w.org\/{rel}","templated":true}]}}