{"id":651,"date":"2020-11-06T12:45:35","date_gmt":"2020-11-06T11:45:35","guid":{"rendered":"https:\/\/www.luczniczka.com\/sklep\/?post_type=product&#038;p=651"},"modified":"2026-03-23T20:20:03","modified_gmt":"2026-03-23T19:20:03","slug":"easter-eggs-jajka-z-nadzieniem-alkoholowym-orange-liqueur-225-kg","status":"publish","type":"product","link":"https:\/\/www.luczniczka.com\/sklep\/produkt\/easter-eggs-jajka-z-nadzieniem-alkoholowym-orange-liqueur-225-kg\/","title":{"rendered":"Easter eggs jajka z nadzieniem alkoholowym Orange Liqueur 2,25 kg"},"content":{"rendered":"<p><strong>Sk\u0142adniki:<\/strong> czekolada mleczna couverture 50% (cukier; t\u0142uszcz kakaowy; mleko pe\u0142ne w proszku; miazga kakaowa; serwatka w proszku (z mleka); t\u0142uszcz mleczny; emulgator: lecytyny (z soi); naturalny aromat waniliowy); nadzienie 50% (\u015bmietanka; emulgator: E 471; substancja zag\u0119szczaj\u0105ca: karagen; regulator kwasowo\u015bci: cytrynian sodu; alkohol etylowy 13%; substancja utrzymuj\u0105ca wilgo\u0107: gliceryna; naturalny aromat pomara\u0144czowy).<\/p>\n<p>Czekolada mleczna couverture: zawarto\u015b\u0107 masy kakaowej minimum 33%<\/p>\n<p><strong>Produkt mo\u017ce zawiera\u0107 tak\u017ce:<\/strong> orzechy, orzeszki ziemne oraz jaja<\/p>\n","protected":false},"excerpt":{"rendered":"<p>Nasze bestsellerowe praliny alkoholowe o smaku Orange Liqueur w zupe\u0142nie nowej ods\u0142onie, czyli\u00a0 w kszta\u0142cie wielkanocnych jajeczek.<\/p>\n<p>Jajeczka wykonane s\u0105 z czekolady mlecznej couverture 33% masy kakaowej wype\u0142nione kremowym nadzieniem na bazie likieru pomara\u0144czowego.<\/p>\n<p>Mleczna czekolada oraz likier pomara\u0144czowy to oryginalne po\u0142\u0105czenie, kt\u00f3re swoim smakiem mo\u017ce zachwyci\u0107 niejedn\u0105 osob\u0119. Wyrazisty smak praliny na my\u015bl przywodzi dojrzewaj\u0105ce, soczyste pomara\u0144cze z lekkim alkoholowym twistem.<\/p>\n<p>Wi\u0119ksze opakowanie zawiera 2,25 kg jajeczek.<\/p>\n","protected":false},"featured_media":8504,"template":"","meta":{"inline_featured_image":false},"product_brand":[],"product_cat":[23],"product_tag":[],"class_list":{"0":"post-651","1":"product","2":"type-product","3":"status-publish","4":"has-post-thumbnail","6":"product_cat-wyroby-wielkanocne","7":"description-off","9":"first","10":"instock","11":"taxable","12":"shipping-taxable","13":"purchasable","14":"product-type-simple"},"aioseo_notices":[],"_links":{"self":[{"href":"https:\/\/www.luczniczka.com\/sklep\/wp-json\/wp\/v2\/product\/651","targetHints":{"allow":["GET"]}}],"collection":[{"href":"https:\/\/www.luczniczka.com\/sklep\/wp-json\/wp\/v2\/product"}],"about":[{"href":"https:\/\/www.luczniczka.com\/sklep\/wp-json\/wp\/v2\/types\/product"}],"wp:featuredmedia":[{"embeddable":true,"href":"https:\/\/www.luczniczka.com\/sklep\/wp-json\/wp\/v2\/media\/8504"}],"wp:attachment":[{"href":"https:\/\/www.luczniczka.com\/sklep\/wp-json\/wp\/v2\/media?parent=651"}],"wp:term":[{"taxonomy":"product_brand","embeddable":true,"href":"https:\/\/www.luczniczka.com\/sklep\/wp-json\/wp\/v2\/product_brand?post=651"},{"taxonomy":"product_cat","embeddable":true,"href":"https:\/\/www.luczniczka.com\/sklep\/wp-json\/wp\/v2\/product_cat?post=651"},{"taxonomy":"product_tag","embeddable":true,"href":"https:\/\/www.luczniczka.com\/sklep\/wp-json\/wp\/v2\/product_tag?post=651"}],"curies":[{"name":"wp","href":"https:\/\/api.w.org\/{rel}","templated":true}]}}