{"id":650,"date":"2020-11-06T12:42:39","date_gmt":"2020-11-06T11:42:39","guid":{"rendered":"https:\/\/www.luczniczka.com\/sklep\/?post_type=product&#038;p=650"},"modified":"2026-03-23T20:18:51","modified_gmt":"2026-03-23T19:18:51","slug":"easter-eggs-jajka-z-nadzieniem-alkoholowym-irish-cream-225-kg","status":"publish","type":"product","link":"https:\/\/www.luczniczka.com\/sklep\/produkt\/easter-eggs-jajka-z-nadzieniem-alkoholowym-irish-cream-225-kg\/","title":{"rendered":"Easter eggs jajka z nadzieniem alkoholowym Irish Cream 2,25 kg"},"content":{"rendered":"<p><strong>Sk\u0142adniki:<\/strong> czekolada mleczna couverture 50% (cukier; t\u0142uszcz kakaowy; mleko pe\u0142ne w proszku; miazga kakaowa; serwatka w proszku (z mleka); t\u0142uszcz mleczny; emulgator: lecytyny (z soi); naturalny aromat waniliowy); nadzienie 50% (\u015bmietanka; emulgator: E 471; substancja zag\u0119szczaj\u0105ca: karagen; regulator kwasowo\u015bci: cytrynian sodu; alkohol etylowy 13%; syrop glukozowy; whisky 2%; substancja utrzymuj\u0105ca wilgo\u0107: syrop sorbitolowy).<\/p>\n<p>Czekolada mleczna couverture: zawarto\u015b\u0107 masy kakaowej minimum 33%<\/p>\n<p><strong>Produkt mo\u017ce zawiera\u0107 tak\u017ce:<\/strong> orzechy, orzeszki ziemne oraz jaja<\/p>\n","protected":false},"excerpt":{"rendered":"<p>Nasze bestsellerowe praliny alkoholowe o smaku Irish Cream w zupe\u0142nie nowej ods\u0142onie, czyli w kszta\u0142cie wielkanocnych jajeczek.<\/p>\n<p>Wielkanocne jajka wyprodukowane s\u0105 z czekolady mlecznej couverture 33% masy kakaowej, wype\u0142nione po brzegi przepysznym Irish Cream.<\/p>\n<p>Krem irlandzki to po\u0142\u0105czenie oryginalnej irlandzkiej wysokogatunkowej whisky oraz s\u0142odkiej \u015bmietanki, dzi\u0119ki czemu powstaje g\u0142adka emulsja, kt\u00f3ra mo\u017ce zosta\u0107 u\u017cyta jako smaczne nadzienie do czekoladowych jajeczek.<\/p>\n<p>S\u0142odycz czekolady mlecznej prze\u0142amuje wyczuwalna nuta whisky, kt\u00f3ra dzi\u0119ki swojej intensywno\u015bci nadaje pralince charakterystyczny pyszny smak.<\/p>\n<p>Wi\u0119ksze opakowanie zawiera 2,25 kg czekoladowych jajeczek wielkanocnych.<\/p>\n","protected":false},"featured_media":548,"template":"","meta":{"inline_featured_image":false},"product_brand":[],"product_cat":[23],"product_tag":[],"class_list":{"0":"post-650","1":"product","2":"type-product","3":"status-publish","4":"has-post-thumbnail","6":"product_cat-wyroby-wielkanocne","7":"description-off","9":"first","10":"outofstock","11":"taxable","12":"shipping-taxable","13":"purchasable","14":"product-type-simple"},"aioseo_notices":[],"_links":{"self":[{"href":"https:\/\/www.luczniczka.com\/sklep\/wp-json\/wp\/v2\/product\/650","targetHints":{"allow":["GET"]}}],"collection":[{"href":"https:\/\/www.luczniczka.com\/sklep\/wp-json\/wp\/v2\/product"}],"about":[{"href":"https:\/\/www.luczniczka.com\/sklep\/wp-json\/wp\/v2\/types\/product"}],"wp:featuredmedia":[{"embeddable":true,"href":"https:\/\/www.luczniczka.com\/sklep\/wp-json\/wp\/v2\/media\/548"}],"wp:attachment":[{"href":"https:\/\/www.luczniczka.com\/sklep\/wp-json\/wp\/v2\/media?parent=650"}],"wp:term":[{"taxonomy":"product_brand","embeddable":true,"href":"https:\/\/www.luczniczka.com\/sklep\/wp-json\/wp\/v2\/product_brand?post=650"},{"taxonomy":"product_cat","embeddable":true,"href":"https:\/\/www.luczniczka.com\/sklep\/wp-json\/wp\/v2\/product_cat?post=650"},{"taxonomy":"product_tag","embeddable":true,"href":"https:\/\/www.luczniczka.com\/sklep\/wp-json\/wp\/v2\/product_tag?post=650"}],"curies":[{"name":"wp","href":"https:\/\/api.w.org\/{rel}","templated":true}]}}