{"id":644,"date":"2020-11-06T10:53:53","date_gmt":"2020-11-06T09:53:53","guid":{"rendered":"https:\/\/www.luczniczka.com\/sklep\/?post_type=product&#038;p=644"},"modified":"2026-02-25T11:01:20","modified_gmt":"2026-02-25T10:01:20","slug":"balwanki-z-czekolady-mlecznej-nadziewane-kremem-kakaowym-144-g-z-lyzeczkami","status":"publish","type":"product","link":"https:\/\/www.luczniczka.com\/sklep\/produkt\/balwanki-z-czekolady-mlecznej-nadziewane-kremem-kakaowym-144-g-z-lyzeczkami\/","title":{"rendered":"Ba\u0142wanki z czekolady mlecznej  nadziewane kremem kakaowym 144 g z \u0142y\u017ceczkami"},"content":{"rendered":"<p><strong>Sk\u0142adniki:<\/strong> czekolada mleczna 56% (cukier; t\u0142uszcz kakaowy; <strong>mleko<\/strong> pe\u0142ne w proszku; miazga kakaowa; serwatka w proszku (z <strong>mleka<\/strong>); t\u0142uszcz <strong>mleczny<\/strong>; emulgator: lecytyny (z <strong>soi<\/strong>); naturalny aromat waniliowy; nadzienie kakaowe 44% (cukier; t\u0142uszcze i oleje ro\u015blinne (shea, rzepakowy) w zmiennych proporcjach; kakao w proszku o obni\u017conej zawarto\u015bci t\u0142uszczu 15%;\u00a0 laktoza (z <strong>mleka)<\/strong>; emulgator: lecytyny; aromaty)<\/p>\n<p><strong>Produkt mo\u017ce zawiera\u0107 tak\u017ce:<\/strong> <strong>orzechy, orzeszki ziemne, gluten oraz jaja<\/strong><\/p>\n","protected":false},"excerpt":{"rendered":"<p>Przepyszne figurki w kszta\u0142cie ba\u0142wank\u00f3w z czekolady mlecznej nadziewane delikatnym, napowietrzonym kremem kakaowym.<\/p>\n<p>Czekoladowe ba\u0142wanki zachwycaj\u0105 swoim kakaowym smakiem. Idealnie nadaj\u0105 si\u0119 jako s\u0142odka przek\u0105ska do kawy, herbaty, kakao czy ciep\u0142ego mleka. U\u017cyta do produkcji czekoladowych figurek czekolada mleczna wraz z kakaowym nadzieniem rozp\u0142ywa si\u0119 w ustach, pozostawiaj\u0105c sw\u00f3j smak oraz aromat na d\u0142ugo w pami\u0119ci.<\/p>\n<p>Wraz z figurkami do zestawu do\u0142\u0105czone zosta\u0142y 2 \u0142y\u017ceczki. Opakowanie zawiera 144 g czekoladowych figurek.<\/p>\n","protected":false},"featured_media":13859,"template":"","meta":{"inline_featured_image":false},"product_brand":[],"product_cat":[22],"product_tag":[],"class_list":{"0":"post-644","1":"product","2":"type-product","3":"status-publish","4":"has-post-thumbnail","6":"product_cat-wyroby-bozonarodzeniowe","7":"description-off","9":"first","10":"outofstock","11":"taxable","12":"shipping-taxable","13":"purchasable","14":"product-type-simple"},"aioseo_notices":[],"_links":{"self":[{"href":"https:\/\/www.luczniczka.com\/sklep\/wp-json\/wp\/v2\/product\/644","targetHints":{"allow":["GET"]}}],"collection":[{"href":"https:\/\/www.luczniczka.com\/sklep\/wp-json\/wp\/v2\/product"}],"about":[{"href":"https:\/\/www.luczniczka.com\/sklep\/wp-json\/wp\/v2\/types\/product"}],"wp:featuredmedia":[{"embeddable":true,"href":"https:\/\/www.luczniczka.com\/sklep\/wp-json\/wp\/v2\/media\/13859"}],"wp:attachment":[{"href":"https:\/\/www.luczniczka.com\/sklep\/wp-json\/wp\/v2\/media?parent=644"}],"wp:term":[{"taxonomy":"product_brand","embeddable":true,"href":"https:\/\/www.luczniczka.com\/sklep\/wp-json\/wp\/v2\/product_brand?post=644"},{"taxonomy":"product_cat","embeddable":true,"href":"https:\/\/www.luczniczka.com\/sklep\/wp-json\/wp\/v2\/product_cat?post=644"},{"taxonomy":"product_tag","embeddable":true,"href":"https:\/\/www.luczniczka.com\/sklep\/wp-json\/wp\/v2\/product_tag?post=644"}],"curies":[{"name":"wp","href":"https:\/\/api.w.org\/{rel}","templated":true}]}}