{"id":589,"date":"2020-11-04T15:25:11","date_gmt":"2020-11-04T14:25:11","guid":{"rendered":"https:\/\/www.luczniczka.com\/sklep\/?post_type=product&#038;p=589"},"modified":"2026-02-25T10:59:55","modified_gmt":"2026-02-25T09:59:55","slug":"mini-snowballs-cocoa-110-g","status":"publish","type":"product","link":"https:\/\/www.luczniczka.com\/sklep\/produkt\/mini-snowballs-cocoa-110-g\/","title":{"rendered":"Mini Snowballs Cocoa 110 g"},"content":{"rendered":"<p><strong>Sk\u0142adniki:<\/strong> czekolada mleczna 50% (cukier; t\u0142uszcz kakaowy; <strong>mleko<\/strong> pe\u0142ne w proszku; miazga kakaowa; serwatka w proszku (z <strong>mleka<\/strong>); t\u0142uszcz <strong>mleczny<\/strong>; emulgator: lecytyny (z <strong>soi<\/strong>); naturalny aromat waniliowy); nadzienie kakaowe 50% (cukier; t\u0142uszcze ro\u015blinne (shea, rzepakowy) w zmiennych proporcjach; kakao w proszku o obni\u017conej zawarto\u015bci t\u0142uszczu 15%; laktoza (z <strong>mleka<\/strong>); emulgator: lecytyny; aromaty).<\/p>\n<p>Czekolada mleczna: zawarto\u015b\u0107 masy kakaowej minimum 33%<\/p>\n<p><strong>Produkt mo\u017ce zawiera\u0107 tak\u017ce:<\/strong> <strong>orzechy, orzeszki ziemne, gluten oraz jaja<\/strong><\/p>\n","protected":false},"excerpt":{"rendered":"<p>Przepyszne kuleczki z czekolady mlecznej couverture 33% masy kakaowej wype\u0142nione delikatnym kakaowym kremem.<\/p>\n<p>Czekoladowe kulki zachwycaj\u0105 swoim kakaowym smakiem. Idealnie nadaj\u0105 si\u0119 jako s\u0142odka przek\u0105ska do kawy, herbaty, kakao czy ciep\u0142ego mleka. U\u017cyta do produkcji czekoladowych kulek zimowych czekolada mleczna wraz z kakaowym nadzieniem rozp\u0142ywa si\u0119 w ustach, pozostawiaj\u0105c sw\u00f3j smak oraz aromat na d\u0142ugo w pami\u0119ci.<\/p>\n<p>Zimowe opakowanie zawiera 110 g czekoladowych kulek.<\/p>\n","protected":false},"featured_media":527,"template":"","meta":{"inline_featured_image":false},"product_brand":[],"product_cat":[22],"product_tag":[],"class_list":{"0":"post-589","1":"product","2":"type-product","3":"status-publish","4":"has-post-thumbnail","6":"product_cat-wyroby-bozonarodzeniowe","7":"description-off","9":"first","10":"outofstock","11":"taxable","12":"shipping-taxable","13":"purchasable","14":"product-type-simple"},"aioseo_notices":[],"_links":{"self":[{"href":"https:\/\/www.luczniczka.com\/sklep\/wp-json\/wp\/v2\/product\/589","targetHints":{"allow":["GET"]}}],"collection":[{"href":"https:\/\/www.luczniczka.com\/sklep\/wp-json\/wp\/v2\/product"}],"about":[{"href":"https:\/\/www.luczniczka.com\/sklep\/wp-json\/wp\/v2\/types\/product"}],"wp:featuredmedia":[{"embeddable":true,"href":"https:\/\/www.luczniczka.com\/sklep\/wp-json\/wp\/v2\/media\/527"}],"wp:attachment":[{"href":"https:\/\/www.luczniczka.com\/sklep\/wp-json\/wp\/v2\/media?parent=589"}],"wp:term":[{"taxonomy":"product_brand","embeddable":true,"href":"https:\/\/www.luczniczka.com\/sklep\/wp-json\/wp\/v2\/product_brand?post=589"},{"taxonomy":"product_cat","embeddable":true,"href":"https:\/\/www.luczniczka.com\/sklep\/wp-json\/wp\/v2\/product_cat?post=589"},{"taxonomy":"product_tag","embeddable":true,"href":"https:\/\/www.luczniczka.com\/sklep\/wp-json\/wp\/v2\/product_tag?post=589"}],"curies":[{"name":"wp","href":"https:\/\/api.w.org\/{rel}","templated":true}]}}