{"id":587,"date":"2020-11-04T14:44:17","date_gmt":"2020-11-04T13:44:17","guid":{"rendered":"https:\/\/www.luczniczka.com\/sklep\/?post_type=product&#038;p=587"},"modified":"2026-02-25T10:34:16","modified_gmt":"2026-02-25T09:34:16","slug":"wielkanocna-recznie-zdobiona-czekolada-mleczna-z-motywem-clauna-oraz-z-lentilkami-100-g-kopia","status":"publish","type":"product","link":"https:\/\/www.luczniczka.com\/sklep\/produkt\/wielkanocna-recznie-zdobiona-czekolada-mleczna-z-motywem-clauna-oraz-z-lentilkami-100-g-kopia\/","title":{"rendered":"R\u0119cznie zdobiona czekolada mleczna z motywem Clauna oraz z lentilkami 100g"},"content":{"rendered":"<p><strong>Sk\u0142adniki:<\/strong>czekolada mleczna 81% (cukier; t\u0142uszcz kakaowy; mleko pe\u0142ne w proszku; miazga kakaowa; serwatka w proszku (z mleka); t\u0142uszcz mleczny; emulgator: lecytyny (z soi); naturalny aromat waniliowy); figurka z czekolady mlecznej 15% (cukier; t\u0142uszcz kakaowy; mleko pe\u0142ne w proszku; miazga kakaowa; serwatka w proszku (z mleka); emulgator: lecytyny (z soi); barwniki: E 120 kwas karminowy, E 160 e, E 100; naturalny aromat waniliowy; przyprawy); dra\u017ce z czekolady mlecznej w otoczce cukrowej 4% (cukier; miazga kakaowa; t\u0142uszcz kakaowy; mleko pe\u0142ne w proszku; skrobia; emulgator: lecytyny; substancje glazuruj\u0105ce: guma arabska, wosk carnauba, wosk pszczeli, koncentraty z sok\u00f3w: winogron, rzodkiewki, czarnej porzeczki, cytryny, buraka czerwonego; ekstrakty:\u00a0 z carthamusa, ze s\u0142odu j\u0119czmiennego; koncentrat z alg)<\/p>\n<p>Czekolada mleczna: zawarto\u015b\u0107 masy kakaowej minimum 33%.<\/p>\n<p><strong>Produkt mo\u017ce zawiera\u0107 tak\u017ce:<\/strong> <strong>orzeszki ziemne, inne orzechy oraz jaja<\/strong><\/p>\n","protected":false},"excerpt":{"rendered":"<p>R\u0119cznie zdobiona czekolada mleczna, kt\u00f3ra z wierzchu przyozdobiona jest lentilkami, czyli dra\u017cami z czekolady mlecznej w otoczce cukrowej oraz czekoladow\u0105 figurk\u0105 Clauna.<\/p>\n<p>Kolorowe lentilki oraz figurka Clauna wraz z barwnym designem opakowania bez w\u0105tpienia przyci\u0105gaj\u0105 uwag\u0119 dzieci, jak i doros\u0142ych.<\/p>\n<p>Opakowanie skrywa 100 g czekolady mlecznej.<\/p>\n","protected":false},"featured_media":588,"template":"","meta":{"inline_featured_image":false},"product_brand":[],"product_cat":[20],"product_tag":[],"class_list":{"0":"post-587","1":"product","2":"type-product","3":"status-publish","4":"has-post-thumbnail","6":"product_cat-tabliczki-czekolady","7":"description-off","9":"first","10":"outofstock","11":"taxable","12":"shipping-taxable","13":"purchasable","14":"product-type-simple"},"aioseo_notices":[],"_links":{"self":[{"href":"https:\/\/www.luczniczka.com\/sklep\/wp-json\/wp\/v2\/product\/587","targetHints":{"allow":["GET"]}}],"collection":[{"href":"https:\/\/www.luczniczka.com\/sklep\/wp-json\/wp\/v2\/product"}],"about":[{"href":"https:\/\/www.luczniczka.com\/sklep\/wp-json\/wp\/v2\/types\/product"}],"wp:featuredmedia":[{"embeddable":true,"href":"https:\/\/www.luczniczka.com\/sklep\/wp-json\/wp\/v2\/media\/588"}],"wp:attachment":[{"href":"https:\/\/www.luczniczka.com\/sklep\/wp-json\/wp\/v2\/media?parent=587"}],"wp:term":[{"taxonomy":"product_brand","embeddable":true,"href":"https:\/\/www.luczniczka.com\/sklep\/wp-json\/wp\/v2\/product_brand?post=587"},{"taxonomy":"product_cat","embeddable":true,"href":"https:\/\/www.luczniczka.com\/sklep\/wp-json\/wp\/v2\/product_cat?post=587"},{"taxonomy":"product_tag","embeddable":true,"href":"https:\/\/www.luczniczka.com\/sklep\/wp-json\/wp\/v2\/product_tag?post=587"}],"curies":[{"name":"wp","href":"https:\/\/api.w.org\/{rel}","templated":true}]}}