{"id":584,"date":"2020-11-04T12:44:31","date_gmt":"2020-11-04T11:44:31","guid":{"rendered":"https:\/\/www.luczniczka.com\/sklep\/?post_type=product&#038;p=584"},"modified":"2026-03-25T07:27:49","modified_gmt":"2026-03-25T06:27:49","slug":"czekolada-mleczna-z-motywem-zajac-oraz-drazami-100-g-kopia","status":"publish","type":"product","link":"https:\/\/www.luczniczka.com\/sklep\/produkt\/czekolada-mleczna-z-motywem-zajac-oraz-drazami-100-g-kopia\/","title":{"rendered":"Czekolada mleczna z figurk\u0105 zaj\u0105ca oraz z dra\u017cami czekoladowymi 100 g &#8211; zdobiona r\u0119cznie."},"content":{"rendered":"<p>Sk\u0142adniki:\u00a0cukier; t\u0142uszcz kakaowy; <strong>mleko<\/strong> pe\u0142ne w proszku; miazga kakaowa; serwatka w proszku (z <strong>mleka<\/strong>); t\u0142uszcz <strong>mleczny<\/strong>; emulgatory: lecytyny (z <strong>soi<\/strong>), lecytyny; skrobia; substancje glazuruj\u0105ce: guma arabska, wosk carnauba, wosk pszczeli, barwniki: E 100, niebieska spirulina, E 160 e; koncentraty z sok\u00f3w: winogron, rzodkiewki, czarnej porzeczki, cytryny, buraka czerwonego; ekstrakty: z carthamusa, ze s\u0142odu <strong>j\u0119czmiennego<\/strong>; koncentrat z alg naturalny aromat waniliowy.<\/p>\n<p><strong>Produkt mo\u017ce zawiera\u0107 tak\u017ce: orzeszki ziemne, orzechy, pszenic\u0119 oraz jaja.<\/strong><\/p>\n<table style=\"height: 302px;\" width=\"308\">\n<tbody>\n<tr>\n<td width=\"179\"><strong>Warto\u015b\u0107 od\u017cywcza<\/strong><\/td>\n<td width=\"180\">\u00a0 <strong>\u00a0 w 100 g produktu<\/strong><\/td>\n<\/tr>\n<tr>\n<td width=\"179\">Warto\u015b\u0107 energetyczna (kJ\/ kcal)<\/td>\n<td width=\"180\">\u00a0 \u00a0 \u00a0 \u00a0 2256\/ 539<\/td>\n<\/tr>\n<tr>\n<td width=\"179\">T\u0142uszcz [g]<\/td>\n<td width=\"180\">\u00a0 \u00a0 \u00a0 \u00a0 \u00a0 \u00a0 31<\/td>\n<\/tr>\n<tr>\n<td width=\"179\">\u00a0w tym NKT [g]<\/td>\n<td width=\"180\">\u00a0 \u00a0 \u00a0 \u00a0 \u00a0 \u00a018<\/td>\n<\/tr>\n<tr>\n<td width=\"179\">W\u0119glowodany [g]<\/td>\n<td width=\"180\">\u00a0 \u00a0 \u00a0 \u00a0 \u00a0 \u00a057<\/td>\n<\/tr>\n<tr>\n<td width=\"179\">\u00a0w tym cukry [g]<\/td>\n<td width=\"180\">\u00a0 \u00a0 \u00a0 \u00a0 \u00a0 \u00a056<\/td>\n<\/tr>\n<tr>\n<td width=\"179\">Bia\u0142ko [g]<\/td>\n<td width=\"180\">\u00a0 \u00a0 \u00a0 \u00a0 \u00a0 \u00a05,4<\/td>\n<\/tr>\n<tr>\n<td width=\"179\">S\u00f3l [g]<\/td>\n<td width=\"180\">\u00a0 \u00a0 \u00a0 \u00a0 \u00a0 0,24<\/td>\n<\/tr>\n<\/tbody>\n<\/table>\n<p>Czekolada mleczna: zawarto\u015b\u0107 masy kakaowej minimum 33%.<\/p>\n<p>&nbsp;<\/p>\n<p>&nbsp;<\/p>\n","protected":false},"excerpt":{"rendered":"<p><img loading=\"lazy\" decoding=\"async\" class=\"alignnone  wp-image-19803\" src=\"https:\/\/www.luczniczka.com\/sklep\/wp-content\/uploads\/2026\/01\/ChatGPT-Image-16-sty-2026-09_48_11-300x300.png\" alt=\"\" width=\"100\" height=\"100\" srcset=\"https:\/\/www.luczniczka.com\/sklep\/wp-content\/uploads\/2026\/01\/ChatGPT-Image-16-sty-2026-09_48_11-300x300.png 300w, https:\/\/www.luczniczka.com\/sklep\/wp-content\/uploads\/2026\/01\/ChatGPT-Image-16-sty-2026-09_48_11-150x150.png 150w, https:\/\/www.luczniczka.com\/sklep\/wp-content\/uploads\/2026\/01\/ChatGPT-Image-16-sty-2026-09_48_11-768x768.png 768w, https:\/\/www.luczniczka.com\/sklep\/wp-content\/uploads\/2026\/01\/ChatGPT-Image-16-sty-2026-09_48_11-600x600.png 600w, https:\/\/www.luczniczka.com\/sklep\/wp-content\/uploads\/2026\/01\/ChatGPT-Image-16-sty-2026-09_48_11-200x200.png 200w, https:\/\/www.luczniczka.com\/sklep\/wp-content\/uploads\/2026\/01\/ChatGPT-Image-16-sty-2026-09_48_11.png 1024w\" sizes=\"auto, (max-width: 100px) 100vw, 100px\" \/><\/p>\n<p>Czekolada mleczna z figurk\u0105 zaj\u0105ca oraz z dra\u017cami czekoladowymi 100 g &#8211; zdobiona r\u0119cznie.<\/p>\n<p>Czekolad\u0119 charakteryzuje wysoka jako\u015b\u0107. Produkcja wyrobu odbywa si\u0119 bowiem przy zachowaniu najwy\u017cszych mi\u0119dzynarodowych standard\u00f3w \u017cywno\u015bci.<\/p>\n<p>Masa netto 100 g.<\/p>\n<p><small>Zdj\u0119cia maj\u0105 charakter pogl\u0105dowy- kolorystyka mo\u017ce nieznacznie odbiega\u0107 od zdj\u0119\u0107 prezentowanych w ofercie.<\/small><\/p>\n<p>&nbsp;<\/p>\n","protected":false},"featured_media":13551,"template":"","meta":{"inline_featured_image":false},"product_brand":[],"product_cat":[20,23],"product_tag":[],"class_list":{"0":"post-584","1":"product","2":"type-product","3":"status-publish","4":"has-post-thumbnail","6":"product_cat-tabliczki-czekolady","7":"product_cat-wyroby-wielkanocne","8":"description-off","10":"first","11":"outofstock","12":"taxable","13":"shipping-taxable","14":"purchasable","15":"product-type-simple"},"aioseo_notices":[],"_links":{"self":[{"href":"https:\/\/www.luczniczka.com\/sklep\/wp-json\/wp\/v2\/product\/584","targetHints":{"allow":["GET"]}}],"collection":[{"href":"https:\/\/www.luczniczka.com\/sklep\/wp-json\/wp\/v2\/product"}],"about":[{"href":"https:\/\/www.luczniczka.com\/sklep\/wp-json\/wp\/v2\/types\/product"}],"wp:featuredmedia":[{"embeddable":true,"href":"https:\/\/www.luczniczka.com\/sklep\/wp-json\/wp\/v2\/media\/13551"}],"wp:attachment":[{"href":"https:\/\/www.luczniczka.com\/sklep\/wp-json\/wp\/v2\/media?parent=584"}],"wp:term":[{"taxonomy":"product_brand","embeddable":true,"href":"https:\/\/www.luczniczka.com\/sklep\/wp-json\/wp\/v2\/product_brand?post=584"},{"taxonomy":"product_cat","embeddable":true,"href":"https:\/\/www.luczniczka.com\/sklep\/wp-json\/wp\/v2\/product_cat?post=584"},{"taxonomy":"product_tag","embeddable":true,"href":"https:\/\/www.luczniczka.com\/sklep\/wp-json\/wp\/v2\/product_tag?post=584"}],"curies":[{"name":"wp","href":"https:\/\/api.w.org\/{rel}","templated":true}]}}