{"id":581,"date":"2020-11-04T11:56:52","date_gmt":"2020-11-04T10:56:52","guid":{"rendered":"https:\/\/www.luczniczka.com\/sklep\/?post_type=product&#038;p=581"},"modified":"2026-02-25T10:35:14","modified_gmt":"2026-02-25T09:35:14","slug":"czekolada-mleczna-z-kwiatkiem-oraz-drazami-czekoladowymi-100-g-kopia-2","status":"publish","type":"product","link":"https:\/\/www.luczniczka.com\/sklep\/produkt\/czekolada-mleczna-z-kwiatkiem-oraz-drazami-czekoladowymi-100-g-kopia-2\/","title":{"rendered":"Czekolada mleczna z figurk\u0105 kwiatka oraz z dra\u017cami czekoladowymi 100 g &#8211; zdobiona r\u0119cznie"},"content":{"rendered":"<p>Sk\u0142adniki: czekolada mleczna 81% (cukier; t\u0142uszcz kakaowy; mleko pe\u0142ne w proszku; miazga kakaowa; serwatka w proszku (z mleka); t\u0142uszcz mleczny; emulgator: lecytyny (z soi); naturalny aromat waniliowy); figurka z czekolady mlecznej 15% (cukier; t\u0142uszcz kakaowy; mleko pe\u0142ne w proszku; miazga kakaowa; serwatka w proszku (z mleka); emulgator: lecytyny (z soi); barwniki: E 120 kwas karminowy, E 160 e, E 100, E 141; naturalny aromat waniliowy; przyprawy); chrupki czekoladowe 4% (cukier; t\u0142uszcz kakaowy; \u015bmietanka w proszku; m\u0105ka ry\u017cowa; m\u0105ka pszenna; odt\u0142uszczone mleko w proszku; ekstrakt s\u0142odowy (z pszenicy); emulgator: lecytyny (z soi); gluten (z pszenicy); s\u00f3l; dekstroza; naturalny aromat waniliowy; koncentrat soku z buraka cukrowego; skrobia)<\/p>\n<p><strong>Produkt mo\u017ce zawiera\u0107 tak\u017ce:<\/strong> <strong>orzeszki ziemne, inne orzechy oraz jaja<\/strong><\/p>\n<table style=\"height: 309px;\" width=\"311\">\n<tbody>\n<tr>\n<td width=\"140\"><strong>Warto\u015b\u0107 od\u017cywcza<\/strong><\/td>\n<td width=\"76\"><strong>\u00a0 \u00a0 \u00a0 w 100 g<\/strong><\/td>\n<\/tr>\n<tr>\n<td width=\"140\">Warto\u015b\u0107 energetyczna (kJ\/kcal)<\/td>\n<td width=\"76\">\u00a0 \u00a0 2267\/ 544<\/td>\n<\/tr>\n<tr>\n<td width=\"140\">T\u0142uszcz [g]<\/td>\n<td width=\"76\">\u00a0 \u00a0 \u00a0 \u00a0 32<\/td>\n<\/tr>\n<tr>\n<td width=\"140\">w tym kwasy t\u0142uszczowe nasycone [g]<\/td>\n<td width=\"76\">\u00a0 \u00a0 \u00a0 \u00a0 20<\/td>\n<\/tr>\n<tr>\n<td width=\"140\">W\u0119glowodany [g]<\/td>\n<td width=\"76\">\u00a0 \u00a0 \u00a0 \u00a0 57<\/td>\n<\/tr>\n<tr>\n<td width=\"140\">w tym cukry [g]<\/td>\n<td width=\"76\">\u00a0 \u00a0 \u00a0 \u00a0 56<\/td>\n<\/tr>\n<tr>\n<td width=\"140\">Bia\u0142ko [g]<\/td>\n<td width=\"76\">\u00a0 \u00a0 \u00a0 \u00a0 5,4<\/td>\n<\/tr>\n<tr>\n<td width=\"140\">S\u00f3l [g]<\/td>\n<td width=\"76\">\u00a0 \u00a0 \u00a0 \u00a0 0,1<\/td>\n<\/tr>\n<\/tbody>\n<\/table>\n<p>Czekolada mleczna: zawarto\u015b\u0107 masy kakaowej minimum 33%.<\/p>\n","protected":false},"excerpt":{"rendered":"<p><img loading=\"lazy\" decoding=\"async\" class=\"alignnone wp-image-19803\" src=\"https:\/\/www.luczniczka.com\/sklep\/wp-content\/uploads\/2026\/01\/ChatGPT-Image-16-sty-2026-09_48_11-300x300.png\" alt=\"\" width=\"100\" height=\"100\" srcset=\"https:\/\/www.luczniczka.com\/sklep\/wp-content\/uploads\/2026\/01\/ChatGPT-Image-16-sty-2026-09_48_11-300x300.png 300w, https:\/\/www.luczniczka.com\/sklep\/wp-content\/uploads\/2026\/01\/ChatGPT-Image-16-sty-2026-09_48_11-150x150.png 150w, https:\/\/www.luczniczka.com\/sklep\/wp-content\/uploads\/2026\/01\/ChatGPT-Image-16-sty-2026-09_48_11-768x768.png 768w, https:\/\/www.luczniczka.com\/sklep\/wp-content\/uploads\/2026\/01\/ChatGPT-Image-16-sty-2026-09_48_11-600x600.png 600w, https:\/\/www.luczniczka.com\/sklep\/wp-content\/uploads\/2026\/01\/ChatGPT-Image-16-sty-2026-09_48_11-200x200.png 200w, https:\/\/www.luczniczka.com\/sklep\/wp-content\/uploads\/2026\/01\/ChatGPT-Image-16-sty-2026-09_48_11.png 1024w\" sizes=\"auto, (max-width: 100px) 100vw, 100px\" \/><\/p>\n<p>Czekolada mleczna z figurk\u0105 kwiatek oraz z dra\u017cami czekoladowymi 100 g- r\u0119cznie zdobiona.<\/p>\n<p>Czekolad\u0119 charakteryzuje wysoka jako\u015b\u0107. Produkcja wyrobu odbywa si\u0119 bowiem przy zachowaniu najwy\u017cszych mi\u0119dzynarodowych standard\u00f3w \u017cywno\u015bci.<\/p>\n<p>Masa netto 100 g.<\/p>\n<p><small>Zdj\u0119cia maj\u0105 charakter pogl\u0105dowy- kolorystyka mo\u017ce nieznacznie odbiega\u0107 od zdj\u0119\u0107 prezentowanych w ofercie.<\/small><\/p>\n<p>&nbsp;<\/p>\n<p>&nbsp;<\/p>\n","protected":false},"featured_media":13539,"template":"","meta":{"inline_featured_image":false},"product_brand":[],"product_cat":[20],"product_tag":[],"class_list":{"0":"post-581","1":"product","2":"type-product","3":"status-publish","4":"has-post-thumbnail","6":"product_cat-tabliczki-czekolady","7":"description-off","9":"first","10":"instock","11":"taxable","12":"shipping-taxable","13":"purchasable","14":"product-type-simple"},"aioseo_notices":[],"_links":{"self":[{"href":"https:\/\/www.luczniczka.com\/sklep\/wp-json\/wp\/v2\/product\/581","targetHints":{"allow":["GET"]}}],"collection":[{"href":"https:\/\/www.luczniczka.com\/sklep\/wp-json\/wp\/v2\/product"}],"about":[{"href":"https:\/\/www.luczniczka.com\/sklep\/wp-json\/wp\/v2\/types\/product"}],"wp:featuredmedia":[{"embeddable":true,"href":"https:\/\/www.luczniczka.com\/sklep\/wp-json\/wp\/v2\/media\/13539"}],"wp:attachment":[{"href":"https:\/\/www.luczniczka.com\/sklep\/wp-json\/wp\/v2\/media?parent=581"}],"wp:term":[{"taxonomy":"product_brand","embeddable":true,"href":"https:\/\/www.luczniczka.com\/sklep\/wp-json\/wp\/v2\/product_brand?post=581"},{"taxonomy":"product_cat","embeddable":true,"href":"https:\/\/www.luczniczka.com\/sklep\/wp-json\/wp\/v2\/product_cat?post=581"},{"taxonomy":"product_tag","embeddable":true,"href":"https:\/\/www.luczniczka.com\/sklep\/wp-json\/wp\/v2\/product_tag?post=581"}],"curies":[{"name":"wp","href":"https:\/\/api.w.org\/{rel}","templated":true}]}}