{"id":569,"date":"2020-11-02T15:38:02","date_gmt":"2020-11-02T14:38:02","guid":{"rendered":"https:\/\/www.luczniczka.com\/sklep\/?post_type=product&#038;p=569"},"modified":"2026-03-23T20:18:11","modified_gmt":"2026-03-23T19:18:11","slug":"easter-eggs-jajka-z-nadzieniem-alkoholowym-orange-liqueur-120-g","status":"publish","type":"product","link":"https:\/\/www.luczniczka.com\/sklep\/produkt\/easter-eggs-jajka-z-nadzieniem-alkoholowym-orange-liqueur-120-g\/","title":{"rendered":"Easter eggs jajka z nadzieniem alkoholowym Orange Liqueur 120 g"},"content":{"rendered":"<p><strong>SK\u0141ADNIKI: <\/strong>cukier;\u00a0 t\u0142uszcz kakaowy; <strong>\u015bmietanka<\/strong> UHT; <strong>mleko<\/strong> pe\u0142ne w proszku; miazga kakaowa; <strong>mleko<\/strong> UHT; alkohol 6,5%; serwatka w proszku (z <strong>mleka<\/strong>); t\u0142uszcz <strong>mleczny<\/strong>; substancja utrzymuj\u0105ca wilgo\u0107: sorbitole; emulgator: lecytyny (z <strong>soi<\/strong>); naturalny aromat waniliowy; naturalny aromat pomara\u0144czowy.<\/p>\n<p><strong>WARTO\u015a\u0106 OD\u017bYWCZA w 100 g<\/strong><\/p>\n<p>&nbsp;<\/p>\n<table width=\"359\">\n<tbody>\n<tr>\n<td width=\"179\">Warto\u015b\u0107 od\u017cywcza<\/td>\n<td width=\"180\">w 100 g produktu<\/td>\n<\/tr>\n<tr>\n<td width=\"179\">Warto\u015b\u0107 energetyczna (kJ\/ kcal)<\/td>\n<td width=\"180\">1818\/ 436<\/td>\n<\/tr>\n<tr>\n<td width=\"179\">T\u0142uszcz [g]<\/td>\n<td width=\"180\">28<\/td>\n<\/tr>\n<tr>\n<td width=\"179\">\u00a0\u00a0\u00a0\u00a0\u00a0\u00a0\u00a0\u00a0\u00a0 W tym NKT [g]<\/td>\n<td width=\"180\">17<\/td>\n<\/tr>\n<tr>\n<td width=\"179\">W\u0119glowodany [g]<\/td>\n<td width=\"180\">42<\/td>\n<\/tr>\n<tr>\n<td width=\"179\">\u00a0\u00a0\u00a0\u00a0\u00a0\u00a0\u00a0\u00a0\u00a0 W tym cukry [g]<\/td>\n<td width=\"180\">41<\/td>\n<\/tr>\n<tr>\n<td width=\"179\">Bia\u0142ko [g]<\/td>\n<td width=\"180\">4<\/td>\n<\/tr>\n<tr>\n<td width=\"179\">S\u00f3l [g]<\/td>\n<td width=\"180\">0,2<\/td>\n<\/tr>\n<\/tbody>\n<\/table>\n<p>&nbsp;<\/p>\n<p>Czekolada mleczna: zawarto\u015b\u0107 masy kakaowej minimum 33%.<br \/>\n<strong>Produkt mo\u017ce zawiera\u0107 tak\u017ce: orzeszki ziemne, orzechy,\u00a0 gluten oraz jaja.<\/strong><\/p>\n<p><strong>Produkt zawiera alkohol i nie jest rekomendowany dla dzieci i m\u0142odzie\u017cy.<\/strong><\/p>\n","protected":false},"excerpt":{"rendered":"<p>Nasze bestsellerowe praliny alkoholowe o smaku Orange Liqueur w zupe\u0142nie nowej ods\u0142onie, czyli\u00a0 w kszta\u0142cie wielkanocnych jajeczek.<\/p>\n<p>Jajeczka wykonane s\u0105 z czekolady mlecznej couverture 33% masy kakaowej wype\u0142nione kremowym nadzieniem na bazie likieru pomara\u0144czowego.<\/p>\n<p>Mleczna czekolada oraz likier pomara\u0144czowy to oryginalne po\u0142\u0105czenie, kt\u00f3re swoim smakiem mo\u017ce zachwyci\u0107 niejedn\u0105 osob\u0119. Wyrazisty smak praliny na my\u015bl przywodzi dojrzewaj\u0105ce, soczyste pomara\u0144cze z lekkim alkoholowym twistem.<\/p>\n<p>Opakowanie zawiera 120 g jajeczek.<\/p>\n","protected":false},"featured_media":8495,"template":"","meta":{"inline_featured_image":false},"product_brand":[],"product_cat":[23],"product_tag":[],"class_list":{"0":"post-569","1":"product","2":"type-product","3":"status-publish","4":"has-post-thumbnail","6":"product_cat-wyroby-wielkanocne","7":"description-off","9":"first","10":"instock","11":"taxable","12":"shipping-taxable","13":"purchasable","14":"product-type-simple"},"aioseo_notices":[],"_links":{"self":[{"href":"https:\/\/www.luczniczka.com\/sklep\/wp-json\/wp\/v2\/product\/569","targetHints":{"allow":["GET"]}}],"collection":[{"href":"https:\/\/www.luczniczka.com\/sklep\/wp-json\/wp\/v2\/product"}],"about":[{"href":"https:\/\/www.luczniczka.com\/sklep\/wp-json\/wp\/v2\/types\/product"}],"wp:featuredmedia":[{"embeddable":true,"href":"https:\/\/www.luczniczka.com\/sklep\/wp-json\/wp\/v2\/media\/8495"}],"wp:attachment":[{"href":"https:\/\/www.luczniczka.com\/sklep\/wp-json\/wp\/v2\/media?parent=569"}],"wp:term":[{"taxonomy":"product_brand","embeddable":true,"href":"https:\/\/www.luczniczka.com\/sklep\/wp-json\/wp\/v2\/product_brand?post=569"},{"taxonomy":"product_cat","embeddable":true,"href":"https:\/\/www.luczniczka.com\/sklep\/wp-json\/wp\/v2\/product_cat?post=569"},{"taxonomy":"product_tag","embeddable":true,"href":"https:\/\/www.luczniczka.com\/sklep\/wp-json\/wp\/v2\/product_tag?post=569"}],"curies":[{"name":"wp","href":"https:\/\/api.w.org\/{rel}","templated":true}]}}