{"id":563,"date":"2020-11-02T12:34:00","date_gmt":"2020-11-02T11:34:00","guid":{"rendered":"https:\/\/www.luczniczka.com\/sklep\/?post_type=product&#038;p=563"},"modified":"2026-03-23T19:49:22","modified_gmt":"2026-03-23T18:49:22","slug":"chocnstick-35-g","status":"publish","type":"product","link":"https:\/\/www.luczniczka.com\/sklep\/produkt\/chocnstick-35-g\/","title":{"rendered":"Czekolada mleczna na patyku do rozpuszczania z dodatkami (dra\u017cetkami, oraz piankami marshmallows) 35g"},"content":{"rendered":"<p><b>Sk\u0142adniki: <\/b>cukier; t\u0142uszcz kakaowy; mleko pe\u0142ne w proszku; miazga kakaowa; serwatka w proszku (z mleka); t\u0142uszcz<br \/>\nmleczny; emulgator: lecytyny (z soi); syrop glukozowo &#8211; fruktozowy; \u017celatyna; skrobia<br \/>\nkukurydziana; m\u0105ka\u00a0ryzowa; m\u0105ka pszenna; ekstrakt s\u0142odowy z pszenicy; gluten<br \/>\npszenny; dekstroza; s\u00f3l; aromaty; barwniki: E 162, E 141 ii, E 100 i, koncentrat soku<br \/>\nz buraka; regulator kwasowo\u015bci: kwas cytrynowy; substancja konserwuj\u0105ca: kwas<br \/>\nsorbinowy.<\/p>\n<p><strong> Czekolada mleczna<\/strong>: zawarto\u015b\u0107 masy kakaowej minimum 33%.<\/p>\n<p><strong>Warto\u015b\u0107 od\u017cywcza\u00a0w 100 g<\/strong>: Warto\u015b\u0107 energetyczna 2113 kJ \/ 506 kcal; T\u0142uszcz &#8211; 29 g,<br \/>\nw tym NKT &#8211; 17 g; W\u0119glowodany &#8211; 57 g, w tym cukry &#8211; 55 g; Bia\u0142ko &#8211; 4,2 g; S\u00f3l &#8211; 0,2 g.<\/p>\n<p><strong>Produkt mo\u017ce zawiera\u0107 tak\u017ce<\/strong>: <strong>orzeszki ziemne, inne orzechy oraz jaja.<\/strong><\/p>\n<p>Przechowywa\u0107 w suchym i ch\u0142odnym miejscu<\/p>\n","protected":false},"excerpt":{"rendered":"<p>Zestaw z naszej wybornej mlecznej czekolady couverture 33% masy kakaowej z dodatkiem posypki z dra\u017cy oraz mini marshmallow. Zosta\u0142 on stworzony z my\u015bl\u0105 o samodzielnym przygotowaniu gor\u0105cego napoju na bazie mleka, napoju ro\u015blinnego oraz kawy.<\/p>\n<p>Choc&#8217;n&#8217;stick jest bez w\u0105tpienia ciekawym dodatkiem, kt\u00f3ry dodany do napoju sprawia. \u017ce zyskuje on zupe\u0142nie nowego, czekoladowego smaku, a przy okazji jest \u015bwietn\u0105 atrakcj\u0105 nie tylko dla dzieci, ale r\u00f3wnie\u017c dla doros\u0142ych.<\/p>\n<p>W opakowaniu znajduje si\u0119 35 g produktu.<\/p>\n","protected":false},"featured_media":1493,"template":"","meta":{"inline_featured_image":false},"product_brand":[],"product_cat":[31],"product_tag":[],"class_list":{"0":"post-563","1":"product","2":"type-product","3":"status-publish","4":"has-post-thumbnail","6":"product_cat-pralinki-rzemieslnicze","7":"description-off","9":"first","10":"instock","11":"taxable","12":"shipping-taxable","13":"purchasable","14":"product-type-simple"},"aioseo_notices":[],"_links":{"self":[{"href":"https:\/\/www.luczniczka.com\/sklep\/wp-json\/wp\/v2\/product\/563","targetHints":{"allow":["GET"]}}],"collection":[{"href":"https:\/\/www.luczniczka.com\/sklep\/wp-json\/wp\/v2\/product"}],"about":[{"href":"https:\/\/www.luczniczka.com\/sklep\/wp-json\/wp\/v2\/types\/product"}],"wp:featuredmedia":[{"embeddable":true,"href":"https:\/\/www.luczniczka.com\/sklep\/wp-json\/wp\/v2\/media\/1493"}],"wp:attachment":[{"href":"https:\/\/www.luczniczka.com\/sklep\/wp-json\/wp\/v2\/media?parent=563"}],"wp:term":[{"taxonomy":"product_brand","embeddable":true,"href":"https:\/\/www.luczniczka.com\/sklep\/wp-json\/wp\/v2\/product_brand?post=563"},{"taxonomy":"product_cat","embeddable":true,"href":"https:\/\/www.luczniczka.com\/sklep\/wp-json\/wp\/v2\/product_cat?post=563"},{"taxonomy":"product_tag","embeddable":true,"href":"https:\/\/www.luczniczka.com\/sklep\/wp-json\/wp\/v2\/product_tag?post=563"}],"curies":[{"name":"wp","href":"https:\/\/api.w.org\/{rel}","templated":true}]}}