{"id":455,"date":"2020-09-15T21:32:59","date_gmt":"2020-09-15T19:32:59","guid":{"rendered":"https:\/\/www.luczniczka.com\/sklep\/?post_type=product&#038;p=455"},"modified":"2022-05-24T15:16:24","modified_gmt":"2022-05-24T13:16:24","slug":"art-egg-160-g","status":"publish","type":"product","link":"https:\/\/www.luczniczka.com\/sklep\/produkt\/art-egg-160-g\/","title":{"rendered":"Art Egg 160 g, jajka z czekolady mlecznej nadziewane kremem mlecznym oraz waniliowym"},"content":{"rendered":"<p><strong>Sk\u0142adniki<\/strong>: czekolada mleczna 50% (cukier; t\u0142uszcz kakaowy; <strong>mleko<\/strong> pe\u0142ne w proszku; miazga kakaowa; serwatka w proszku (z <strong>mleka<\/strong>); odwodniony t\u0142uszcz <strong>mleczny<\/strong>; emulgator: lecytyny (<strong>z soi<\/strong>); aromat: wanilina; emulgator: E 476); nadzienie 50% (t\u0142uszcz ro\u015blinny (olej palmowy, s\u0142onecznikowy; rzepakowy) w r\u00f3\u017cnych proporcjach; cukier; odt\u0142uszczone <strong>mleko<\/strong> w proszku; laktoza (z <strong>mleka<\/strong>); proszek kakaowy o obni\u017conej zawarto\u015bci t\u0142uszczu; emulgator: lecytyny (<strong>z soi<\/strong>); naturalny aromat waniliowy; barwnik: ekstrakt z krokosza barwie\u0144skiego)<\/p>\n<p>Czekolada mleczna: masa kakaowa minimum 33%, masa mleczna minimum 15%.<\/p>\n<p><strong>Mo\u017ce zawiera\u0107 orzechy: laskowe, w\u0142oskie, ziemne, pistacje, migda\u0142y oraz sk\u0142adniki \u0142ubinu.<\/strong><\/p>\n<p>&nbsp;<\/p>\n","protected":false},"excerpt":{"rendered":"<p>Bombonierka w kszta\u0142cie jaja z jajkami z czekolady mlecznej nadziewanymi kremem mlecznym oraz kremem o smaku waniliowym. Ca\u0142o\u015b\u0107 w radosnym opakowaniu, kt\u00f3re dzieci mog\u0105 samodzielnie pokolorowa\u0107. Wspania\u0142a zabawa dla dziewczynek i ch\u0142opc\u00f3w!<\/p>\n","protected":false},"featured_media":445,"template":"","meta":{"inline_featured_image":false},"product_brand":[],"product_cat":[23],"product_tag":[],"class_list":{"0":"post-455","1":"product","2":"type-product","3":"status-publish","4":"has-post-thumbnail","6":"product_cat-wyroby-wielkanocne","7":"description-off","9":"first","10":"outofstock","11":"taxable","12":"shipping-taxable","13":"purchasable","14":"product-type-simple"},"aioseo_notices":[],"_links":{"self":[{"href":"https:\/\/www.luczniczka.com\/sklep\/wp-json\/wp\/v2\/product\/455","targetHints":{"allow":["GET"]}}],"collection":[{"href":"https:\/\/www.luczniczka.com\/sklep\/wp-json\/wp\/v2\/product"}],"about":[{"href":"https:\/\/www.luczniczka.com\/sklep\/wp-json\/wp\/v2\/types\/product"}],"wp:featuredmedia":[{"embeddable":true,"href":"https:\/\/www.luczniczka.com\/sklep\/wp-json\/wp\/v2\/media\/445"}],"wp:attachment":[{"href":"https:\/\/www.luczniczka.com\/sklep\/wp-json\/wp\/v2\/media?parent=455"}],"wp:term":[{"taxonomy":"product_brand","embeddable":true,"href":"https:\/\/www.luczniczka.com\/sklep\/wp-json\/wp\/v2\/product_brand?post=455"},{"taxonomy":"product_cat","embeddable":true,"href":"https:\/\/www.luczniczka.com\/sklep\/wp-json\/wp\/v2\/product_cat?post=455"},{"taxonomy":"product_tag","embeddable":true,"href":"https:\/\/www.luczniczka.com\/sklep\/wp-json\/wp\/v2\/product_tag?post=455"}],"curies":[{"name":"wp","href":"https:\/\/api.w.org\/{rel}","templated":true}]}}