{"id":439,"date":"2020-09-14T20:52:54","date_gmt":"2020-09-14T18:52:54","guid":{"rendered":"https:\/\/www.luczniczka.com\/sklep\/?post_type=product&#038;p=439"},"modified":"2026-03-10T12:06:20","modified_gmt":"2026-03-10T11:06:20","slug":"easter-eggs-jajka-z-nadzieniem-alkoholowym-irish-cream-120g","status":"publish","type":"product","link":"https:\/\/www.luczniczka.com\/sklep\/produkt\/easter-eggs-jajka-z-nadzieniem-alkoholowym-irish-cream-120g\/","title":{"rendered":"Easter eggs jajka z nadzieniem alkoholowym Irish Cream 120g"},"content":{"rendered":"<p><strong>SK\u0141ADNIKI: <\/strong>cukier; <strong>\u015bmietanka<\/strong> UHT; t\u0142uszcz kakaowy; <strong>mleko<\/strong> pe\u0142ne w proszku; miazga kakaowa; <strong>mleko<\/strong> UHT; alkohol 6,5%;serwatka w proszku (z <strong>mleka<\/strong>); whiskey 1%; substancja utrzymuj\u0105ca wilgo\u0107: sorbitole; t\u0142uszcz <strong>mleczny<\/strong>; emulgator: lecytyny (z <strong>soi<\/strong>); naturalny aromat waniliowy.<\/p>\n<p><strong>WARTO\u015a\u0106 OD\u017bYWCZA w 100 g<\/strong><\/p>\n<p>&nbsp;<\/p>\n<table width=\"359\">\n<tbody>\n<tr>\n<td width=\"179\">Warto\u015b\u0107 od\u017cywcza<\/td>\n<td width=\"180\">w 100 g produktu<\/td>\n<\/tr>\n<tr>\n<td width=\"179\">Warto\u015b\u0107 energetyczna (kJ\/ kcal)<\/td>\n<td width=\"180\">1719\/ 412<\/td>\n<\/tr>\n<tr>\n<td width=\"179\">T\u0142uszcz [g]<\/td>\n<td width=\"180\">25<\/td>\n<\/tr>\n<tr>\n<td width=\"179\">\u00a0\u00a0\u00a0\u00a0\u00a0\u00a0\u00a0\u00a0\u00a0 W tym NKT [g]<\/td>\n<td width=\"180\">16<\/td>\n<\/tr>\n<tr>\n<td width=\"179\">W\u0119glowodany [g]<\/td>\n<td width=\"180\">43<\/td>\n<\/tr>\n<tr>\n<td width=\"179\">\u00a0\u00a0\u00a0\u00a0\u00a0\u00a0\u00a0\u00a0\u00a0 W tym cukry [g]<\/td>\n<td width=\"180\">39<\/td>\n<\/tr>\n<tr>\n<td width=\"179\">Bia\u0142ko [g]<\/td>\n<td width=\"180\">3,7<\/td>\n<\/tr>\n<tr>\n<td width=\"179\">S\u00f3l [g]<\/td>\n<td width=\"180\">0,2<\/td>\n<\/tr>\n<\/tbody>\n<\/table>\n<p>Czekolada mleczna: zawarto\u015b\u0107 masy kakaowej minimum 33%.<br \/>\n<strong>Produkt mo\u017ce zawiera\u0107 tak\u017ce: orzeszki ziemne, orzechy,\u00a0 gluten oraz jaja.<\/strong><\/p>\n<p><strong>Produkt zawiera alkohol i nie jest rekomendowany dla dzieci i m\u0142odzie\u017cy.<\/strong><\/p>\n","protected":false},"excerpt":{"rendered":"<p>Nasze bestsellerowe praliny alkoholowe o smaku Irish Cream w zupe\u0142nie nowej ods\u0142onie, czyli\u00a0 w kszta\u0142cie wielkanocnych jajeczek.<\/p>\n<p>Wielkanocne jajka wyprodukowane s\u0105 z czekolady mlecznej couverture 33% masy kakaowej, wype\u0142nione po brzegi przepysznym Irish Cream.<\/p>\n<p>Krem irlandzki to po\u0142\u0105czenie oryginalnej irlandzkiej wysokogatunkowej whisky oraz s\u0142odkiej \u015bmietanki, dzi\u0119ki czemu powstaje g\u0142adka emulsja, kt\u00f3ra mo\u017ce zosta\u0107 u\u017cyta jako smaczne nadzienie do czekoladowych jajeczek.<\/p>\n<p>S\u0142odycz czekolady mlecznej prze\u0142amuje wyczuwalna nuta whisky, kt\u00f3ra dzi\u0119ki swojej intensywno\u015bci nadaje pralince charakterystyczny pyszny smak.<\/p>\n<p>Opakowanie zawiera 120 g czekoladowych jajeczek wielkanocnych.<\/p>\n","protected":false},"featured_media":94,"template":"","meta":{"inline_featured_image":false},"product_brand":[],"product_cat":[23],"product_tag":[],"class_list":{"0":"post-439","1":"product","2":"type-product","3":"status-publish","4":"has-post-thumbnail","6":"product_cat-wyroby-wielkanocne","7":"description-off","9":"first","10":"instock","11":"taxable","12":"shipping-taxable","13":"purchasable","14":"product-type-simple"},"aioseo_notices":[],"_links":{"self":[{"href":"https:\/\/www.luczniczka.com\/sklep\/wp-json\/wp\/v2\/product\/439","targetHints":{"allow":["GET"]}}],"collection":[{"href":"https:\/\/www.luczniczka.com\/sklep\/wp-json\/wp\/v2\/product"}],"about":[{"href":"https:\/\/www.luczniczka.com\/sklep\/wp-json\/wp\/v2\/types\/product"}],"wp:featuredmedia":[{"embeddable":true,"href":"https:\/\/www.luczniczka.com\/sklep\/wp-json\/wp\/v2\/media\/94"}],"wp:attachment":[{"href":"https:\/\/www.luczniczka.com\/sklep\/wp-json\/wp\/v2\/media?parent=439"}],"wp:term":[{"taxonomy":"product_brand","embeddable":true,"href":"https:\/\/www.luczniczka.com\/sklep\/wp-json\/wp\/v2\/product_brand?post=439"},{"taxonomy":"product_cat","embeddable":true,"href":"https:\/\/www.luczniczka.com\/sklep\/wp-json\/wp\/v2\/product_cat?post=439"},{"taxonomy":"product_tag","embeddable":true,"href":"https:\/\/www.luczniczka.com\/sklep\/wp-json\/wp\/v2\/product_tag?post=439"}],"curies":[{"name":"wp","href":"https:\/\/api.w.org\/{rel}","templated":true}]}}