{"id":433,"date":"2020-09-14T20:30:13","date_gmt":"2020-09-14T18:30:13","guid":{"rendered":"https:\/\/www.luczniczka.com\/sklep\/?post_type=product&#038;p=433"},"modified":"2026-02-25T11:00:32","modified_gmt":"2026-02-25T10:00:32","slug":"snowballs-108-g","status":"publish","type":"product","link":"https:\/\/www.luczniczka.com\/sklep\/produkt\/snowballs-108-g\/","title":{"rendered":"Snowballs, kule z czekolady mlecznej z nadzieniem mlecznym z \u0142y\u017ceczkami 108 g"},"content":{"rendered":"<p><strong>sk\u0142adniki:<\/strong> czekolada mleczna 56% (cukier; t\u0142uszcz kakaowy; mleko pe\u0142ne w proszku; miazga kakaowa; serwatka w proszku (z mleka); t\u0142uszcz mleczny; emulgator: lecytyny (z soi); naturalny aromat waniliowy; nadzienie mleczne 44% (cukier; t\u0142uszcze ro\u015blinne (shea, rzepakowy) w zmiennych proporcjach; laktoza (z mleka); mleko pe\u0142ne w proszku 10%; serwatka w proszku (z mleka); emulgator: lecytyny; aromaty).Czekolada mleczna: zawarto\u015b\u0107 masy kakaowej minimum 33%<\/p>\n<p><strong>produkt mo\u017ce zawiera\u0107 tak\u017ce :<\/strong> orzechy, orzeszki ziemne, gluten oraz jaja<\/p>\n","protected":false},"excerpt":{"rendered":"<p>\u015anie\u017cynki z czekolady mlecznej z \u0142y\u017ceczk\u0105 108 g \u2013 pyszne kule z czekolady mlecznej nadziewane delikatnym mlecznym kremem<\/p>\n","protected":false},"featured_media":14183,"template":"","meta":{"inline_featured_image":false},"product_brand":[],"product_cat":[22],"product_tag":[],"class_list":{"0":"post-433","1":"product","2":"type-product","3":"status-publish","4":"has-post-thumbnail","6":"product_cat-wyroby-bozonarodzeniowe","7":"description-off","9":"first","10":"outofstock","11":"taxable","12":"shipping-taxable","13":"purchasable","14":"product-type-simple"},"aioseo_notices":[],"_links":{"self":[{"href":"https:\/\/www.luczniczka.com\/sklep\/wp-json\/wp\/v2\/product\/433","targetHints":{"allow":["GET"]}}],"collection":[{"href":"https:\/\/www.luczniczka.com\/sklep\/wp-json\/wp\/v2\/product"}],"about":[{"href":"https:\/\/www.luczniczka.com\/sklep\/wp-json\/wp\/v2\/types\/product"}],"wp:featuredmedia":[{"embeddable":true,"href":"https:\/\/www.luczniczka.com\/sklep\/wp-json\/wp\/v2\/media\/14183"}],"wp:attachment":[{"href":"https:\/\/www.luczniczka.com\/sklep\/wp-json\/wp\/v2\/media?parent=433"}],"wp:term":[{"taxonomy":"product_brand","embeddable":true,"href":"https:\/\/www.luczniczka.com\/sklep\/wp-json\/wp\/v2\/product_brand?post=433"},{"taxonomy":"product_cat","embeddable":true,"href":"https:\/\/www.luczniczka.com\/sklep\/wp-json\/wp\/v2\/product_cat?post=433"},{"taxonomy":"product_tag","embeddable":true,"href":"https:\/\/www.luczniczka.com\/sklep\/wp-json\/wp\/v2\/product_tag?post=433"}],"curies":[{"name":"wp","href":"https:\/\/api.w.org\/{rel}","templated":true}]}}