{"id":428,"date":"2020-09-14T20:23:18","date_gmt":"2020-09-14T18:23:18","guid":{"rendered":"https:\/\/www.luczniczka.com\/sklep\/?post_type=product&#038;p=428"},"modified":"2026-02-25T11:00:11","modified_gmt":"2026-02-25T10:00:11","slug":"mini-snowballs-110-g","status":"publish","type":"product","link":"https:\/\/www.luczniczka.com\/sklep\/produkt\/mini-snowballs-110-g\/","title":{"rendered":"Mini Snowballs Milk 110 g"},"content":{"rendered":"<p><strong>sk\u0142adniki:<\/strong> czekolada mleczna 50% (cukier; t\u0142uszcz kakaowy; mleko pe\u0142ne w proszku; miazga kakaowa; serwatka w proszku (z mleka); t\u0142uszcz mleczny; emulgator: lecytyny (z soi); naturalny aromat waniliowy); nadzienie mleczne 50% (cukier; t\u0142uszcze ro\u015blinne (shea, rzepakowy) w zmiennych proporcjach; laktoza (z mleka); mleko pe\u0142ne w proszku 10%; serwatka w proszku (z mleka); emulgator: lecytyny; aromaty). Czekolada mleczna: zawarto\u015b\u0107 masy kakaowej minimum 33%<\/p>\n<p><strong>produkt mo\u017ce zawiera\u0107 tak\u017ce :<\/strong> orzechy, orzeszki ziemne, gluten oraz jaja<\/p>\n","protected":false},"excerpt":{"rendered":"<p>Kuleczki z czekolady mlecznej nadziane rozp\u0142ywaj\u0105cymi si\u0119 w ustach nadzieniem mlecznym<\/p>\n","protected":false},"featured_media":429,"template":"","meta":{"inline_featured_image":false},"product_brand":[],"product_cat":[22],"product_tag":[],"class_list":{"0":"post-428","1":"product","2":"type-product","3":"status-publish","4":"has-post-thumbnail","6":"product_cat-wyroby-bozonarodzeniowe","7":"description-off","9":"first","10":"outofstock","11":"taxable","12":"shipping-taxable","13":"purchasable","14":"product-type-simple"},"aioseo_notices":[],"_links":{"self":[{"href":"https:\/\/www.luczniczka.com\/sklep\/wp-json\/wp\/v2\/product\/428","targetHints":{"allow":["GET"]}}],"collection":[{"href":"https:\/\/www.luczniczka.com\/sklep\/wp-json\/wp\/v2\/product"}],"about":[{"href":"https:\/\/www.luczniczka.com\/sklep\/wp-json\/wp\/v2\/types\/product"}],"wp:featuredmedia":[{"embeddable":true,"href":"https:\/\/www.luczniczka.com\/sklep\/wp-json\/wp\/v2\/media\/429"}],"wp:attachment":[{"href":"https:\/\/www.luczniczka.com\/sklep\/wp-json\/wp\/v2\/media?parent=428"}],"wp:term":[{"taxonomy":"product_brand","embeddable":true,"href":"https:\/\/www.luczniczka.com\/sklep\/wp-json\/wp\/v2\/product_brand?post=428"},{"taxonomy":"product_cat","embeddable":true,"href":"https:\/\/www.luczniczka.com\/sklep\/wp-json\/wp\/v2\/product_cat?post=428"},{"taxonomy":"product_tag","embeddable":true,"href":"https:\/\/www.luczniczka.com\/sklep\/wp-json\/wp\/v2\/product_tag?post=428"}],"curies":[{"name":"wp","href":"https:\/\/api.w.org\/{rel}","templated":true}]}}