{"id":425,"date":"2020-09-14T20:17:02","date_gmt":"2020-09-14T18:17:02","guid":{"rendered":"https:\/\/www.luczniczka.com\/sklep\/?post_type=product&#038;p=425"},"modified":"2025-10-03T14:46:55","modified_gmt":"2025-10-03T12:46:55","slug":"krem-weganski-migdalowy-200g","status":"publish","type":"product","link":"https:\/\/www.luczniczka.com\/sklep\/produkt\/krem-weganski-migdalowy-200g\/","title":{"rendered":"Krem wega\u0144ski migda\u0142owy 200g"},"content":{"rendered":"<p><strong>sk\u0142adniki:<\/strong> masa wega\u0144ska 94% (cukier; t\u0142uszcz kakaowy; maltodekstryna; m\u0105czka migda\u0142owa; emulgator: lecytyny; s\u00f3l; aromat); maliny liofilizowane 3%; migda\u0142y karmelizowane 3% (migda\u0142y; cukier; karmel).<\/p>\n<p><strong>Produkt mo\u017ce zawiera\u0107 tak\u017ce:<\/strong> <strong>orzeszki ziemne, inne orzechy, soj\u0119, gluten, jaja oraz mleko i produkty pochodne (\u0142\u0105cznie z laktoz\u0105).<\/strong><\/p>\n","protected":false},"excerpt":{"rendered":"<p>Krem wega\u0144ski migda\u0142owy, to idealna alternatywa dla tradycyjnych krem\u00f3w czekoladowych czy kakaowych, kt\u00f3re mo\u017cna znale\u017a\u0107 na p\u00f3\u0142kach sklepowych. Nasz wega\u0144ski krem migda\u0142owy rewelacyjnie sprawdzi si\u0119 dla os\u00f3b na diecie ro\u015blinnej, ale i nie tylko. Pomimo braku w swoim sk\u0142adzie produkt\u00f3w odzwierz\u0119cych, np. mleka jest on r\u00f3wnie pyszny, pe\u0142ny smaku oraz aromatu.<\/p>\n<p>Wega\u0144ski krem migda\u0142owy genialnie sprawdzi si\u0119 jako krem do smarowania nale\u015bnik\u00f3w czy ciasta lub jako wy\u015bmienity dodatek do pieczywa. Jest tak pyszny, \u017ce spo\u017cywa\u0107 go mo\u017cna r\u00f3wnie\u017c wprost ze s\u0142oiczka do ust.<\/p>\n","protected":false},"featured_media":1485,"template":"","meta":{"inline_featured_image":false},"product_brand":[],"product_cat":[15],"product_tag":[],"class_list":{"0":"post-425","1":"product","2":"type-product","3":"status-publish","4":"has-post-thumbnail","6":"product_cat-dodatki","7":"description-off","9":"first","10":"outofstock","11":"taxable","12":"shipping-taxable","13":"purchasable","14":"product-type-simple"},"aioseo_notices":[],"_links":{"self":[{"href":"https:\/\/www.luczniczka.com\/sklep\/wp-json\/wp\/v2\/product\/425","targetHints":{"allow":["GET"]}}],"collection":[{"href":"https:\/\/www.luczniczka.com\/sklep\/wp-json\/wp\/v2\/product"}],"about":[{"href":"https:\/\/www.luczniczka.com\/sklep\/wp-json\/wp\/v2\/types\/product"}],"wp:featuredmedia":[{"embeddable":true,"href":"https:\/\/www.luczniczka.com\/sklep\/wp-json\/wp\/v2\/media\/1485"}],"wp:attachment":[{"href":"https:\/\/www.luczniczka.com\/sklep\/wp-json\/wp\/v2\/media?parent=425"}],"wp:term":[{"taxonomy":"product_brand","embeddable":true,"href":"https:\/\/www.luczniczka.com\/sklep\/wp-json\/wp\/v2\/product_brand?post=425"},{"taxonomy":"product_cat","embeddable":true,"href":"https:\/\/www.luczniczka.com\/sklep\/wp-json\/wp\/v2\/product_cat?post=425"},{"taxonomy":"product_tag","embeddable":true,"href":"https:\/\/www.luczniczka.com\/sklep\/wp-json\/wp\/v2\/product_tag?post=425"}],"curies":[{"name":"wp","href":"https:\/\/api.w.org\/{rel}","templated":true}]}}