{"id":371,"date":"2020-09-13T20:02:15","date_gmt":"2020-09-13T18:02:15","guid":{"rendered":"https:\/\/www.luczniczka.com\/sklep\/?post_type=product&#038;p=371"},"modified":"2024-06-04T10:25:51","modified_gmt":"2024-06-04T08:25:51","slug":"kaleidoscope-110-g","status":"publish","type":"product","link":"https:\/\/www.luczniczka.com\/sklep\/produkt\/kaleidoscope-110-g\/","title":{"rendered":"Kaleidoscope 110 g"},"content":{"rendered":"<p><strong>Sk\u0142adniki:<\/strong> cukier; miazga kakaowa; t\u0142uszcz kakaowy; t\u0142uszcze ro\u015blinne (t\u0142uszcz palmowy, t\u0142uszcz z ziarna palmowego); mleko w proszku; serwatka w proszku (z mleka); pra\u017cone migda\u0142y 3%; kakao w proszku; pra\u017cone orzechy laskowe 2%; emulgator: lecytyny (z soi); jogurt w proszku (z mleka); ziarna soi; syrop glukozowy; barwnik: E 150 a; chrupki truskawek; regulator kwasowo\u015bci: kwas cytrynowy; aromaty.<\/p>\n<p>Czekolada deserowa: zawarto\u015b\u0107 masy kakaowej minimum 49%.<\/p>\n<p><strong>Produkt mo\u017ce zawiera\u0107 tak\u017ce:<\/strong> orzeszki ziemne, inne orzechy oraz gluten<\/p>\n","protected":false},"excerpt":{"rendered":"<p>Kalejdoskop kszta\u0142t\u00f3w po\u0142\u0105czony z feeri\u0105 smak\u00f3w.<\/p>\n<p>Praliny 110 g<br \/>\nZ mi\u0142o\u015bci do r\u00f3\u017cnorodno\u015bci. Smakosze ciemnej czekolady odnajd\u0105 w szlachetnych kszta\u0142tach pralin zach\u0119t\u0119 do delektowania si\u0119 \u00a0wybornymi smakami zdrowych bakalii, wiosennych owoc\u00f3w po\u0142\u0105czonych z niepowtarzalnymi, luksusowymi \u00a0smakami nadzie\u0144: truflowym, czekoladowym, migda\u0142owym, puszystego \u00a0sernika truskawkowego.<\/p>\n","protected":false},"featured_media":1488,"template":"","meta":{"inline_featured_image":false},"product_brand":[],"product_cat":[15],"product_tag":[],"class_list":{"0":"post-371","1":"product","2":"type-product","3":"status-publish","4":"has-post-thumbnail","6":"product_cat-dodatki","7":"description-off","9":"first","10":"outofstock","11":"taxable","12":"shipping-taxable","13":"purchasable","14":"product-type-simple"},"aioseo_notices":[],"_links":{"self":[{"href":"https:\/\/www.luczniczka.com\/sklep\/wp-json\/wp\/v2\/product\/371","targetHints":{"allow":["GET"]}}],"collection":[{"href":"https:\/\/www.luczniczka.com\/sklep\/wp-json\/wp\/v2\/product"}],"about":[{"href":"https:\/\/www.luczniczka.com\/sklep\/wp-json\/wp\/v2\/types\/product"}],"wp:featuredmedia":[{"embeddable":true,"href":"https:\/\/www.luczniczka.com\/sklep\/wp-json\/wp\/v2\/media\/1488"}],"wp:attachment":[{"href":"https:\/\/www.luczniczka.com\/sklep\/wp-json\/wp\/v2\/media?parent=371"}],"wp:term":[{"taxonomy":"product_brand","embeddable":true,"href":"https:\/\/www.luczniczka.com\/sklep\/wp-json\/wp\/v2\/product_brand?post=371"},{"taxonomy":"product_cat","embeddable":true,"href":"https:\/\/www.luczniczka.com\/sklep\/wp-json\/wp\/v2\/product_cat?post=371"},{"taxonomy":"product_tag","embeddable":true,"href":"https:\/\/www.luczniczka.com\/sklep\/wp-json\/wp\/v2\/product_tag?post=371"}],"curies":[{"name":"wp","href":"https:\/\/api.w.org\/{rel}","templated":true}]}}