{"id":352,"date":"2020-09-13T19:36:33","date_gmt":"2020-09-13T17:36:33","guid":{"rendered":"https:\/\/www.luczniczka.com\/sklep\/?post_type=product&#038;p=352"},"modified":"2026-03-20T14:10:56","modified_gmt":"2026-03-20T13:10:56","slug":"premium-coffee-liqueur-pralines-2-kg","status":"publish","type":"product","link":"https:\/\/www.luczniczka.com\/sklep\/produkt\/premium-coffee-liqueur-pralines-2-kg\/","title":{"rendered":"Praliny coffee PRALINES 2,25 kg"},"content":{"rendered":"<p>Sk\u0142adniki: cukier; <strong>mleko<\/strong> UHT; t\u0142uszcz kakaowy; <strong>mleko<\/strong> pe\u0142ne w proszku; <strong>\u015bmietanka<\/strong> UHT; alkohol 6,5%; miazga kakaowa; t\u0142uszcze i oleje ro\u015blinne ( shea, rzepakowy; palmowy; s\u0142onecznikowy; rzepakowy) w zmiennych proporcjach); serwatka w proszku (z <strong>mleka<\/strong>); laktoza w proszku (z <strong>mleka<\/strong>); kawa 0,1%; kawa instant 0,08%; substancja utrzymuj\u0105ca wilgo\u0107: syrop sorbitolowy; t\u0142uszcz <strong>mleczny<\/strong>; <strong>mleko<\/strong> odt\u0142uszczone w proszku; kakao w proszku o obni\u017conej zawarto\u015bci t\u0142uszczu; emulgatory: lecytyny (z <strong>soi<\/strong>), lecytyny; naturalny aromat waniliowy; aromaty.<\/p>\n<p><strong>Produkt mo\u017ce zawiera\u0107: orzeszki ziemne, inne orzechy, pszenic\u0119, j\u0119czmie\u0144 oraz jaja<\/strong><\/p>\n<table style=\"height: 303px;\" width=\"305\">\n<tbody>\n<tr>\n<td width=\"170\"><strong>Warto\u015b\u0107 od\u017cywcza<\/strong><\/td>\n<td width=\"189\">\u00a0 \u00a0 \u00a0 \u00a0 \u00a0 \u00a0<strong>w 100 g<\/strong><\/td>\n<\/tr>\n<tr>\n<td width=\"170\">Warto\u015b\u0107 energetyczna (kJ\/ kcal)<\/td>\n<td width=\"189\">\u00a0 \u00a0 \u00a0 \u00a0 \u00a0 \u00a0 1901\/455<\/td>\n<\/tr>\n<tr>\n<td width=\"170\">T\u0142uszcz [g]<\/td>\n<td width=\"189\">\u00a0 \u00a0 \u00a0 \u00a0 \u00a0 \u00a0 \u00a0 \u00a025<\/td>\n<\/tr>\n<tr>\n<td width=\"170\">w tym NKT [g]<\/td>\n<td width=\"189\">\u00a0 \u00a0 \u00a0 \u00a0 \u00a0 \u00a0 \u00a0 \u00a014<\/td>\n<\/tr>\n<tr>\n<td width=\"170\">W\u0119glowodany [g]<\/td>\n<td width=\"189\">\u00a0 \u00a0 \u00a0 \u00a0 \u00a0 \u00a0 \u00a0 \u00a044<\/td>\n<\/tr>\n<tr>\n<td width=\"170\">w tym cukry [g]<\/td>\n<td width=\"189\">\u00a0 \u00a0 \u00a0 \u00a0 \u00a0 \u00a0 \u00a0 \u00a043<\/td>\n<\/tr>\n<tr>\n<td width=\"170\">Bia\u0142ko [g]<\/td>\n<td width=\"189\">\u00a0 \u00a0 \u00a0 \u00a0 \u00a0 \u00a0 \u00a0 \u00a04,0<\/td>\n<\/tr>\n<tr>\n<td width=\"170\">S\u00f3l [g]<\/td>\n<td width=\"189\">\u00a0 \u00a0 \u00a0 \u00a0 \u00a0 \u00a0 \u00a0 0,20<\/td>\n<\/tr>\n<\/tbody>\n<\/table>\n<p>Czekolada mleczna couverture: zawarto\u015b\u0107 masy kakaowej minimum 33%.<\/p>\n<p><strong>Ze wzgl\u0119du na zawarto\u015b\u0107 alkoholu produkt nie jest rekomendowany dzieciom i m\u0142odzie\u017cy poni\u017cej 18 roku \u017cycia<\/strong><\/p>\n<p>&nbsp;<\/p>\n","protected":false},"excerpt":{"rendered":"<p>&nbsp;<\/p>\n<p><img loading=\"lazy\" decoding=\"async\" class=\"alignnone wp-image-14839\" src=\"https:\/\/www.luczniczka.com\/sklep\/wp-content\/uploads\/2025\/10\/zawiera_alkohol_transparent-300x300.png\" alt=\"\" width=\"100\" height=\"100\" \/><img loading=\"lazy\" decoding=\"async\" class=\"alignnone wp-image-19803\" src=\"https:\/\/www.luczniczka.com\/sklep\/wp-content\/uploads\/2026\/01\/ChatGPT-Image-16-sty-2026-09_48_11-300x300.png\" alt=\"\" width=\"91\" height=\"91\" srcset=\"https:\/\/www.luczniczka.com\/sklep\/wp-content\/uploads\/2026\/01\/ChatGPT-Image-16-sty-2026-09_48_11-300x300.png 300w, https:\/\/www.luczniczka.com\/sklep\/wp-content\/uploads\/2026\/01\/ChatGPT-Image-16-sty-2026-09_48_11-150x150.png 150w, https:\/\/www.luczniczka.com\/sklep\/wp-content\/uploads\/2026\/01\/ChatGPT-Image-16-sty-2026-09_48_11-768x768.png 768w, https:\/\/www.luczniczka.com\/sklep\/wp-content\/uploads\/2026\/01\/ChatGPT-Image-16-sty-2026-09_48_11-600x600.png 600w, https:\/\/www.luczniczka.com\/sklep\/wp-content\/uploads\/2026\/01\/ChatGPT-Image-16-sty-2026-09_48_11-200x200.png 200w, https:\/\/www.luczniczka.com\/sklep\/wp-content\/uploads\/2026\/01\/ChatGPT-Image-16-sty-2026-09_48_11.png 1024w\" sizes=\"auto, (max-width: 91px) 100vw, 91px\" \/><\/p>\n<p>Praliny z czekolady mlecznej couverture 33% masy kakaowej, kt\u00f3re w \u015brodku skrywaj\u0105 nadzienie kawowo-alkoholowe.<\/p>\n<p>Krem ukryty w \u015brodku skrywa w sobie klasyczny likier kawowy, kt\u00f3ry urzeka swoim smakiem wszystkich wielbicieli kawy, ale i nie tylko. Wyczuwalny aromat \u015bwie\u017co palonej kawy wp\u0142ywa przede wszystkim na niezwyk\u0142y smak pralin.<\/p>\n<p>Praliny produkowane s\u0105 z naturalnych surowc\u00f3w, z dba\u0142o\u015bci\u0105 o ka\u017cdy szczeg\u00f3\u0142, dlatego ka\u017cda pojedyncza czekoladka odznacza si\u0119 bardzo wysok\u0105 jako\u015bci\u0105.<\/p>\n<p>Zawarto\u015b\u0107 alkoholu w nadzieniu wynosi 13%.<\/p>\n<p>Masa netto produktu 2,25 kg.<\/p>\n<p><small>Zdj\u0119cia maj\u0105 charakter pogl\u0105dowy- kolorystyka mo\u017ce nieznacznie odbiega\u0107 od zdj\u0119\u0107 prezentowanych w ofercie.<\/small><\/p>\n","protected":false},"featured_media":14179,"template":"","meta":{"inline_featured_image":false},"product_brand":[],"product_cat":[18],"product_tag":[],"class_list":{"0":"post-352","1":"product","2":"type-product","3":"status-publish","4":"has-post-thumbnail","6":"product_cat-praliny-z-alkoholem","7":"description-off","9":"first","10":"instock","11":"taxable","12":"shipping-taxable","13":"purchasable","14":"product-type-simple"},"aioseo_notices":[],"_links":{"self":[{"href":"https:\/\/www.luczniczka.com\/sklep\/wp-json\/wp\/v2\/product\/352","targetHints":{"allow":["GET"]}}],"collection":[{"href":"https:\/\/www.luczniczka.com\/sklep\/wp-json\/wp\/v2\/product"}],"about":[{"href":"https:\/\/www.luczniczka.com\/sklep\/wp-json\/wp\/v2\/types\/product"}],"wp:featuredmedia":[{"embeddable":true,"href":"https:\/\/www.luczniczka.com\/sklep\/wp-json\/wp\/v2\/media\/14179"}],"wp:attachment":[{"href":"https:\/\/www.luczniczka.com\/sklep\/wp-json\/wp\/v2\/media?parent=352"}],"wp:term":[{"taxonomy":"product_brand","embeddable":true,"href":"https:\/\/www.luczniczka.com\/sklep\/wp-json\/wp\/v2\/product_brand?post=352"},{"taxonomy":"product_cat","embeddable":true,"href":"https:\/\/www.luczniczka.com\/sklep\/wp-json\/wp\/v2\/product_cat?post=352"},{"taxonomy":"product_tag","embeddable":true,"href":"https:\/\/www.luczniczka.com\/sklep\/wp-json\/wp\/v2\/product_tag?post=352"}],"curies":[{"name":"wp","href":"https:\/\/api.w.org\/{rel}","templated":true}]}}