{"id":347,"date":"2020-09-13T19:23:19","date_gmt":"2020-09-13T17:23:19","guid":{"rendered":"https:\/\/www.luczniczka.com\/sklep\/?post_type=product&#038;p=347"},"modified":"2026-02-10T14:40:26","modified_gmt":"2026-02-10T13:40:26","slug":"premium-advocat-pralines-120-g","status":"publish","type":"product","link":"https:\/\/www.luczniczka.com\/sklep\/produkt\/premium-advocat-pralines-120-g\/","title":{"rendered":"PREMIUM advocat PRALINES 120 g"},"content":{"rendered":"<table>\n<tbody>\n<tr>\n<td>Sk\u0142adniki: cukier; miazga kakaowa; alkohol etylowy 6,5%; t\u0142uszcze i oleje ro\u015blinne (shea, rzepakowy); t\u0142uszcz kakaowy; <strong>mleko<\/strong> UHT; <strong>masa \u017c\u00f3\u0142tkowa <\/strong>4,4%; laktoza (z <strong>mleka<\/strong>); <strong>mleko<\/strong> pe\u0142ne w proszku; substancja utrzymuj\u0105ca wilgo\u0107: sorbitole; syrop glukozowy; serwatka w proszku (z <strong>mleka<\/strong>); stabilizator: E 492; emulgator: lecytyny (z <strong>soi<\/strong>), E 476, lecytyny; aromaty.<\/p>\n<p><strong>Produkt mo\u017ce zawiera\u0107: orzeszki ziemne, orzechy, pszenic\u0119 oraz j\u0119czmie\u0144.<\/strong><\/p>\n<table style=\"font-family: inherit; font-size: inherit; height: 311px;\" width=\"329\">\n<tbody>\n<tr>\n<td width=\"140\"><strong>Warto\u015b\u0107 od\u017cywcza\u00a0<\/strong><\/td>\n<td width=\"76\"><strong>\u00a0 \u00a0 \u00a0 w 100 g<\/strong><\/td>\n<\/tr>\n<tr>\n<td width=\"140\">Warto\u015b\u0107 energetyczna (kJ\/ kcal)<\/td>\n<td width=\"76\">\u00a0 \u00a0 1643\/ 392<\/td>\n<\/tr>\n<tr>\n<td width=\"140\">T\u0142uszcz [g]<\/td>\n<td width=\"76\">\u00a0 \u00a0 \u00a0 \u00a0 \u00a025<\/td>\n<\/tr>\n<tr>\n<td width=\"140\">w tym kwasy t\u0142uszczowe nasycone [g]<\/td>\n<td width=\"76\">\u00a0 \u00a0 \u00a0 \u00a0 \u00a014<\/td>\n<\/tr>\n<tr>\n<td width=\"140\">W\u0119glowodany [g]<\/td>\n<td width=\"76\">\u00a0 \u00a0 \u00a0 \u00a0 \u00a034<\/td>\n<\/tr>\n<tr>\n<td width=\"140\">w tym cukry [g]<\/td>\n<td width=\"76\">\u00a0 \u00a0 \u00a0 \u00a0 \u00a032<\/td>\n<\/tr>\n<tr>\n<td width=\"140\">Bia\u0142ko [g]<\/td>\n<td width=\"76\">\u00a0 \u00a0 \u00a0 \u00a0 \u00a03,6<\/td>\n<\/tr>\n<tr>\n<td width=\"140\">S\u00f3l [g]<\/td>\n<td width=\"76\">\u00a0 \u00a0 \u00a0 \u00a0 \u00a00,03<\/td>\n<\/tr>\n<\/tbody>\n<\/table>\n<\/td>\n<\/tr>\n<\/tbody>\n<\/table>\n<p>Czekolada: zawarto\u015b\u0107 masy kakaowej minimum 56%.<\/p>\n<p><strong>Ze wzgl\u0119du na zawarto\u015b\u0107 alkoholu produkt nie jest rekomendowany dla dzieci i m\u0142odzie\u017cy poni\u017cej 18 roku \u017cycia.<\/strong><\/p>\n<table>\n<tbody>\n<tr>\n<td>&nbsp;<\/p>\n<p>&nbsp;<\/td>\n<\/tr>\n<\/tbody>\n<\/table>\n","protected":false},"excerpt":{"rendered":"<p>&nbsp;<\/p>\n<p><img loading=\"lazy\" decoding=\"async\" class=\"alignnone wp-image-14839\" src=\"https:\/\/www.luczniczka.com\/sklep\/wp-content\/uploads\/2025\/10\/zawiera_alkohol_transparent-300x300.png\" alt=\"\" width=\"100\" height=\"100\" \/><img loading=\"lazy\" decoding=\"async\" class=\"alignnone wp-image-19799\" src=\"https:\/\/www.luczniczka.com\/sklep\/wp-content\/uploads\/2026\/01\/ChatGPT-Image-16-sty-2026-08_48_25-300x300.png\" alt=\"\" width=\"90\" height=\"90\" srcset=\"https:\/\/www.luczniczka.com\/sklep\/wp-content\/uploads\/2026\/01\/ChatGPT-Image-16-sty-2026-08_48_25-300x300.png 300w, https:\/\/www.luczniczka.com\/sklep\/wp-content\/uploads\/2026\/01\/ChatGPT-Image-16-sty-2026-08_48_25-150x150.png 150w, https:\/\/www.luczniczka.com\/sklep\/wp-content\/uploads\/2026\/01\/ChatGPT-Image-16-sty-2026-08_48_25-768x768.png 768w, https:\/\/www.luczniczka.com\/sklep\/wp-content\/uploads\/2026\/01\/ChatGPT-Image-16-sty-2026-08_48_25-600x600.png 600w, https:\/\/www.luczniczka.com\/sklep\/wp-content\/uploads\/2026\/01\/ChatGPT-Image-16-sty-2026-08_48_25-200x200.png 200w, https:\/\/www.luczniczka.com\/sklep\/wp-content\/uploads\/2026\/01\/ChatGPT-Image-16-sty-2026-08_48_25.png 1024w\" sizes=\"auto, (max-width: 90px) 100vw, 90px\" \/><\/p>\n<p>Produkt ten to unikalne po\u0142\u0105czenie czekolady deserowej oraz kremowego nadzienia z dodatkiem likieru jajecznego.<br \/>\nAdvocat to likier jajeczny, do produkcji kt\u00f3rego u\u017cywana jest masa \u017c\u00f3\u0142tkowa oraz alkohol. Likier ten charakteryzuje si\u0119 jasno\u017c\u00f3\u0142t\u0105 barw\u0105 oraz s\u0142odkim smakiem co w po\u0142\u0105czeniu z czekolad\u0105 deserow\u0105 daje niepowtarzalny smak.<br \/>\nPralina ta idealnie komponuje si\u0119 tak\u017ce jako dodatek do kawy lub lod\u00f3w.<\/p>\n<p>Praliny 120 g zapakowane s\u0105 w eleganckie opakowanie, kt\u00f3re doskonale nadaje si\u0119 jako upominek dla bliskiej osoby.<\/p>\n<p>Praliny charakteryzuj\u0105 si\u0119 wysok\u0105 jako\u015bci poniewa\u017c wytwarzane s\u0105 z komponent\u00f3w o najwy\u017cszej jako\u015bci oraz z dba\u0142o\u015bci\u0105 o ka\u017cdy szczeg\u00f3\u0142.<\/p>\n<p>O naszych pralinach mo\u017cna powiedzie\u0107, \u017ce s\u0105 wi\u0119cej ni\u017c dobre- s\u0105 wy\u015bmienite!<\/p>\n<p>Zawarto\u015b\u0107 alkoholu w nadzieniu wynosi 13%.<\/p>\n<p>Masa netto produktu 120 g.<\/p>\n<p><small>Zdj\u0119cia maj\u0105 charakter pogl\u0105dowy- kolorystyka mo\u017ce nieznacznie odbiega\u0107 od zdj\u0119\u0107 prezentowanych w ofercie.<\/small><\/p>\n","protected":false},"featured_media":10581,"template":"","meta":{"inline_featured_image":false},"product_brand":[],"product_cat":[18],"product_tag":[],"class_list":{"0":"post-347","1":"product","2":"type-product","3":"status-publish","4":"has-post-thumbnail","6":"product_cat-praliny-z-alkoholem","7":"description-off","9":"first","10":"instock","11":"taxable","12":"shipping-taxable","13":"purchasable","14":"product-type-simple"},"aioseo_notices":[],"_links":{"self":[{"href":"https:\/\/www.luczniczka.com\/sklep\/wp-json\/wp\/v2\/product\/347","targetHints":{"allow":["GET"]}}],"collection":[{"href":"https:\/\/www.luczniczka.com\/sklep\/wp-json\/wp\/v2\/product"}],"about":[{"href":"https:\/\/www.luczniczka.com\/sklep\/wp-json\/wp\/v2\/types\/product"}],"wp:featuredmedia":[{"embeddable":true,"href":"https:\/\/www.luczniczka.com\/sklep\/wp-json\/wp\/v2\/media\/10581"}],"wp:attachment":[{"href":"https:\/\/www.luczniczka.com\/sklep\/wp-json\/wp\/v2\/media?parent=347"}],"wp:term":[{"taxonomy":"product_brand","embeddable":true,"href":"https:\/\/www.luczniczka.com\/sklep\/wp-json\/wp\/v2\/product_brand?post=347"},{"taxonomy":"product_cat","embeddable":true,"href":"https:\/\/www.luczniczka.com\/sklep\/wp-json\/wp\/v2\/product_cat?post=347"},{"taxonomy":"product_tag","embeddable":true,"href":"https:\/\/www.luczniczka.com\/sklep\/wp-json\/wp\/v2\/product_tag?post=347"}],"curies":[{"name":"wp","href":"https:\/\/api.w.org\/{rel}","templated":true}]}}