{"id":342,"date":"2020-09-13T19:15:06","date_gmt":"2020-09-13T17:15:06","guid":{"rendered":"https:\/\/www.luczniczka.com\/sklep\/?post_type=product&#038;p=342"},"modified":"2026-05-06T07:45:03","modified_gmt":"2026-05-06T05:45:03","slug":"premium-rum-pralines-120-g","status":"publish","type":"product","link":"https:\/\/www.luczniczka.com\/sklep\/produkt\/premium-rum-pralines-120-g\/","title":{"rendered":"PREMIUM rum PRALINES 120 g"},"content":{"rendered":"<table>\n<tbody>\n<tr>\n<td>Sk\u0142adniki: cukier; miazga kakaowa; <strong>\u015bmietanka<\/strong> UHT; t\u0142uszcz kakaowy; alkohol 6,5%; <strong>mleko<\/strong> pe\u0142ne w proszku; t\u0142uszcze ro\u015blinne (shea, rzepakowy, palmowy, kokosowy); serwatka w proszku (z <strong>mleka<\/strong>); substancja utrzymuj\u0105ca wilgo\u0107: sorbitole; rum 1%; kakao w proszku o obni\u017conej zawarto\u015bci t\u0142uszczu 0,6%; laktoza (z <strong>mleka<\/strong>); olej rzepakowy; t\u0142uszcz <strong>mleczny<\/strong>; emulgatory: lecytyny (z <strong>soi<\/strong>), lecytyny, E 476; stabilizator: E 492; odt\u0142uszczone <strong>mleko<\/strong> w proszku;<strong> \u015bmietanka<\/strong> w proszku; naturalne aromaty; aromaty.<\/p>\n<p><strong>Produkt mo\u017ce zawiera\u0107: orzeszki ziemne, orzechy, pszenic\u0119, j\u0119czmie\u0144 oraz jaja.<\/strong><\/td>\n<\/tr>\n<\/tbody>\n<\/table>\n<table style=\"height: 309px;\" width=\"326\">\n<tbody>\n<tr>\n<td width=\"140\"><strong>Warto\u015b\u0107 od\u017cywcza<\/strong><\/td>\n<td width=\"76\"><strong>\u00a0 \u00a0 \u00a0 w 100 g<\/strong><\/td>\n<\/tr>\n<tr>\n<td width=\"140\">Warto\u015b\u0107 energetyczna (kJ\/ kcal)<\/td>\n<td width=\"76\">\u00a0 \u00a0 1936\/ 466<\/td>\n<\/tr>\n<tr>\n<td width=\"140\">T\u0142uszcz [g]<\/td>\n<td width=\"76\">\u00a0 \u00a0 \u00a0 \u00a0 \u00a0 33<\/td>\n<\/tr>\n<tr>\n<td width=\"140\">w tym kwasy t\u0142uszczowe nasycone[g]<\/td>\n<td width=\"76\">\u00a0 \u00a0 \u00a0 \u00a0 \u00a0 19<\/td>\n<\/tr>\n<tr>\n<td width=\"140\">W\u0119glowodany [g]<\/td>\n<td width=\"76\">\u00a0 \u00a0 \u00a0 \u00a0 \u00a0 35<\/td>\n<\/tr>\n<tr>\n<td width=\"140\">\u00a0w tym cukry [g]<\/td>\n<td width=\"76\">\u00a0 \u00a0 \u00a0 \u00a0 \u00a0 34<\/td>\n<\/tr>\n<tr>\n<td width=\"140\">Bia\u0142ko [g]<\/td>\n<td width=\"76\">\u00a0 \u00a0 \u00a0 \u00a0 \u00a0 4,4<\/td>\n<\/tr>\n<tr>\n<td width=\"140\">S\u00f3l [g]<\/td>\n<td width=\"76\">\u00a0 \u00a0 \u00a0 \u00a0 \u00a0 0,1<\/td>\n<\/tr>\n<\/tbody>\n<\/table>\n<p>Czekolada: zawarto\u015b\u0107 masy kakaowej minimum 56%.<\/p>\n<p><strong>Ze wzgl\u0119du na zawarto\u015b\u0107 alkoholu produkt nie jest rekomendowany dla dzieci i m\u0142odzie\u017cy poni\u017cej 18 roku \u017cycia.<\/strong><\/p>\n","protected":false},"excerpt":{"rendered":"<p>&nbsp;<\/p>\n<p><img loading=\"lazy\" decoding=\"async\" class=\"alignnone wp-image-14839\" src=\"https:\/\/www.luczniczka.com\/sklep\/wp-content\/uploads\/2025\/10\/zawiera_alkohol_transparent-300x300.png\" alt=\"\" width=\"101\" height=\"101\" \/><img loading=\"lazy\" decoding=\"async\" class=\"alignnone  wp-image-19845\" src=\"https:\/\/www.luczniczka.com\/sklep\/wp-content\/uploads\/2026\/01\/ChatGPT-Image-17-sty-2026-18_14_37-300x300.png\" alt=\"\" width=\"90\" height=\"90\" srcset=\"https:\/\/www.luczniczka.com\/sklep\/wp-content\/uploads\/2026\/01\/ChatGPT-Image-17-sty-2026-18_14_37-300x300.png 300w, https:\/\/www.luczniczka.com\/sklep\/wp-content\/uploads\/2026\/01\/ChatGPT-Image-17-sty-2026-18_14_37-150x150.png 150w, https:\/\/www.luczniczka.com\/sklep\/wp-content\/uploads\/2026\/01\/ChatGPT-Image-17-sty-2026-18_14_37-768x768.png 768w, https:\/\/www.luczniczka.com\/sklep\/wp-content\/uploads\/2026\/01\/ChatGPT-Image-17-sty-2026-18_14_37-600x600.png 600w, https:\/\/www.luczniczka.com\/sklep\/wp-content\/uploads\/2026\/01\/ChatGPT-Image-17-sty-2026-18_14_37-200x200.png 200w, https:\/\/www.luczniczka.com\/sklep\/wp-content\/uploads\/2026\/01\/ChatGPT-Image-17-sty-2026-18_14_37.png 1024w\" sizes=\"auto, (max-width: 90px) 100vw, 90px\" \/><\/p>\n<p>Produkt ten to unikalne po\u0142\u0105czenie czekolady deserowej oraz kremowego nadzienia z dodatkiem rumu. Po\u0142\u0105czenie kt\u00f3re pobudzi zmys\u0142y i zaskoczy intensywno\u015bci\u0105.<br \/>\nPropozycja ta skierowana jest g\u0142\u00f3wnie do wielbicieli wyrazistych smak\u00f3w.<\/p>\n<p>Praliny 120 g zapakowane s\u0105 w eleganckie opakowania, kt\u00f3re doskonale nadaj\u0105 si\u0119 jako upominek dla bliskiej osoby.<\/p>\n<p>PREMIUM rum PRALINES charakteryzuje wysoka jako\u015b\u0107. Produkcja pralin odbywa si\u0119 bowiem przy zachowaniu najwy\u017cszych mi\u0119dzynarodowych standard\u00f3w \u017cywno\u015bci.<\/p>\n<p>O naszych pralinach mo\u017cna powiedzie\u0107, \u017ce s\u0105 wi\u0119cej ni\u017c dobre- s\u0105 wy\u015bmienite!<\/p>\n<p>Zawarto\u015b\u0107 alkoholu w nadzieniu wynosi 13 %.<\/p>\n<p>Masa netto produktu 120 g.<\/p>\n<p><small>Zdj\u0119cia maj\u0105 charakter pogl\u0105dowy- kolorystyka mo\u017ce nieznacznie odbiega\u0107 od zdj\u0119\u0107 prezentowanych w ofercie.<\/small><\/p>\n<p>&nbsp;<\/p>\n","protected":false},"featured_media":10571,"template":"","meta":{"inline_featured_image":false},"product_brand":[],"product_cat":[18],"product_tag":[],"class_list":{"0":"post-342","1":"product","2":"type-product","3":"status-publish","4":"has-post-thumbnail","6":"product_cat-praliny-z-alkoholem","7":"description-off","9":"first","10":"instock","11":"taxable","12":"shipping-taxable","13":"purchasable","14":"product-type-simple"},"aioseo_notices":[],"_links":{"self":[{"href":"https:\/\/www.luczniczka.com\/sklep\/wp-json\/wp\/v2\/product\/342","targetHints":{"allow":["GET"]}}],"collection":[{"href":"https:\/\/www.luczniczka.com\/sklep\/wp-json\/wp\/v2\/product"}],"about":[{"href":"https:\/\/www.luczniczka.com\/sklep\/wp-json\/wp\/v2\/types\/product"}],"wp:featuredmedia":[{"embeddable":true,"href":"https:\/\/www.luczniczka.com\/sklep\/wp-json\/wp\/v2\/media\/10571"}],"wp:attachment":[{"href":"https:\/\/www.luczniczka.com\/sklep\/wp-json\/wp\/v2\/media?parent=342"}],"wp:term":[{"taxonomy":"product_brand","embeddable":true,"href":"https:\/\/www.luczniczka.com\/sklep\/wp-json\/wp\/v2\/product_brand?post=342"},{"taxonomy":"product_cat","embeddable":true,"href":"https:\/\/www.luczniczka.com\/sklep\/wp-json\/wp\/v2\/product_cat?post=342"},{"taxonomy":"product_tag","embeddable":true,"href":"https:\/\/www.luczniczka.com\/sklep\/wp-json\/wp\/v2\/product_tag?post=342"}],"curies":[{"name":"wp","href":"https:\/\/api.w.org\/{rel}","templated":true}]}}