{"id":2912,"date":"2024-02-15T14:34:21","date_gmt":"2024-02-15T13:34:21","guid":{"rendered":"https:\/\/www.luczniczka.com\/sklep\/?post_type=product&#038;p=2912"},"modified":"2026-03-23T19:59:00","modified_gmt":"2026-03-23T18:59:00","slug":"zajaczki-z-czekolady-mlecznej-nadziewane-kremem-mlecznym-z-lyzeczkami-144-g","status":"publish","type":"product","link":"https:\/\/www.luczniczka.com\/sklep\/produkt\/zajaczki-z-czekolady-mlecznej-nadziewane-kremem-mlecznym-z-lyzeczkami-144-g\/","title":{"rendered":"Zaj\u0105czki z czekolady mlecznej nadziewane kremem mlecznym 144g"},"content":{"rendered":"<p><strong>Sk\u0142adniki:<\/strong> czekolada mleczna 56% (cukier; t\u0142uszcz kakaowy; mleko pe\u0142ne w proszku; miazga kakaowa; serwatka w proszku (z mleka); t\u0142uszcz mleczny; emulgator: lecytyny (z soi); naturalny aromat waniliowy; nadzienie mleczne 44% (cukier; t\u0142uszcze ro\u015blinne (shea, rzepakowy) w zmiennych proporcjach; laktoza (z mleka); mleko pe\u0142ne w proszku 10%; serwatka w proszku (z mleka); emulgator: lecytyny; aromaty).<\/p>\n<p>Czekolada mleczna: zawarto\u015b\u0107 masy kakaowej minimum 33%<\/p>\n<p><strong>Produkt mo\u017ce zawiera\u0107 tak\u017ce:<\/strong> orzechy, orzeszki ziemne, gluten oraz jaja<\/p>\n","protected":false},"excerpt":{"rendered":"<p>Przepyszne figurki w kszta\u0142cie zaj\u0105czk\u00f3w z czekolady mlecznej couverture 33% masy kakaowej nadziewane delikatnym, napowietrzonym kremem mlecznym.<\/p>\n<p>Zestaw czekoladowych zaj\u0105czk\u00f3w idealnie sprawdzi si\u0119 jako s\u0142odki upominek w okresie wiosennym i wielkanocnym.<\/p>\n<p>W opakowaniu znajduje si\u0119 144 g produktu wraz z \u0142y\u017ceczkami.<\/p>\n","protected":false},"featured_media":2917,"template":"","meta":{"inline_featured_image":false},"product_brand":[],"product_cat":[23],"product_tag":[],"class_list":{"0":"post-2912","1":"product","2":"type-product","3":"status-publish","4":"has-post-thumbnail","6":"product_cat-wyroby-wielkanocne","7":"description-off","9":"first","10":"outofstock","11":"taxable","12":"shipping-taxable","13":"purchasable","14":"product-type-simple"},"aioseo_notices":[],"_links":{"self":[{"href":"https:\/\/www.luczniczka.com\/sklep\/wp-json\/wp\/v2\/product\/2912","targetHints":{"allow":["GET"]}}],"collection":[{"href":"https:\/\/www.luczniczka.com\/sklep\/wp-json\/wp\/v2\/product"}],"about":[{"href":"https:\/\/www.luczniczka.com\/sklep\/wp-json\/wp\/v2\/types\/product"}],"wp:featuredmedia":[{"embeddable":true,"href":"https:\/\/www.luczniczka.com\/sklep\/wp-json\/wp\/v2\/media\/2917"}],"wp:attachment":[{"href":"https:\/\/www.luczniczka.com\/sklep\/wp-json\/wp\/v2\/media?parent=2912"}],"wp:term":[{"taxonomy":"product_brand","embeddable":true,"href":"https:\/\/www.luczniczka.com\/sklep\/wp-json\/wp\/v2\/product_brand?post=2912"},{"taxonomy":"product_cat","embeddable":true,"href":"https:\/\/www.luczniczka.com\/sklep\/wp-json\/wp\/v2\/product_cat?post=2912"},{"taxonomy":"product_tag","embeddable":true,"href":"https:\/\/www.luczniczka.com\/sklep\/wp-json\/wp\/v2\/product_tag?post=2912"}],"curies":[{"name":"wp","href":"https:\/\/api.w.org\/{rel}","templated":true}]}}