{"id":2800,"date":"2022-01-06T07:47:35","date_gmt":"2022-01-06T06:47:35","guid":{"rendered":"https:\/\/www.luczniczka.com\/sklep\/?post_type=product&#038;p=2800"},"modified":"2026-04-29T10:28:15","modified_gmt":"2026-04-29T08:28:15","slug":"jajka-z-czekolady-mlecznej-nadziewane-kremem-ciasteczkowym-144-g-z-lyzeczkami","status":"publish","type":"product","link":"https:\/\/www.luczniczka.com\/sklep\/produkt\/jajka-z-czekolady-mlecznej-nadziewane-kremem-ciasteczkowym-144-g-z-lyzeczkami\/","title":{"rendered":"Jajka z czekolady mlecznej nadziewane kremem ciasteczkowym 144 g z \u0142y\u017ceczkami"},"content":{"rendered":"<p><strong>SK\u0141ADNIKI: <\/strong>cukier; t\u0142uszcze i oleje ro\u015blinne (shea, rzepakowy); <strong>mleko<\/strong> pe\u0142ne w proszku; t\u0142uszcz kakaowy; miazga kakaowa; laktoza (z <strong>mleka<\/strong>); serwatka w proszku (z <strong>mleka<\/strong>); t\u0142uszcz <strong>mleczny<\/strong>; m\u0105ka <strong>pszenna<\/strong>; emulgatory: lecytyny (z <strong>soi<\/strong>), lecytyny; olej palmowy; kakao o obni\u017conej zawarto\u015bci t\u0142uszczu; naturalny aromat waniliowy; naturalne aromaty; substancje spulchniaj\u0105ce: wodorow\u0119glan amonu, wodorow\u0119glan sodu, w\u0119glan potasu; s\u00f3l.<\/p>\n<p><strong>WARTO\u015a\u0106 OD\u017bYWCZA w 100 g<\/p>\n<p><\/strong><\/p>\n<table width=\"359\">\n<tbody>\n<tr>\n<td width=\"179\">Warto\u015b\u0107 od\u017cywcza<\/td>\n<td width=\"180\">w 100 g produktu<\/td>\n<\/tr>\n<tr>\n<td width=\"179\">Warto\u015b\u0107 energetyczna (kJ\/ kcal)<\/td>\n<td width=\"180\">2343\/ 560<\/td>\n<\/tr>\n<tr>\n<td width=\"179\">T\u0142uszcz [g]<\/td>\n<td width=\"180\">35<\/td>\n<\/tr>\n<tr>\n<td width=\"179\">\u00a0\u00a0\u00a0\u00a0\u00a0\u00a0\u00a0\u00a0\u00a0 W tym NKT [g]<\/td>\n<td width=\"180\">18<\/td>\n<\/tr>\n<tr>\n<td width=\"179\">W\u0119glowodany [g]<\/td>\n<td width=\"180\">57<\/td>\n<\/tr>\n<tr>\n<td width=\"179\">\u00a0\u00a0\u00a0\u00a0\u00a0\u00a0\u00a0\u00a0\u00a0 W tym cukry [g]<\/td>\n<td width=\"180\">56<\/td>\n<\/tr>\n<tr>\n<td width=\"179\">Bia\u0142ko [g]<\/td>\n<td width=\"180\">4,5<\/td>\n<\/tr>\n<tr>\n<td width=\"179\">S\u00f3l [g]<\/td>\n<td width=\"180\">0,1<\/td>\n<\/tr>\n<\/tbody>\n<\/table>\n<p>Czekolada mleczna: zawarto\u015b\u0107 masy kakaowej minimum 33%.<\/p>\n<p>Nadzienie spulchnione azotem.<\/p>\n<p><strong>Produkt mo\u017ce zawiera\u0107 tak\u017ce: orzeszki ziemne, orzechy, j\u0119czmie\u0144 oraz jaja.<\/p>\n<p><\/strong><\/p>\n<p><strong>\u00a0<\/strong><\/p>\n","protected":false},"excerpt":{"rendered":"<p>Zestaw jajek wykonanych z czekolady mlecznej couverture 33% masy kakaowej nadziewanych delikatnym, napowietrzonym kremem ciasteczkowym.<\/p>\n<p>W opakowaniu znajduj\u0105 si\u0119 4 czekoladowe jajka oraz dwie \u0142y\u017ceczki (144 g).<\/p>\n","protected":false},"featured_media":2801,"template":"","meta":{"inline_featured_image":false},"product_brand":[],"product_cat":[23],"product_tag":[],"class_list":{"0":"post-2800","1":"product","2":"type-product","3":"status-publish","4":"has-post-thumbnail","6":"product_cat-wyroby-wielkanocne","7":"description-off","9":"first","10":"outofstock","11":"taxable","12":"shipping-taxable","13":"purchasable","14":"product-type-simple"},"aioseo_notices":[],"_links":{"self":[{"href":"https:\/\/www.luczniczka.com\/sklep\/wp-json\/wp\/v2\/product\/2800","targetHints":{"allow":["GET"]}}],"collection":[{"href":"https:\/\/www.luczniczka.com\/sklep\/wp-json\/wp\/v2\/product"}],"about":[{"href":"https:\/\/www.luczniczka.com\/sklep\/wp-json\/wp\/v2\/types\/product"}],"wp:featuredmedia":[{"embeddable":true,"href":"https:\/\/www.luczniczka.com\/sklep\/wp-json\/wp\/v2\/media\/2801"}],"wp:attachment":[{"href":"https:\/\/www.luczniczka.com\/sklep\/wp-json\/wp\/v2\/media?parent=2800"}],"wp:term":[{"taxonomy":"product_brand","embeddable":true,"href":"https:\/\/www.luczniczka.com\/sklep\/wp-json\/wp\/v2\/product_brand?post=2800"},{"taxonomy":"product_cat","embeddable":true,"href":"https:\/\/www.luczniczka.com\/sklep\/wp-json\/wp\/v2\/product_cat?post=2800"},{"taxonomy":"product_tag","embeddable":true,"href":"https:\/\/www.luczniczka.com\/sklep\/wp-json\/wp\/v2\/product_tag?post=2800"}],"curies":[{"name":"wp","href":"https:\/\/api.w.org\/{rel}","templated":true}]}}