{"id":24401,"date":"2026-05-08T11:41:30","date_gmt":"2026-05-08T09:41:30","guid":{"rendered":"https:\/\/www.luczniczka.com\/sklep\/?post_type=product&#038;p=24401"},"modified":"2026-05-08T11:41:30","modified_gmt":"2026-05-08T09:41:30","slug":"baton-z-nadzieniem-kajmakowym-z-sola-morska-i-orzeszkami-ziemnymi-oblane-biala-czekolada-40-g","status":"publish","type":"product","link":"https:\/\/www.luczniczka.com\/sklep\/produkt\/baton-z-nadzieniem-kajmakowym-z-sola-morska-i-orzeszkami-ziemnymi-oblane-biala-czekolada-40-g\/","title":{"rendered":"Baton z nadzieniem kajmakowym z sol\u0105 morsk\u0105 i orzeszkami ziemnymi oblane bia\u0142\u0105 czekolad\u0105 40 g"},"content":{"rendered":"<p><strong>BATON Z NADZIENIEM KAJMAKOWYM Z SOL\u0104 MORSK\u0104 I ORZESZKAMI ZIEMNYMI OBLANE BIA\u0141\u0104 CZEKOLAD\u0104.<\/strong><\/p>\n<p>Sk\u0142adniki: nadzienie 70% (kajmak 40% (cukier; odt\u0142uszczone <strong>mleko<\/strong> w proszku; olej kokosowy; <strong>mleko <\/strong>pasteryzowane; substancja zag\u0119szczaj\u0105ca: pektyny; s\u00f3l morska jodowana 0,7%); <strong>orzeszki<\/strong> <strong>ziemne<\/strong> 40%; czekolada mleczna 20% (cukier; t\u0142uszcz kakaowy; <strong>mleko<\/strong> w proszku pe\u0142ne; miazga kakaowa; serwatka w proszku (z <strong>mleka<\/strong>); t\u0142uszcz <strong>mleczny<\/strong>; emulgator: lecytyny (z <strong>soi<\/strong>); naturalny aromat waniliowy)); czekolada bia\u0142a 30% (cukier; t\u0142uszcz kakaowy; <strong>mleko<\/strong> w proszku pe\u0142ne; emulgator: lecytyny (z <strong>soi<\/strong>)). Czekolada mleczna: zawarto\u015b\u0107 masy kakaowej minimum 33%.<\/p>\n<p><strong>Produkt mo\u017ce zawiera\u0107: orzechy, pszenic\u0119, j\u0119czmie\u0144 oraz jaja. \u00a0<\/strong><u>WARTO\u015a\u0106 OD\u017bYWCZA W 100 g PRODUKTU: <\/u>Warto\u015b\u0107 energetyczna 2119 kJ\/508 kcal; T\u0142uszcz 32 g, w tym nasycone kwasy t\u0142uszczowe 14 g; W\u0119glowodany 43 g, w tym cukry 41 g; Bia\u0142ko 12 g; S\u00f3l 0,4 g.<\/p>\n","protected":false},"excerpt":{"rendered":"<p>Pyszny baton nadziewany kajmakiem, z orzeszkami ziemnymi i sol\u0105 morsk\u0105 w bia\u0142ej czekoladzie.<\/p>\n<p>Idealny na pyszn\u0105 przek\u0105sk\u0119.<\/p>\n<p>S\u0142odko &#8211; s\u0142one po\u0142\u0105czenie zamkni\u0119te w delikatnej czekoladzie, kt\u00f3ra zachwyca intensywnym smakiem.<\/p>\n","protected":false},"featured_media":24393,"template":"","meta":{"inline_featured_image":false},"product_brand":[],"product_cat":[49],"product_tag":[],"class_list":{"0":"post-24401","1":"product","2":"type-product","3":"status-publish","4":"has-post-thumbnail","6":"product_cat-batony","7":"description-off","9":"first","10":"instock","11":"taxable","12":"shipping-taxable","13":"purchasable","14":"product-type-simple"},"aioseo_notices":[],"_links":{"self":[{"href":"https:\/\/www.luczniczka.com\/sklep\/wp-json\/wp\/v2\/product\/24401","targetHints":{"allow":["GET"]}}],"collection":[{"href":"https:\/\/www.luczniczka.com\/sklep\/wp-json\/wp\/v2\/product"}],"about":[{"href":"https:\/\/www.luczniczka.com\/sklep\/wp-json\/wp\/v2\/types\/product"}],"wp:featuredmedia":[{"embeddable":true,"href":"https:\/\/www.luczniczka.com\/sklep\/wp-json\/wp\/v2\/media\/24393"}],"wp:attachment":[{"href":"https:\/\/www.luczniczka.com\/sklep\/wp-json\/wp\/v2\/media?parent=24401"}],"wp:term":[{"taxonomy":"product_brand","embeddable":true,"href":"https:\/\/www.luczniczka.com\/sklep\/wp-json\/wp\/v2\/product_brand?post=24401"},{"taxonomy":"product_cat","embeddable":true,"href":"https:\/\/www.luczniczka.com\/sklep\/wp-json\/wp\/v2\/product_cat?post=24401"},{"taxonomy":"product_tag","embeddable":true,"href":"https:\/\/www.luczniczka.com\/sklep\/wp-json\/wp\/v2\/product_tag?post=24401"}],"curies":[{"name":"wp","href":"https:\/\/api.w.org\/{rel}","templated":true}]}}