{"id":24205,"date":"2026-04-29T07:30:57","date_gmt":"2026-04-29T05:30:57","guid":{"rendered":"https:\/\/www.luczniczka.com\/sklep\/?post_type=product&#038;p=24205"},"modified":"2026-04-29T08:47:47","modified_gmt":"2026-04-29T06:47:47","slug":"premium-coffee-pralines-120-g","status":"publish","type":"product","link":"https:\/\/www.luczniczka.com\/sklep\/produkt\/premium-coffee-pralines-120-g\/","title":{"rendered":"Premium coffee Pralines 120 g"},"content":{"rendered":"<p>Sk\u0142ad:<\/p>\n<p>Sk\u0142adniki: cukier;\u00a0<strong>mleko<\/strong>\u00a0UHT; t\u0142uszcz kakaowy;\u00a0<strong>mleko<\/strong>\u00a0pe\u0142ne w proszku;\u00a0<strong>\u015bmietanka<\/strong>\u00a0UHT; alkohol 6,5%; miazga kakaowa; t\u0142uszcze i oleje ro\u015blinne ( shea, rzepakowy; palmowy; s\u0142onecznikowy; rzepakowy) w zmiennych proporcjach); serwatka w proszku (z\u00a0<strong>mleka<\/strong>); laktoza w proszku (z\u00a0<strong>mleka<\/strong>); kawa 0,1%; kawa instant 0,08%; substancja utrzymuj\u0105ca wilgo\u0107: syrop sorbitolowy; t\u0142uszcz\u00a0<strong>mleczny<\/strong>;\u00a0<strong>mleko<\/strong>\u00a0odt\u0142uszczone w proszku; kakao w proszku o obni\u017conej zawarto\u015bci t\u0142uszczu; emulgatory: lecytyny (z\u00a0<strong>soi<\/strong>), lecytyny; naturalny aromat waniliowy; aromaty.<\/p>\n<p><strong>Produkt mo\u017ce zawiera\u0107: orzeszki ziemne, inne orzechy, pszenic\u0119, j\u0119czmie\u0144 oraz jaja<\/strong><\/p>\n<table style=\"height: 387px;\" width=\"313\">\n<tbody>\n<tr>\n<td width=\"140\"><strong>Warto\u015b\u0107 od\u017cywcza<\/strong><\/td>\n<td width=\"76\"><strong>\u00a0 \u00a0 w 100 g<\/strong><\/td>\n<\/tr>\n<tr>\n<td width=\"140\">Warto\u015b\u0107 energetyczna (kJ\/ kcal)<\/td>\n<td width=\"76\">\u00a0 \u00a0 1943\/ 465<\/td>\n<\/tr>\n<tr>\n<td width=\"140\">T\u0142uszcz [g]<\/td>\n<td width=\"76\">\u00a0 \u00a0 \u00a0 \u00a0 \u00a0 27<\/td>\n<\/tr>\n<tr>\n<td width=\"140\">w tym kwasy t\u0142uszczowe nasycone [g]<\/td>\n<td width=\"76\">\u00a0 \u00a0 \u00a0 \u00a0 \u00a015<\/td>\n<\/tr>\n<tr>\n<td width=\"140\">W\u0119glowodany [g]<\/td>\n<td width=\"76\">\u00a0 \u00a0 \u00a0 \u00a0 \u00a042<\/td>\n<\/tr>\n<tr>\n<td width=\"140\">w tym cukry [g]<\/td>\n<td width=\"76\">\u00a0 \u00a0 \u00a0 \u00a0 \u00a041<\/td>\n<\/tr>\n<tr>\n<td width=\"140\">Bia\u0142ko [g]<\/td>\n<td width=\"76\">\u00a0 \u00a0 \u00a0 \u00a0 3,9<\/td>\n<\/tr>\n<tr>\n<td width=\"140\">S\u00f3l [g]<\/td>\n<td width=\"76\">\u00a0 \u00a0 \u00a0 \u00a0 0,2<\/td>\n<\/tr>\n<\/tbody>\n<\/table>\n","protected":false},"excerpt":{"rendered":"<p><img loading=\"lazy\" decoding=\"async\" class=\"alignnone wp-image-14839\" src=\"https:\/\/www.luczniczka.com\/sklep\/wp-content\/uploads\/2025\/10\/zawiera_alkohol_transparent-300x300.png\" alt=\"\" width=\"100\" height=\"100\" \/><img loading=\"lazy\" decoding=\"async\" class=\"alignnone wp-image-19803\" src=\"https:\/\/www.luczniczka.com\/sklep\/wp-content\/uploads\/2026\/01\/ChatGPT-Image-16-sty-2026-09_48_11-300x300.png\" alt=\"\" width=\"90\" height=\"90\" srcset=\"https:\/\/www.luczniczka.com\/sklep\/wp-content\/uploads\/2026\/01\/ChatGPT-Image-16-sty-2026-09_48_11-300x300.png 300w, https:\/\/www.luczniczka.com\/sklep\/wp-content\/uploads\/2026\/01\/ChatGPT-Image-16-sty-2026-09_48_11-150x150.png 150w, https:\/\/www.luczniczka.com\/sklep\/wp-content\/uploads\/2026\/01\/ChatGPT-Image-16-sty-2026-09_48_11-768x768.png 768w, https:\/\/www.luczniczka.com\/sklep\/wp-content\/uploads\/2026\/01\/ChatGPT-Image-16-sty-2026-09_48_11-600x600.png 600w, https:\/\/www.luczniczka.com\/sklep\/wp-content\/uploads\/2026\/01\/ChatGPT-Image-16-sty-2026-09_48_11-200x200.png 200w, https:\/\/www.luczniczka.com\/sklep\/wp-content\/uploads\/2026\/01\/ChatGPT-Image-16-sty-2026-09_48_11.png 1024w\" sizes=\"auto, (max-width: 90px) 100vw, 90px\" \/><\/p>\n<p>Produkt ten to unikalne po\u0142\u0105czenie czekolady mlecznej oraz kremowego nadzienia z dodatkiem kawy.<br \/>\nJedyne w swoim rodzaju kremowe nadzienie alkoholowe nadaje ka\u017cdej pralinie wyj\u0105tkowy, wyrazisty smak. Smak, kt\u00f3ry na d\u0142ugo pozostanie w pami\u0119ci.<\/p>\n<p>Praliny 120 g zapakowane s\u0105 w eleganckie opakowanie, kt\u00f3re doskonale nadaje si\u0119 jako upominek dla bliskiej osoby.<\/p>\n<p>Praliny charakteryzuj\u0105 si\u0119 wysok\u0105 jako\u015bci poniewa\u017c wytwarzane s\u0105 z komponent\u00f3w o najwy\u017cszej jako\u015bci oraz z dba\u0142o\u015bci\u0105 o ka\u017cdy szczeg\u00f3\u0142.<\/p>\n<p>O naszych pralinach mo\u017cna powiedzie\u0107, \u017ce s\u0105 wi\u0119cej ni\u017c dobre- s\u0105 wy\u015bmienite!<\/p>\n<p>Zawarto\u015b\u0107 alkoholu w nadzieniu wynosi 13%.<\/p>\n<p>Masa netto produktu 120 g.<\/p>\n<p><small>Zdj\u0119cia maj\u0105 charakter pogl\u0105dowy- kolorystyka mo\u017ce nieznacznie odbiega\u0107 od zdj\u0119\u0107 prezentowanych w ofercie.<\/small><\/p>\n<p>&nbsp;<\/p>\n","protected":false},"featured_media":24193,"template":"","meta":{"inline_featured_image":false},"product_brand":[],"product_cat":[18],"product_tag":[],"class_list":{"0":"post-24205","1":"product","2":"type-product","3":"status-publish","4":"has-post-thumbnail","6":"product_cat-praliny-z-alkoholem","7":"description-off","9":"first","10":"instock","11":"taxable","12":"shipping-taxable","13":"purchasable","14":"product-type-simple"},"aioseo_notices":[],"_links":{"self":[{"href":"https:\/\/www.luczniczka.com\/sklep\/wp-json\/wp\/v2\/product\/24205","targetHints":{"allow":["GET"]}}],"collection":[{"href":"https:\/\/www.luczniczka.com\/sklep\/wp-json\/wp\/v2\/product"}],"about":[{"href":"https:\/\/www.luczniczka.com\/sklep\/wp-json\/wp\/v2\/types\/product"}],"wp:featuredmedia":[{"embeddable":true,"href":"https:\/\/www.luczniczka.com\/sklep\/wp-json\/wp\/v2\/media\/24193"}],"wp:attachment":[{"href":"https:\/\/www.luczniczka.com\/sklep\/wp-json\/wp\/v2\/media?parent=24205"}],"wp:term":[{"taxonomy":"product_brand","embeddable":true,"href":"https:\/\/www.luczniczka.com\/sklep\/wp-json\/wp\/v2\/product_brand?post=24205"},{"taxonomy":"product_cat","embeddable":true,"href":"https:\/\/www.luczniczka.com\/sklep\/wp-json\/wp\/v2\/product_cat?post=24205"},{"taxonomy":"product_tag","embeddable":true,"href":"https:\/\/www.luczniczka.com\/sklep\/wp-json\/wp\/v2\/product_tag?post=24205"}],"curies":[{"name":"wp","href":"https:\/\/api.w.org\/{rel}","templated":true}]}}