{"id":2327,"date":"2021-10-27T10:14:22","date_gmt":"2021-10-27T08:14:22","guid":{"rendered":"https:\/\/www.luczniczka.com\/sklep\/?post_type=product&#038;p=2327"},"modified":"2026-02-25T10:59:15","modified_gmt":"2026-02-25T09:59:15","slug":"gwiazdka-bozonarodzeniowa-biala-48-g","status":"publish","type":"product","link":"https:\/\/www.luczniczka.com\/sklep\/produkt\/gwiazdka-bozonarodzeniowa-biala-48-g\/","title":{"rendered":"Gwiazdka Bo\u017conarodzeniowa bia\u0142a 48 g"},"content":{"rendered":"<p><strong>Sk\u0142adniki:<\/strong>\u00a0czekolada mleczna 50% (cukier; t\u0142uszcz kakaowy; mleko pe\u0142ne w proszku; miazga kakaowa; serwatka w proszku (z mleka); t\u0142uszcz mleczny; emulgator: lecytyny (z soi); naturalny aromat waniliowy); nadzienie mleczne 50% (cukier; t\u0142uszcze ro\u015blinne (shea, rzepakowy) w zmiennych proporcjach; laktoza (z mleka); mleko pe\u0142ne w proszku 10%; serwatka w proszku (z mleka); emulgator: lecytyny; aromaty).<\/p>\n<p>Czekolada mleczna: zawarto\u015b\u0107 masy kakaowej minimum 33%<\/p>\n<p><strong>Produkt mo\u017ce zawiera\u0107 tak\u017ce:<\/strong>\u00a0<strong>orzechy, orzeszki ziemne, gluten oraz jaja<\/strong><\/p>\n<p>&nbsp;<\/p>\n<p>&nbsp;<\/p>\n<p>&nbsp;<\/p>\n","protected":false},"excerpt":{"rendered":"<p>Kuleczki wyprodukowane z czekolady mlecznej couverture 33% masy kakaowej nadziane rozp\u0142ywaj\u0105cym si\u0119 w ustach nadzieniem mlecznym.<\/p>\n<p>W oryginalnym opakowaniu w kszta\u0142cie Bo\u017conarodzeniowej gwiazdki znale\u017a\u0107 mo\u017cna ma\u0142e kuleczki z czekolady mlecznej wype\u0142nione po brzegi przepysznym mlecznym nadzieniem, kt\u00f3re s\u0105 pe\u0142ne mlecznego smaku oraz aromatu.<\/p>\n<p>Bia\u0142e opakowanie Bo\u017conarodzeniowej gwiazdki idealnie nada si\u0119 jako ozdoba choinkowa, kt\u00f3ra bez w\u0105tpienia upi\u0119kszy swoim oryginalnym designem ka\u017cde wn\u0119trze.<\/p>\n<p>Opakowanie zawiera 48 g czekoladowych kuleczek.<\/p>\n","protected":false},"featured_media":2783,"template":"","meta":{"inline_featured_image":false},"product_brand":[],"product_cat":[22],"product_tag":[],"class_list":{"0":"post-2327","1":"product","2":"type-product","3":"status-publish","4":"has-post-thumbnail","6":"product_cat-wyroby-bozonarodzeniowe","7":"description-off","9":"first","10":"outofstock","11":"taxable","12":"shipping-taxable","13":"purchasable","14":"product-type-simple"},"aioseo_notices":[],"_links":{"self":[{"href":"https:\/\/www.luczniczka.com\/sklep\/wp-json\/wp\/v2\/product\/2327","targetHints":{"allow":["GET"]}}],"collection":[{"href":"https:\/\/www.luczniczka.com\/sklep\/wp-json\/wp\/v2\/product"}],"about":[{"href":"https:\/\/www.luczniczka.com\/sklep\/wp-json\/wp\/v2\/types\/product"}],"wp:featuredmedia":[{"embeddable":true,"href":"https:\/\/www.luczniczka.com\/sklep\/wp-json\/wp\/v2\/media\/2783"}],"wp:attachment":[{"href":"https:\/\/www.luczniczka.com\/sklep\/wp-json\/wp\/v2\/media?parent=2327"}],"wp:term":[{"taxonomy":"product_brand","embeddable":true,"href":"https:\/\/www.luczniczka.com\/sklep\/wp-json\/wp\/v2\/product_brand?post=2327"},{"taxonomy":"product_cat","embeddable":true,"href":"https:\/\/www.luczniczka.com\/sklep\/wp-json\/wp\/v2\/product_cat?post=2327"},{"taxonomy":"product_tag","embeddable":true,"href":"https:\/\/www.luczniczka.com\/sklep\/wp-json\/wp\/v2\/product_tag?post=2327"}],"curies":[{"name":"wp","href":"https:\/\/api.w.org\/{rel}","templated":true}]}}