{"id":2273,"date":"2021-10-18T14:00:25","date_gmt":"2021-10-18T12:00:25","guid":{"rendered":"https:\/\/www.luczniczka.com\/sklep\/?post_type=product&#038;p=2273"},"modified":"2025-12-08T13:08:02","modified_gmt":"2025-12-08T12:08:02","slug":"premium-orange-liqueur-pralines-144-g-winter-edition","status":"publish","type":"product","link":"https:\/\/www.luczniczka.com\/sklep\/produkt\/premium-orange-liqueur-pralines-144-g-winter-edition\/","title":{"rendered":"Premium Orange Liqueur Pralines 144 g &#8211; Winter Edition"},"content":{"rendered":"<table>\n<tbody>\n<tr>\n<td><strong>Sk\u0142adniki:<\/strong> cukier; t\u0142uszcz kakaowy; <strong>\u015bmietanka<\/strong> UHT; <strong>mleko<\/strong> pe\u0142ne w proszku; miazga kakaowa; <strong>mleko<\/strong> UHT; alkohol 6,5%; serwatka w proszku (z <strong>mleka<\/strong>); t\u0142uszcz <strong>mleczny<\/strong>; substancja utrzymuj\u0105ca wilgo\u0107: sorbitole; emulgator: lecytyny (z <strong>soi<\/strong>); naturalny aromat waniliowy; naturalny aromat pomara\u0144czowy.<\/p>\n<table>\n<tbody>\n<tr>\n<td><strong>Produkt mo\u017ce zawiera\u0107 : orzeszki ziemne, orzechy, pszenic\u0119, j\u0119czmie\u0144 oraz jaja.<\/strong><\/p>\n<p>Czekolada mleczna: zawarto\u015b\u0107 masy kakaowej minimum 33%.<\/p>\n<p>&nbsp;<\/td>\n<\/tr>\n<\/tbody>\n<\/table>\n<p><strong>Ze wzgl\u0119du na zawarto\u015b\u0107 alkoholu produkt nie jest rekomendowany dla dzieci i m\u0142odzie\u017cy poni\u017cej 18 roku \u017cycia.<\/strong><\/p>\n<p>&nbsp;<\/p>\n<table width=\"215\">\n<tbody>\n<tr>\n<td width=\"140\"><strong>Warto\u015b\u0107 od\u017cywcza<\/strong><\/td>\n<td width=\"76\"><strong>w 100 g<\/strong><\/td>\n<\/tr>\n<tr>\n<td width=\"140\">Warto\u015b\u0107 energetyczna (kJ\/ kcal)<\/td>\n<td width=\"76\">1818\/436<\/td>\n<\/tr>\n<tr>\n<td width=\"140\">T\u0142uszcz [g]<\/td>\n<td width=\"76\">28<\/td>\n<\/tr>\n<tr>\n<td width=\"140\">W tym kwasy t\u0142uszczowe nasycone [g]<\/td>\n<td width=\"76\">17<\/td>\n<\/tr>\n<tr>\n<td width=\"140\">W\u0119glowodany [g]<\/td>\n<td width=\"76\">42<\/td>\n<\/tr>\n<tr>\n<td width=\"140\">W tym cukry [g]<\/td>\n<td width=\"76\">41<\/td>\n<\/tr>\n<tr>\n<td width=\"140\">Bia\u0142ko [g]<\/td>\n<td width=\"76\">4,0<\/td>\n<\/tr>\n<tr>\n<td width=\"140\">S\u00f3l [g]<\/td>\n<td width=\"76\">0,24<\/td>\n<\/tr>\n<\/tbody>\n<\/table>\n<\/td>\n<\/tr>\n<\/tbody>\n<\/table>\n","protected":false},"excerpt":{"rendered":"<p>Nasze kultowe czekoladowe praliny z wybornym nadzieniem na bazie likieru pomara\u0144czowego. Praliny zosta\u0142y wyprodukowane z czekolady mlecznej couverture 33% masy kakaowej.<\/p>\n<p>Lekki owocowy smak dojrza\u0142ych i soczystych pomara\u0144czy w po\u0142\u0105czeniu z alkoholem i mleczn\u0105 czekolad\u0105 daje wyrazisty, niecodzienny smak, kt\u00f3ry czu\u0107 w ka\u017cdym k\u0119sie. G\u0119ste, pyszne, kremowe nadzienie, kt\u00f3re wype\u0142nione jest po same brzegi pralinki kryje w sobie g\u0142\u0119bie intensywnego smaku, kt\u00f3ry pokocha ka\u017cdy.<\/p>\n<p>Ciemna, stylowa grafika opakowania zosta\u0142a specjalnie zaprojektowana na sezon zimowy.<\/p>\n<p>Wi\u0119ksze opakowanie zawiera 144 g pralin, kt\u00f3re bez w\u0105tpienia mo\u017cna podarowa\u0107 jako s\u0142odki upominek na r\u00f3\u017cne okazje.<\/p>\n","protected":false},"featured_media":2787,"template":"","meta":{"inline_featured_image":false},"product_brand":[],"product_cat":[22],"product_tag":[],"class_list":{"0":"post-2273","1":"product","2":"type-product","3":"status-publish","4":"has-post-thumbnail","6":"product_cat-wyroby-bozonarodzeniowe","7":"description-off","9":"first","10":"outofstock","11":"taxable","12":"shipping-taxable","13":"purchasable","14":"product-type-simple"},"aioseo_notices":[],"_links":{"self":[{"href":"https:\/\/www.luczniczka.com\/sklep\/wp-json\/wp\/v2\/product\/2273","targetHints":{"allow":["GET"]}}],"collection":[{"href":"https:\/\/www.luczniczka.com\/sklep\/wp-json\/wp\/v2\/product"}],"about":[{"href":"https:\/\/www.luczniczka.com\/sklep\/wp-json\/wp\/v2\/types\/product"}],"wp:featuredmedia":[{"embeddable":true,"href":"https:\/\/www.luczniczka.com\/sklep\/wp-json\/wp\/v2\/media\/2787"}],"wp:attachment":[{"href":"https:\/\/www.luczniczka.com\/sklep\/wp-json\/wp\/v2\/media?parent=2273"}],"wp:term":[{"taxonomy":"product_brand","embeddable":true,"href":"https:\/\/www.luczniczka.com\/sklep\/wp-json\/wp\/v2\/product_brand?post=2273"},{"taxonomy":"product_cat","embeddable":true,"href":"https:\/\/www.luczniczka.com\/sklep\/wp-json\/wp\/v2\/product_cat?post=2273"},{"taxonomy":"product_tag","embeddable":true,"href":"https:\/\/www.luczniczka.com\/sklep\/wp-json\/wp\/v2\/product_tag?post=2273"}],"curies":[{"name":"wp","href":"https:\/\/api.w.org\/{rel}","templated":true}]}}