{"id":19243,"date":"2025-12-29T14:13:55","date_gmt":"2025-12-29T13:13:55","guid":{"rendered":"https:\/\/www.luczniczka.com\/sklep\/?post_type=product&#038;p=19243"},"modified":"2026-03-20T14:13:09","modified_gmt":"2026-03-20T13:13:09","slug":"zestaw-upominkowy-kolorowy-zawrot-glowy","status":"publish","type":"product","link":"https:\/\/www.luczniczka.com\/sklep\/produkt\/zestaw-upominkowy-kolorowy-zawrot-glowy\/","title":{"rendered":"Zestaw upominkowy <br>&#8222;Kolorowy zawr\u00f3t g\u0142owy&#8221;<br>1,5 kg"},"content":{"rendered":"<p>Sk\u0142adniki wyrob\u00f3w dost\u0119pne na poszczeg\u00f3lnych stronach produktowych.<\/p>\n<p>Czekolada mleczna: zawarto\u015b\u0107 masy kakaowej minimum 33%.<br \/>\nCzekolada deserowa: zawarto\u015b\u0107 masy kakaowej minimum 56%.<\/p>\n<p><strong>Produkt mo\u017ce zawiera\u0107 tak\u017ce:<\/strong>\u00a0<strong>orzechy, orzeszki ziemne, gluten oraz jaja<\/strong><\/p>\n<p><strong>Produkt nie zawiera alkoholu.<\/strong><\/p>\n","protected":false},"excerpt":{"rendered":"<p>Mix pralin (w zmiennych proporcjach) z kremowym nadzieniem: mlecznym, kakaowym, pistacjowym, orzech laskowy, s\u0142ony karmel, owocowy, kokosowym.<br \/>\nPraliny charakteryzuje wysoka jako\u015b\u0107. Produkcja pralin odbywa si\u0119 bowiem przy zachowaniu najwy\u017cszych mi\u0119dzynarodowych standard\u00f3w \u017cywno\u015bci.<\/p>\n<p><small>Zdj\u0119cia maj\u0105 charakter pogl\u0105dowy- kolorystyka mo\u017ce nieznacznie odbiega\u0107 od zdj\u0119\u0107 prezentowanych w ofercie.<\/small><\/p>\n","protected":false},"featured_media":19599,"template":"","meta":{"inline_featured_image":false},"product_brand":[],"product_cat":[43,29],"product_tag":[],"class_list":{"0":"post-19243","1":"product","2":"type-product","3":"status-publish","4":"has-post-thumbnail","6":"product_cat-pralinki-bez-alkoholu","7":"product_cat-kosze-upominkowe","8":"description-off","10":"first","11":"instock","12":"taxable","13":"shipping-taxable","14":"purchasable","15":"product-type-simple"},"aioseo_notices":[],"_links":{"self":[{"href":"https:\/\/www.luczniczka.com\/sklep\/wp-json\/wp\/v2\/product\/19243","targetHints":{"allow":["GET"]}}],"collection":[{"href":"https:\/\/www.luczniczka.com\/sklep\/wp-json\/wp\/v2\/product"}],"about":[{"href":"https:\/\/www.luczniczka.com\/sklep\/wp-json\/wp\/v2\/types\/product"}],"wp:featuredmedia":[{"embeddable":true,"href":"https:\/\/www.luczniczka.com\/sklep\/wp-json\/wp\/v2\/media\/19599"}],"wp:attachment":[{"href":"https:\/\/www.luczniczka.com\/sklep\/wp-json\/wp\/v2\/media?parent=19243"}],"wp:term":[{"taxonomy":"product_brand","embeddable":true,"href":"https:\/\/www.luczniczka.com\/sklep\/wp-json\/wp\/v2\/product_brand?post=19243"},{"taxonomy":"product_cat","embeddable":true,"href":"https:\/\/www.luczniczka.com\/sklep\/wp-json\/wp\/v2\/product_cat?post=19243"},{"taxonomy":"product_tag","embeddable":true,"href":"https:\/\/www.luczniczka.com\/sklep\/wp-json\/wp\/v2\/product_tag?post=19243"}],"curies":[{"name":"wp","href":"https:\/\/api.w.org\/{rel}","templated":true}]}}