{"id":1670,"date":"2021-03-25T19:32:33","date_gmt":"2021-03-25T18:32:33","guid":{"rendered":"https:\/\/www.luczniczka.com\/sklep\/?post_type=product&#038;p=1670"},"modified":"2026-02-25T07:46:09","modified_gmt":"2026-02-25T06:46:09","slug":"zestaw-upominkowy-w-dniu-slubu","status":"publish","type":"product","link":"https:\/\/www.luczniczka.com\/sklep\/produkt\/zestaw-upominkowy-w-dniu-slubu\/","title":{"rendered":"Zestaw upominkowy &#8222;W dniu \u015blubu&#8221;<br>0,5 kg"},"content":{"rendered":"<p>Sk\u0142adniki wyrob\u00f3w dost\u0119pne na poszczeg\u00f3lnych stronach produktowych.<\/p>\n<p>Czekolada mleczna: zawarto\u015b\u0107 masy kakaowej minimum 33%.<br \/>\nCzekolada: zawarto\u015b\u0107 masy kakaowej minimum 56%.<\/p>\n<p><strong>Produkt mo\u017ce zawiera\u0107 tak\u017ce:<\/strong>\u00a0<strong>orzechy, orzeszki ziemne, gluten oraz jaja<\/strong><\/p>\n","protected":false},"excerpt":{"rendered":"<p>Woreczek jutowy z dedykacj\u0105, idealna propozycja na prezent.<\/p>\n<p>Dost\u0119pny w dw\u00f3ch wariantach:<\/p>\n<p>A &#8211; zawiera 0,5 kg pralin z nadzieniem zawieraj\u0105cym alkohol<\/p>\n<p>B &#8211; zawiera 0,5 kg pralin z nadzieniem nie zawieraj\u0105cym alkoholu<\/p>\n<p>W przypadku braku informacji o wyborze wariantu, zastrzegamy sobie prawo wysy\u0142ki losowo wybranego sk\u0142adu.<\/p>\n<p>Zdj\u0119cia maj\u0105 charakter pogl\u0105dowy- kolorystyka mo\u017ce nieznacznie odbiega\u0107 od zdj\u0119\u0107 prezentowanych w ofercie.<\/p>\n<p>&nbsp;<\/p>\n","protected":false},"featured_media":1522,"template":"","meta":{"inline_featured_image":false},"product_brand":[],"product_cat":[29],"product_tag":[],"class_list":{"0":"post-1670","1":"product","2":"type-product","3":"status-publish","4":"has-post-thumbnail","6":"product_cat-kosze-upominkowe","7":"description-off","9":"first","10":"onbackorder","11":"taxable","12":"shipping-taxable","13":"purchasable","14":"product-type-simple"},"aioseo_notices":[],"_links":{"self":[{"href":"https:\/\/www.luczniczka.com\/sklep\/wp-json\/wp\/v2\/product\/1670","targetHints":{"allow":["GET"]}}],"collection":[{"href":"https:\/\/www.luczniczka.com\/sklep\/wp-json\/wp\/v2\/product"}],"about":[{"href":"https:\/\/www.luczniczka.com\/sklep\/wp-json\/wp\/v2\/types\/product"}],"wp:featuredmedia":[{"embeddable":true,"href":"https:\/\/www.luczniczka.com\/sklep\/wp-json\/wp\/v2\/media\/1522"}],"wp:attachment":[{"href":"https:\/\/www.luczniczka.com\/sklep\/wp-json\/wp\/v2\/media?parent=1670"}],"wp:term":[{"taxonomy":"product_brand","embeddable":true,"href":"https:\/\/www.luczniczka.com\/sklep\/wp-json\/wp\/v2\/product_brand?post=1670"},{"taxonomy":"product_cat","embeddable":true,"href":"https:\/\/www.luczniczka.com\/sklep\/wp-json\/wp\/v2\/product_cat?post=1670"},{"taxonomy":"product_tag","embeddable":true,"href":"https:\/\/www.luczniczka.com\/sklep\/wp-json\/wp\/v2\/product_tag?post=1670"}],"curies":[{"name":"wp","href":"https:\/\/api.w.org\/{rel}","templated":true}]}}