{"id":1654,"date":"2021-03-25T17:44:59","date_gmt":"2021-03-25T16:44:59","guid":{"rendered":"https:\/\/www.luczniczka.com\/sklep\/?post_type=product&#038;p=1654"},"modified":"2026-03-25T07:29:38","modified_gmt":"2026-03-25T06:29:38","slug":"sliwka-tucholska-500-g","status":"publish","type":"product","link":"https:\/\/www.luczniczka.com\/sklep\/produkt\/sliwka-tucholska-500-g\/","title":{"rendered":"Praliny &#8222;\u015aliwka Tucholska&#8221; 500 g Marcepan ze \u015bliwk\u0105 oblany czekolad\u0105 deserow\u0105"},"content":{"rendered":"<p><strong>sk\u0142adniki:<\/strong> czekolada couverture 40% (miazga kakaowa, cukier; t\u0142uszcz kakaowy; stabilizator: E 492; emulgatory: lecytyny (z soi); E 476), \u015bliwka kandyzowana 30 % (\u015bliwki; cukier; syrop glukozowo-fruktozowy; regulator kwasowo\u015bci; kwas cytrynowy), marcepan 28% (cukier; migda\u0142y; woda; substancja utrzymuj\u0105ca wilgo\u0107: sorbitol (z pszenicy); inwertaza, syrop z cukru inwertowanego; syrop glukozowy), czekolada mleczna\/bia\u0142a (cukier; t\u0142uszcz kakaowy; miazga kakaowa; mleko pe\u0142ne w proszku, odt\u0142uszczone mleko w proszku, serwatka w proszku (z mleka) emulgator lecytyny (z soi); naturalny aromat waniliowy<\/p>\n<table width=\"215\">\n<tbody>\n<tr>\n<td width=\"140\"><strong>Warto\u015b\u0107 od\u017cywcza<\/strong><\/td>\n<td width=\"76\"><strong>w 100 g<\/strong><\/td>\n<\/tr>\n<tr>\n<td width=\"140\">Warto\u015b\u0107 energetyczna (kJ\/ kcal)<\/td>\n<td width=\"76\">1823\/ 464<\/td>\n<\/tr>\n<tr>\n<td width=\"140\">T\u0142uszcz [g]<\/td>\n<td width=\"76\">20<\/td>\n<\/tr>\n<tr>\n<td width=\"140\">w tym kwasy t\u0142uszczowe nasycone [g]<\/td>\n<td width=\"76\">8,6<\/td>\n<\/tr>\n<tr>\n<td width=\"140\">W\u0119glowodany [g]<\/td>\n<td width=\"76\">57<\/td>\n<\/tr>\n<tr>\n<td width=\"140\">w tym cukry [g]<\/td>\n<td width=\"76\">52<\/td>\n<\/tr>\n<tr>\n<td width=\"140\">Bia\u0142ko [g]<\/td>\n<td width=\"76\">4,9<\/td>\n<\/tr>\n<tr>\n<td width=\"140\">S\u00f3l [g]<\/td>\n<td width=\"76\">0,01<\/td>\n<\/tr>\n<\/tbody>\n<\/table>\n<p>Czekolada mleczna couverture: zawarto\u015b\u0107 masy kakaowej minimum 33%.<br \/>\nCzekolada couverture: zawarto\u015b\u0107 masy kakowej minimum 60%.<\/p>\n<p><strong>Produkt mo\u017ce zawiera\u0107 tak\u017ce: orzeszki ziemne, inne orzechy oraz jaja<\/strong><\/p>\n<table>\n<tbody>\n<tr>\n<td><strong>Ze wzgl\u0119du na zawarto\u015b\u0107 alkoholu produkt nie jest rekomendowany dla dzieci<br \/>\ni m\u0142odzie\u017cy poni\u017cej 18 roku \u017cycia.<\/strong><\/td>\n<\/tr>\n<\/tbody>\n<\/table>\n","protected":false},"excerpt":{"rendered":"<p>Kandyzowana \u015bliwka otoczona marcepanem oblana czekolad\u0105 deserow\u0105 couverture 60% masy kakaowej zdobiona czekolad\u0105 mleczn\u0105 lub bia\u0142\u0105. Praliny produkowane s\u0105 w 100% r\u0119cznie.<\/p>\n<p>\u015aliwka zosta\u0142a poddana procesowi kandyzacji. Proces ten polega przede wszystkim na konserwowaniu wybranych produkt\u00f3w przy u\u017cyciu cukru \u2013 syropu cukrowego. Owoce, kt\u00f3re przygotowywane s\u0105 t\u0105 metod\u0105 d\u0142u\u017cej zachowuj\u0105 \u015bwie\u017co\u015b\u0107, sw\u00f3j naturalny smak oraz wszystkie w\u0142a\u015bciwo\u015bci.<\/p>\n<p>S\u0142odycz \u015bliwki wraz z cienk\u0105 warstw\u0105 marcepanu idealnie komponuje si\u0119 razem z czekolad\u0105 deserow\u0105, co w rezultacie daje niesamowite po\u0142\u0105czenie smakowe, kt\u00f3re doceni ka\u017cda osoba, kt\u00f3ra skosztuje naszej \u015aliwki Tucholskiej.<\/p>\n<p>Dzi\u0119ki r\u0119cznej produkcji, ka\u017cda pralinka charakteryzuje si\u0119 bardzo wysok\u0105 jako\u015bci\u0105 oraz dba\u0142o\u015bci\u0105 o ka\u017cdy szczeg\u00f3\u0142, co czu\u0107 w ka\u017cdym k\u0119sie.<\/p>\n<p>Opakowanie zawiera 500 g pralin.<\/p>\n<p><strong>Ze wzgl\u0119du na zawarto\u015b\u0107 alkoholu produkt nie jest rekomendowany dla dzieci i m\u0142odzie\u017cy poni\u017cej 18 roku \u017cycia.<\/strong><\/p>\n","protected":false},"featured_media":10593,"template":"","meta":{"inline_featured_image":false},"product_brand":[],"product_cat":[31],"product_tag":[],"class_list":{"0":"post-1654","1":"product","2":"type-product","3":"status-publish","4":"has-post-thumbnail","6":"product_cat-pralinki-rzemieslnicze","7":"description-off","9":"first","10":"outofstock","11":"taxable","12":"shipping-taxable","13":"purchasable","14":"product-type-simple"},"aioseo_notices":[],"_links":{"self":[{"href":"https:\/\/www.luczniczka.com\/sklep\/wp-json\/wp\/v2\/product\/1654","targetHints":{"allow":["GET"]}}],"collection":[{"href":"https:\/\/www.luczniczka.com\/sklep\/wp-json\/wp\/v2\/product"}],"about":[{"href":"https:\/\/www.luczniczka.com\/sklep\/wp-json\/wp\/v2\/types\/product"}],"wp:featuredmedia":[{"embeddable":true,"href":"https:\/\/www.luczniczka.com\/sklep\/wp-json\/wp\/v2\/media\/10593"}],"wp:attachment":[{"href":"https:\/\/www.luczniczka.com\/sklep\/wp-json\/wp\/v2\/media?parent=1654"}],"wp:term":[{"taxonomy":"product_brand","embeddable":true,"href":"https:\/\/www.luczniczka.com\/sklep\/wp-json\/wp\/v2\/product_brand?post=1654"},{"taxonomy":"product_cat","embeddable":true,"href":"https:\/\/www.luczniczka.com\/sklep\/wp-json\/wp\/v2\/product_cat?post=1654"},{"taxonomy":"product_tag","embeddable":true,"href":"https:\/\/www.luczniczka.com\/sklep\/wp-json\/wp\/v2\/product_tag?post=1654"}],"curies":[{"name":"wp","href":"https:\/\/api.w.org\/{rel}","templated":true}]}}