{"id":1647,"date":"2021-03-24T20:13:26","date_gmt":"2021-03-24T19:13:26","guid":{"rendered":"https:\/\/www.luczniczka.com\/sklep\/?post_type=product&#038;p=1647"},"modified":"2025-12-29T22:11:02","modified_gmt":"2025-12-29T21:11:02","slug":"jablko-czekoladzie-400g","status":"publish","type":"product","link":"https:\/\/www.luczniczka.com\/sklep\/produkt\/jablko-czekoladzie-400g\/","title":{"rendered":"Jab\u0142ko suszone w czekoladzie  400g"},"content":{"rendered":"<p>&nbsp;<\/p>\n<table>\n<tbody>\n<tr>\n<td>Sk\u0142adniki: czekolada 53% (miazga kakaowa; cukier; t\u0142uszcz kakaowy; emulgator: lecytyny (z <strong>soi<\/strong>); naturalny aromat waniliowy); jab\u0142ko suszone 47% (jab\u0142ko; regulator kwasowo\u015bci: kwas cytrynowy).<\/p>\n<p>&nbsp;<\/td>\n<\/tr>\n<\/tbody>\n<\/table>\n<p>Czekolada: zawarto\u015b\u0107 masy kakaowej minimum 56,5%.<\/p>\n<p><strong>Produkt mo\u017ce zawiera\u0107 tak\u017ce: orzechy, orzeszki ziemne, mleko, pszenic\u0119, j\u0119czmie\u0144 oraz jaja.<\/strong><\/p>\n<table width=\"215\">\n<tbody>\n<tr>\n<td width=\"140\"><strong>Warto\u015b\u0107 od\u017cywcza<\/strong><\/td>\n<td width=\"76\"><strong>w 100 g<\/strong><\/td>\n<\/tr>\n<tr>\n<td width=\"140\">Warto\u015b\u0107 energetyczna (kJ\/ kcal)<\/td>\n<td width=\"76\">1914\/ 457<\/td>\n<\/tr>\n<tr>\n<td width=\"140\">T\u0142uszcz [g]<\/td>\n<td width=\"76\">20<\/td>\n<\/tr>\n<tr>\n<td width=\"140\">w tym kwasy t\u0142uszczowe nasycone [g]<\/td>\n<td width=\"76\">12<\/td>\n<\/tr>\n<tr>\n<td width=\"140\">W\u0119glowodany [g]<\/td>\n<td width=\"76\">58<\/td>\n<\/tr>\n<tr>\n<td width=\"140\">\u00a0w tym cukry [g]<\/td>\n<td width=\"76\">53<\/td>\n<\/tr>\n<tr>\n<td width=\"140\">Bia\u0142ko [g]<\/td>\n<td width=\"76\">11,6<\/td>\n<\/tr>\n<tr>\n<td width=\"140\">S\u00f3l [g]<\/td>\n<td width=\"76\">0,02<\/td>\n<\/tr>\n<\/tbody>\n<\/table>\n","protected":false},"excerpt":{"rendered":"<p>Suszone jab\u0142ko oblane czekolad\u0105 deserow\u0105 couverture 60% masy kakaowej.<\/p>\n<p>Jab\u0142ko zosta\u0142o poddane procesowi suszenia, aby woda, kt\u00f3ra znajduje si\u0119 w owocu wyparowa\u0142a, dzi\u0119ki czemu zmniejsza si\u0119 ryzyko zepsucia produktu, a wszystkie warto\u015bci mineralne zostaj\u0105 skoncentrowane w \u015brodku wyrobu. Owoce suszone, w tym jab\u0142ka, to bez w\u0105tpienia du\u017ca dawka wielu witamin, kt\u00f3re wspieraj\u0105 wzmocnienie odporno\u015bci organizmu.<\/p>\n<p>Po\u0142\u0105czenie czekolady deserowej wraz ze s\u0142odkim smakiem tradycyjnego suszonego jab\u0142ka to doskona\u0142a kompozycja smakowa, kt\u00f3ra sprawdzi si\u0119 jako s\u0142odka przek\u0105ska pomi\u0119dzy posi\u0142kami lub jako mi\u0142y upominek.<\/p>\n<p>W opakowaniu znajduje si\u0119 400 g suszonego jab\u0142ka w czekoladzie deserowej.<\/p>\n","protected":false},"featured_media":1548,"template":"","meta":{"inline_featured_image":false},"product_brand":[],"product_cat":[30],"product_tag":[],"class_list":{"0":"post-1647","1":"product","2":"type-product","3":"status-publish","4":"has-post-thumbnail","6":"product_cat-owoce-w-czekoladzie","7":"description-off","9":"first","10":"instock","11":"taxable","12":"shipping-taxable","13":"purchasable","14":"product-type-simple"},"aioseo_notices":[],"_links":{"self":[{"href":"https:\/\/www.luczniczka.com\/sklep\/wp-json\/wp\/v2\/product\/1647","targetHints":{"allow":["GET"]}}],"collection":[{"href":"https:\/\/www.luczniczka.com\/sklep\/wp-json\/wp\/v2\/product"}],"about":[{"href":"https:\/\/www.luczniczka.com\/sklep\/wp-json\/wp\/v2\/types\/product"}],"wp:featuredmedia":[{"embeddable":true,"href":"https:\/\/www.luczniczka.com\/sklep\/wp-json\/wp\/v2\/media\/1548"}],"wp:attachment":[{"href":"https:\/\/www.luczniczka.com\/sklep\/wp-json\/wp\/v2\/media?parent=1647"}],"wp:term":[{"taxonomy":"product_brand","embeddable":true,"href":"https:\/\/www.luczniczka.com\/sklep\/wp-json\/wp\/v2\/product_brand?post=1647"},{"taxonomy":"product_cat","embeddable":true,"href":"https:\/\/www.luczniczka.com\/sklep\/wp-json\/wp\/v2\/product_cat?post=1647"},{"taxonomy":"product_tag","embeddable":true,"href":"https:\/\/www.luczniczka.com\/sklep\/wp-json\/wp\/v2\/product_tag?post=1647"}],"curies":[{"name":"wp","href":"https:\/\/api.w.org\/{rel}","templated":true}]}}