{"id":1645,"date":"2021-03-24T20:02:51","date_gmt":"2021-03-24T19:02:51","guid":{"rendered":"https:\/\/www.luczniczka.com\/sklep\/?post_type=product&#038;p=1645"},"modified":"2025-12-29T21:41:52","modified_gmt":"2025-12-29T20:41:52","slug":"ananas-kandyzowany-w-czekoladzie-500g","status":"publish","type":"product","link":"https:\/\/www.luczniczka.com\/sklep\/produkt\/ananas-kandyzowany-w-czekoladzie-500g\/","title":{"rendered":"Ananas kandyzowany w czekoladzie 500g"},"content":{"rendered":"<table>\n<tbody>\n<tr>\n<td>Sk\u0142adniki: ananas kandyzowany 73% (ananas; cukier; kwas cytrynowy: E330<strong>, pirosiarczyn sodu<\/strong>); czekolada 27% (miazga kakaowa; cukier; t\u0142uszcz kakaowy; emulgator: lecytyny (z <strong>soi<\/strong>); naturalny aromat waniliowy).<\/p>\n<p>&nbsp;<\/td>\n<\/tr>\n<\/tbody>\n<\/table>\n<p>Czekolada: zawarto\u015b\u0107 masy kakaowej minimum 56,5%.<\/p>\n<p><strong>Produkt mo\u017ce zawiera\u0107 tak\u017ce: orzechy, orzeszki ziemne, mleko, pszenic\u0119, j\u0119czmie\u0144 oraz jaja<\/strong><strong>.<\/strong><\/p>\n<table width=\"215\">\n<tbody>\n<tr>\n<td width=\"140\"><strong>Warto\u015b\u0107 od\u017cywcza<\/strong><\/td>\n<td width=\"76\"><strong>w 100 g <\/strong><\/td>\n<\/tr>\n<tr>\n<td width=\"140\">Warto\u015b\u0107 energetyczna (kJ\/ kcal)<\/td>\n<td width=\"76\">1363\/ 327<\/td>\n<\/tr>\n<tr>\n<td width=\"140\">T\u0142uszcz [g]<\/td>\n<td width=\"76\">11<\/td>\n<\/tr>\n<tr>\n<td width=\"140\">w tym kwasy t\u0142uszczowe nasycone [g]<\/td>\n<td width=\"76\">6<\/td>\n<\/tr>\n<tr>\n<td width=\"140\">W\u0119glowodany [g]<\/td>\n<td width=\"76\">58<\/td>\n<\/tr>\n<tr>\n<td width=\"140\">w tym cukry [g]<\/td>\n<td width=\"76\">50<\/td>\n<\/tr>\n<tr>\n<td width=\"140\">Bia\u0142ko [g]<\/td>\n<td width=\"76\">4,3<\/td>\n<\/tr>\n<tr>\n<td width=\"140\">S\u00f3l [g]<\/td>\n<td width=\"76\">0,02<\/td>\n<\/tr>\n<\/tbody>\n<\/table>\n","protected":false},"excerpt":{"rendered":"<p>Kandyzowany ananas w czekoladzie.<\/p>\n<p>Ananas zosta\u0142 poddany procesowi kandyzacji. Proces ten polega przede wszystkim na konserwowaniu wybranych produkt\u00f3w przy u\u017cyciu cukru \u2013 syropu cukrowego. Owoce, kt\u00f3re przygotowywane s\u0105 t\u0105 metod\u0105 d\u0142u\u017cej zachowuj\u0105 \u015bwie\u017co\u015b\u0107, sw\u00f3j naturalny smak oraz wszystkie w\u0142a\u015bciwo\u015bci.<\/p>\n<p>Tropikalny, s\u0142odki smak ananasa oraz klasyczna ciemna, to idealnie wywa\u017cony duet smakowy.<\/p>\n<p>Ananas kandyzowany w czekoladzie sprawdzi si\u0119 jako s\u0142odka przek\u0105ska pomi\u0119dzy posi\u0142kami lub jako mi\u0142y upominek.<\/p>\n<p>W opakowaniu znajduje si\u0119 500 g ananasa w czekoladzie.<\/p>\n","protected":false},"featured_media":1586,"template":"","meta":{"inline_featured_image":false},"product_brand":[],"product_cat":[30],"product_tag":[],"class_list":{"0":"post-1645","1":"product","2":"type-product","3":"status-publish","4":"has-post-thumbnail","6":"product_cat-owoce-w-czekoladzie","7":"description-off","9":"first","10":"instock","11":"taxable","12":"shipping-taxable","13":"purchasable","14":"product-type-simple"},"aioseo_notices":[],"_links":{"self":[{"href":"https:\/\/www.luczniczka.com\/sklep\/wp-json\/wp\/v2\/product\/1645","targetHints":{"allow":["GET"]}}],"collection":[{"href":"https:\/\/www.luczniczka.com\/sklep\/wp-json\/wp\/v2\/product"}],"about":[{"href":"https:\/\/www.luczniczka.com\/sklep\/wp-json\/wp\/v2\/types\/product"}],"wp:featuredmedia":[{"embeddable":true,"href":"https:\/\/www.luczniczka.com\/sklep\/wp-json\/wp\/v2\/media\/1586"}],"wp:attachment":[{"href":"https:\/\/www.luczniczka.com\/sklep\/wp-json\/wp\/v2\/media?parent=1645"}],"wp:term":[{"taxonomy":"product_brand","embeddable":true,"href":"https:\/\/www.luczniczka.com\/sklep\/wp-json\/wp\/v2\/product_brand?post=1645"},{"taxonomy":"product_cat","embeddable":true,"href":"https:\/\/www.luczniczka.com\/sklep\/wp-json\/wp\/v2\/product_cat?post=1645"},{"taxonomy":"product_tag","embeddable":true,"href":"https:\/\/www.luczniczka.com\/sklep\/wp-json\/wp\/v2\/product_tag?post=1645"}],"curies":[{"name":"wp","href":"https:\/\/api.w.org\/{rel}","templated":true}]}}