{"id":1642,"date":"2021-03-24T19:43:44","date_gmt":"2021-03-24T18:43:44","guid":{"rendered":"https:\/\/www.luczniczka.com\/sklep\/?post_type=product&#038;p=1642"},"modified":"2026-04-26T17:48:56","modified_gmt":"2026-04-26T15:48:56","slug":"pasztecik-wisniowy-500-g","status":"publish","type":"product","link":"https:\/\/www.luczniczka.com\/sklep\/produkt\/pasztecik-wisniowy-500-g\/","title":{"rendered":"Praliny &#8222;Pasztecik Wi\u015bniowy&#8221; 500 g Marcepan z d\u017cemem wi\u015bniowym oblany bia\u0142\u0105 czekolad\u0105."},"content":{"rendered":"<table>\n<tbody>\n<tr>\n<td>\u00a0Sk\u0142adniki: marcepan 45,5% (cukier; <strong>migda\u0142y<\/strong> 38%; woda; \u015brodek utrzymuj\u0105cy wilgo\u0107: sorbitol; inwertowany syrop cukrowy; syrop glukozowy; \u015brodek utrzymuj\u0105cy wilgo\u0107: inwertaza); czekolada bia\u0142a 28,5% (cukier; t\u0142uszcz kakaowy; <strong>mleko<\/strong> w proszku pe\u0142ne; <strong>mleko<\/strong> w proszku odt\u0142uszczone; emulgator: lecytyny (z <strong>soi<\/strong>)); nadzienie wi\u015bniowe 21% (cukier; woda; przecier jab\u0142kowy; sok wi\u015bniowy 7% (z soku zag\u0119szczonego); substancja utrzymuj\u0105ca wilgo\u0107: glicerol; skrobia modyfikowana kukurydziana; koncentrat soku z aronii; substancje zag\u0119szczaj\u0105ce: E 460, E 466, E 407; regulator kwasowo\u015bci: kwas cytrynowy; aromat; barwniki: E 120, E 150 d; substancja konserwuj\u0105ca: E 202); czekolada mleczna 5% (cukier; t\u0142uszcz kakaowy; <strong>mleko<\/strong> w proszku pe\u0142ne; miazga kakaowa; serwatka w proszku (z <strong>mleka<\/strong>); t\u0142uszcz <strong>mleczny<\/strong>; emulgator: lecytyny (z <strong>soi<\/strong>); naturalny aromat waniliowy).<\/td>\n<\/tr>\n<\/tbody>\n<\/table>\n<p>&nbsp;<\/p>\n<table width=\"215\">\n<tbody>\n<tr>\n<td width=\"140\"><strong>Warto\u015b\u0107 od\u017cywcza<\/strong><\/td>\n<td width=\"76\"><strong>w 100 g<\/strong><\/td>\n<\/tr>\n<tr>\n<td width=\"140\">Warto\u015b\u0107 energetyczna (kJ\/ kcal)<\/td>\n<td width=\"76\">1873\/ 448<\/td>\n<\/tr>\n<tr>\n<td width=\"140\">T\u0142uszcz [g]<\/td>\n<td width=\"76\">22,0<\/td>\n<\/tr>\n<tr>\n<td width=\"140\">w tym kwasy t\u0142uszczowe nasycone [g]<\/td>\n<td width=\"76\">8,3<\/td>\n<\/tr>\n<tr>\n<td width=\"140\">W\u0119glowodany [g]<\/td>\n<td width=\"76\">58,0<\/td>\n<\/tr>\n<tr>\n<td width=\"140\">w tym cukry [g]<\/td>\n<td width=\"76\">53,0<\/td>\n<\/tr>\n<tr>\n<td width=\"140\">Bia\u0142ko [g]<\/td>\n<td width=\"76\">4,8<\/td>\n<\/tr>\n<tr>\n<td width=\"140\">S\u00f3l [g]<\/td>\n<td width=\"76\">0,1<\/td>\n<\/tr>\n<\/tbody>\n<\/table>\n<p>zekolada mleczna couverture: zawarto\u015b\u0107 masy kakaowej minimum 33%<\/p>\n<p><strong>Produkt mo\u017ce zawiera\u0107 tak\u017ce orzechy, orzeszki ziemne, jaja oraz gluten<\/strong><\/p>\n","protected":false},"excerpt":{"rendered":"<p>Pralina z nadzieniem marcepanowym oraz konfitur\u0105 wi\u015bniow\u0105 oblana bia\u0142\u0105 czekolad\u0105 oraz przyozdobiona czekolad\u0105 mleczn\u0105 couverture 33% masy kakaowej. Praliny produkowane s\u0105 w 100% r\u0119cznie.<\/p>\n<p>Lekko owocowa nuta wi\u015bni wraz z marcepanem, to niecodzienne po\u0142\u0105czenie, kt\u00f3re musi spr\u00f3bowa\u0107 ka\u017cdy. Wywa\u017cona s\u0142odko\u015b\u0107 marcepanu i czekolady idealnie komponuje si\u0119 z konfitur\u0105, kt\u00f3ra zawarta jest w nadzieniu pralinki.<\/p>\n<p>Dzi\u0119ki r\u0119cznej produkcji, ka\u017cda pralinka charakteryzuje si\u0119 bardzo wysok\u0105 jako\u015bci\u0105 oraz dba\u0142o\u015bci\u0105 o ka\u017cdy szczeg\u00f3\u0142, co czu\u0107 w ka\u017cdym k\u0119sie.<\/p>\n<p>Opakowanie zawiera 500 g pralin.<\/p>\n","protected":false},"featured_media":10592,"template":"","meta":{"inline_featured_image":false},"product_brand":[],"product_cat":[31],"product_tag":[],"class_list":{"0":"post-1642","1":"product","2":"type-product","3":"status-publish","4":"has-post-thumbnail","6":"product_cat-pralinki-rzemieslnicze","7":"description-off","9":"first","10":"instock","11":"taxable","12":"shipping-taxable","13":"purchasable","14":"product-type-simple"},"aioseo_notices":[],"_links":{"self":[{"href":"https:\/\/www.luczniczka.com\/sklep\/wp-json\/wp\/v2\/product\/1642","targetHints":{"allow":["GET"]}}],"collection":[{"href":"https:\/\/www.luczniczka.com\/sklep\/wp-json\/wp\/v2\/product"}],"about":[{"href":"https:\/\/www.luczniczka.com\/sklep\/wp-json\/wp\/v2\/types\/product"}],"wp:featuredmedia":[{"embeddable":true,"href":"https:\/\/www.luczniczka.com\/sklep\/wp-json\/wp\/v2\/media\/10592"}],"wp:attachment":[{"href":"https:\/\/www.luczniczka.com\/sklep\/wp-json\/wp\/v2\/media?parent=1642"}],"wp:term":[{"taxonomy":"product_brand","embeddable":true,"href":"https:\/\/www.luczniczka.com\/sklep\/wp-json\/wp\/v2\/product_brand?post=1642"},{"taxonomy":"product_cat","embeddable":true,"href":"https:\/\/www.luczniczka.com\/sklep\/wp-json\/wp\/v2\/product_cat?post=1642"},{"taxonomy":"product_tag","embeddable":true,"href":"https:\/\/www.luczniczka.com\/sklep\/wp-json\/wp\/v2\/product_tag?post=1642"}],"curies":[{"name":"wp","href":"https:\/\/api.w.org\/{rel}","templated":true}]}}