{"id":1641,"date":"2021-03-24T19:36:34","date_gmt":"2021-03-24T18:36:34","guid":{"rendered":"https:\/\/www.luczniczka.com\/sklep\/?post_type=product&#038;p=1641"},"modified":"2026-04-26T17:49:10","modified_gmt":"2026-04-26T15:49:10","slug":"pasztecik-pomaranczowy-500-g","status":"publish","type":"product","link":"https:\/\/www.luczniczka.com\/sklep\/produkt\/pasztecik-pomaranczowy-500-g\/","title":{"rendered":"Praliny &#8222;Pasztecik Pomara\u0144czowy&#8221; 500 g Marcepan z d\u017cemem pomara\u0144czowym oblany bia\u0142\u0105 czekolad\u0105."},"content":{"rendered":"<table>\n<tbody>\n<tr>\n<td>Sk\u0142adniki: marcepan 40,9% (cukier; <strong>migda\u0142y<\/strong> 38%; woda; substancja utrzymuj\u0105ca wilgo\u0107: sorbitol; inwertowany syrop cukrowy; syrop glukozowy; substancja utrzymuj\u0105ca wilgo\u0107: inwertaza); czekolada bia\u0142a 31,7% (cukier; t\u0142uszcz kakaowy; <strong>mleko<\/strong> pe\u0142ne<br \/>\nw proszku; emulgator: lecytyny (z <strong>soi<\/strong>); naturalny aromat waniliowy); nadzienie pomara\u0144czowe 19,9% (cukier; przecier jab\u0142kowy; sok pomara\u0144czowy 10%<br \/>\n(z zag\u0119szczonego soku pomara\u0144czowego); syrop glukozowo- fruktozowy; substancja utrzymuj\u0105ca wilgo\u0107: glicerol; skrobia modyfikowana; substancja zag\u0119szczaj\u0105ca: pektyna; regulator kwasowo\u015bci: kwas cytrynowy; cytrynian sodu; aromat; barwniki: E 160 a; substancja konserwuj\u0105ca: E 202); czekolada 7,5% (miazga kakaowa; cukier; t\u0142uszcz kakaowy; stabilizator: E 492; emulgator: lecytyny (z <strong>soi<\/strong>); emulgator:<br \/>\nE 476).<\/td>\n<\/tr>\n<\/tbody>\n<\/table>\n<p>&nbsp;<\/p>\n<table width=\"215\">\n<tbody>\n<tr>\n<td width=\"140\"><strong>Warto\u015b\u0107 od\u017cywcza<\/strong><\/td>\n<td width=\"76\"><strong>w 100 g<\/strong><\/td>\n<\/tr>\n<tr>\n<td width=\"140\">Warto\u015b\u0107 energetyczna (kJ\/ kcal)<\/td>\n<td width=\"76\">1896\/ 453<\/td>\n<\/tr>\n<tr>\n<td width=\"140\">T\u0142uszcz [g]<\/td>\n<td width=\"76\">22,0<\/td>\n<\/tr>\n<tr>\n<td width=\"140\">w tym kwasy t\u0142uszczowe nasycone [g]<\/td>\n<td width=\"76\">8,0<\/td>\n<\/tr>\n<tr>\n<td width=\"140\">W\u0119glowodany [g]<\/td>\n<td width=\"76\">57,0<\/td>\n<\/tr>\n<tr>\n<td width=\"140\">w tym cukry [g]<\/td>\n<td width=\"76\">52,0<\/td>\n<\/tr>\n<tr>\n<td width=\"140\">Bia\u0142ko [g]<\/td>\n<td width=\"76\">5,4<\/td>\n<\/tr>\n<tr>\n<td width=\"140\">S\u00f3l [g]<\/td>\n<td width=\"76\">0,09<\/td>\n<\/tr>\n<\/tbody>\n<\/table>\n<p>Czekolada couverture: zawarto\u015b\u0107 masy kakaowej minimum 60%<\/p>\n<p><strong>Produkt mo\u017ce zawiera\u0107 tak\u017ce orzechy, orzeszki ziemne, jaja oraz gluten<\/strong><\/p>\n","protected":false},"excerpt":{"rendered":"<p>Pralina z nadzieniem marcepanowym oraz konfitur\u0105 pomara\u0144czow\u0105 oblana bia\u0142\u0105 czekolad\u0105 oraz przyozdobiona czekolad\u0105 deserow\u0105 couverture 60% masy kakaowej. Praliny produkowane s\u0105 w 100% r\u0119cznie.<\/p>\n<p>Lekko owocowa nuta pomara\u0144czy wraz z marcepanem, to niecodzienne po\u0142\u0105czenie, kt\u00f3re musi spr\u00f3bowa\u0107 ka\u017cdy. Wywa\u017cona s\u0142odko\u015b\u0107 marcepanu i czekolady idealnie komponuje si\u0119 z konfitur\u0105, kt\u00f3ra zawarta jest w nadzieniu pralinki.<\/p>\n<p>Dzi\u0119ki r\u0119cznej produkcji, ka\u017cda pralinka charakteryzuje si\u0119 bardzo wysok\u0105 jako\u015bci\u0105 oraz dba\u0142o\u015bci\u0105 o ka\u017cdy szczeg\u00f3\u0142, co czu\u0107 w ka\u017cdym k\u0119sie.<\/p>\n<p>Opakowanie zawiera 500 g pralin.<\/p>\n","protected":false},"featured_media":10587,"template":"","meta":{"inline_featured_image":false},"product_brand":[],"product_cat":[31],"product_tag":[],"class_list":{"0":"post-1641","1":"product","2":"type-product","3":"status-publish","4":"has-post-thumbnail","6":"product_cat-pralinki-rzemieslnicze","7":"description-off","9":"first","10":"instock","11":"taxable","12":"shipping-taxable","13":"purchasable","14":"product-type-simple"},"aioseo_notices":[],"_links":{"self":[{"href":"https:\/\/www.luczniczka.com\/sklep\/wp-json\/wp\/v2\/product\/1641","targetHints":{"allow":["GET"]}}],"collection":[{"href":"https:\/\/www.luczniczka.com\/sklep\/wp-json\/wp\/v2\/product"}],"about":[{"href":"https:\/\/www.luczniczka.com\/sklep\/wp-json\/wp\/v2\/types\/product"}],"wp:featuredmedia":[{"embeddable":true,"href":"https:\/\/www.luczniczka.com\/sklep\/wp-json\/wp\/v2\/media\/10587"}],"wp:attachment":[{"href":"https:\/\/www.luczniczka.com\/sklep\/wp-json\/wp\/v2\/media?parent=1641"}],"wp:term":[{"taxonomy":"product_brand","embeddable":true,"href":"https:\/\/www.luczniczka.com\/sklep\/wp-json\/wp\/v2\/product_brand?post=1641"},{"taxonomy":"product_cat","embeddable":true,"href":"https:\/\/www.luczniczka.com\/sklep\/wp-json\/wp\/v2\/product_cat?post=1641"},{"taxonomy":"product_tag","embeddable":true,"href":"https:\/\/www.luczniczka.com\/sklep\/wp-json\/wp\/v2\/product_tag?post=1641"}],"curies":[{"name":"wp","href":"https:\/\/api.w.org\/{rel}","templated":true}]}}