{"id":1640,"date":"2021-03-24T19:19:46","date_gmt":"2021-03-24T18:19:46","guid":{"rendered":"https:\/\/www.luczniczka.com\/sklep\/?post_type=product&#038;p=1640"},"modified":"2026-04-26T17:49:50","modified_gmt":"2026-04-26T15:49:50","slug":"biale-karo-500-g","status":"publish","type":"product","link":"https:\/\/www.luczniczka.com\/sklep\/produkt\/biale-karo-500-g\/","title":{"rendered":"Praliny &#8222;Bia\u0142e Karo&#8221; 500 g"},"content":{"rendered":"<table>\n<tbody>\n<tr>\n<td>Sk\u0142adniki: czekolada bia\u0142a 50% (cukier; t\u0142uszcz kakaowy; <strong>mleko<\/strong> w proszku pe\u0142ne; <strong>mleko<\/strong> w proszku odt\u0142uszczone; emulgator: lecytyny (z <strong>soi<\/strong>); nugat 45% (cukier; <strong>orzechy laskowe<\/strong> 40%; miazga kakaowa; t\u0142uszcz kakaowy; <strong>mleko<\/strong> pe\u0142ne w proszku; emulgator: lecytyny (z <strong>soi<\/strong>); aromat waniliowy); cukier 4%; czekolada mleczna 1 % (cukier; t\u0142uszcz kakaowy; <strong>mleko<\/strong> w proszku pe\u0142ne; miazga kakaowa; serwatka w proszku (z <strong>mleka<\/strong>); t\u0142uszcz <strong>mleczny<\/strong>; emulgator: lecytyny<br \/>\n(z <strong>soi<\/strong>); naturalny aromat waniliowy).<\/td>\n<\/tr>\n<\/tbody>\n<\/table>\n<p>&nbsp;<\/p>\n<table>\n<tbody>\n<tr>\n<td>\u00a0<strong>Produkt mo\u017ce zawiera\u0107: orzechy, orzeszki ziemne, pszenic\u0119, j\u0119czmie\u0144 oraz jaja.<\/strong><\/p>\n<p>&nbsp;<\/td>\n<\/tr>\n<\/tbody>\n<\/table>\n<p><strong>Czekolada mleczna: zawarto\u015b\u0107 masy kakaowej minimum 33%.\u00a0<\/strong><\/p>\n<table width=\"215\">\n<tbody>\n<tr>\n<td width=\"140\"><strong>Warto\u015b\u0107 od\u017cywcza<\/strong><\/td>\n<td width=\"76\"><strong>w 100 g <\/strong><\/td>\n<\/tr>\n<tr>\n<td width=\"140\">Warto\u015b\u0107 energetyczna (kJ\/ kcal)<\/td>\n<td width=\"76\">2322\/ 557<\/td>\n<\/tr>\n<tr>\n<td width=\"140\">T\u0142uszcz [g]<\/td>\n<td width=\"76\">34,0<\/td>\n<\/tr>\n<tr>\n<td width=\"140\">w tym kwasy t\u0142uszczowe nasycone [g]<\/td>\n<td width=\"76\">15,0<\/td>\n<\/tr>\n<tr>\n<td width=\"140\">W\u0119glowodany [g]<\/td>\n<td width=\"76\">57,0<\/td>\n<\/tr>\n<tr>\n<td width=\"140\">w tym cukry [g]<\/td>\n<td width=\"76\">56,0<\/td>\n<\/tr>\n<tr>\n<td width=\"140\">Bia\u0142ko [g]<\/td>\n<td width=\"76\">5,2<\/td>\n<\/tr>\n<tr>\n<td width=\"140\">S\u00f3l [g]<\/td>\n<td width=\"76\">0,1<\/td>\n<\/tr>\n<\/tbody>\n<\/table>\n","protected":false},"excerpt":{"rendered":"<p>Pralina nugatowa oblana bia\u0142\u0105 czekolad\u0105 zdobiona z wierzchu cukrem. Praliny produkowane s\u0105 w 100% r\u0119cznie.<\/p>\n<p>Pralina nugatowa tym razem w czekoladzie bia\u0142ej udekorowana cukrem, co zapewnia dodatkow\u0105 s\u0142odycz oraz ciekawy minimalistyczny element dekoracyjny. Orzechy laskowe wykorzystane do przygotowania nugatowego nadzienia sprawiaj\u0105, \u017ce pralinka zachwyca swoim niezwyk\u0142ym subtelnym orzechowym smakiem.<\/p>\n<p>Dzi\u0119ki r\u0119cznej produkcji, ka\u017cda pralinka charakteryzuje si\u0119 bardzo wysok\u0105 jako\u015bci\u0105 oraz dba\u0142o\u015bci\u0105 o ka\u017cdy szczeg\u00f3\u0142, co czu\u0107 w ka\u017cdym k\u0119sie.<\/p>\n<p>Opakowanie zawiera 500 g pralin.<\/p>\n","protected":false},"featured_media":10590,"template":"","meta":{"inline_featured_image":false},"product_brand":[],"product_cat":[31],"product_tag":[],"class_list":{"0":"post-1640","1":"product","2":"type-product","3":"status-publish","4":"has-post-thumbnail","6":"product_cat-pralinki-rzemieslnicze","7":"description-off","9":"first","10":"instock","11":"taxable","12":"shipping-taxable","13":"purchasable","14":"product-type-simple"},"aioseo_notices":[],"_links":{"self":[{"href":"https:\/\/www.luczniczka.com\/sklep\/wp-json\/wp\/v2\/product\/1640","targetHints":{"allow":["GET"]}}],"collection":[{"href":"https:\/\/www.luczniczka.com\/sklep\/wp-json\/wp\/v2\/product"}],"about":[{"href":"https:\/\/www.luczniczka.com\/sklep\/wp-json\/wp\/v2\/types\/product"}],"wp:featuredmedia":[{"embeddable":true,"href":"https:\/\/www.luczniczka.com\/sklep\/wp-json\/wp\/v2\/media\/10590"}],"wp:attachment":[{"href":"https:\/\/www.luczniczka.com\/sklep\/wp-json\/wp\/v2\/media?parent=1640"}],"wp:term":[{"taxonomy":"product_brand","embeddable":true,"href":"https:\/\/www.luczniczka.com\/sklep\/wp-json\/wp\/v2\/product_brand?post=1640"},{"taxonomy":"product_cat","embeddable":true,"href":"https:\/\/www.luczniczka.com\/sklep\/wp-json\/wp\/v2\/product_cat?post=1640"},{"taxonomy":"product_tag","embeddable":true,"href":"https:\/\/www.luczniczka.com\/sklep\/wp-json\/wp\/v2\/product_tag?post=1640"}],"curies":[{"name":"wp","href":"https:\/\/api.w.org\/{rel}","templated":true}]}}