{"id":1637,"date":"2021-03-24T19:04:02","date_gmt":"2021-03-24T18:04:02","guid":{"rendered":"https:\/\/www.luczniczka.com\/sklep\/?post_type=product&#038;p=1637"},"modified":"2026-04-26T17:08:33","modified_gmt":"2026-04-26T15:08:33","slug":"orzech-nerkowca-w-czekoladzie-500g","status":"publish","type":"product","link":"https:\/\/www.luczniczka.com\/sklep\/produkt\/orzech-nerkowca-w-czekoladzie-500g\/","title":{"rendered":"Orzech nerkowca w czekoladzie 500g"},"content":{"rendered":"<table>\n<tbody>\n<tr>\n<td>Sk\u0142adniki: <strong>orzech nerkowca<\/strong> 50%; czekolada 50% (miazga kakaowa; cukier; t\u0142uszcz kakaowy; emulgator: lecytyny (z <strong>soi<\/strong>); naturalny aromat waniliowy).<\/p>\n<p>&nbsp;<\/p>\n<p>Czekolada: zawarto\u015b\u0107 masy kakaowej minimum 56,5%.<\/p>\n<p><strong>Produkt mo\u017ce zawiera\u0107 tak\u017ce: inne orzechy, orzeszki ziemne, mleko, pszenic\u0119, j\u0119czmie\u0144 oraz jaja.<\/strong><\/p>\n<table width=\"215\">\n<tbody>\n<tr>\n<td width=\"140\"><strong>Warto\u015b\u0107 od\u017cywcza<\/strong><\/td>\n<td width=\"76\"><strong>w 100 g<\/strong><\/td>\n<\/tr>\n<tr>\n<td width=\"140\">Warto\u015b\u0107 energetyczna (kJ\/ kcal)<\/td>\n<td width=\"76\">2513\/ 599<\/td>\n<\/tr>\n<tr>\n<td width=\"140\">T\u0142uszcz [g]<\/td>\n<td width=\"76\">49<\/td>\n<\/tr>\n<tr>\n<td width=\"140\">W tym kwasy t\u0142uszczowe nasycone [g]<\/td>\n<td width=\"76\">15<\/td>\n<\/tr>\n<tr>\n<td width=\"140\">W\u0119glowodany [g]<\/td>\n<td width=\"76\">30<\/td>\n<\/tr>\n<tr>\n<td width=\"140\">W tym cukry [g]<\/td>\n<td width=\"76\">21<\/td>\n<\/tr>\n<tr>\n<td width=\"140\">Bia\u0142ko [g]<\/td>\n<td width=\"76\">11<\/td>\n<\/tr>\n<tr>\n<td width=\"140\">S\u00f3l [g]<\/td>\n<td width=\"76\">0,01<\/td>\n<\/tr>\n<\/tbody>\n<\/table>\n<\/td>\n<\/tr>\n<\/tbody>\n<\/table>\n","protected":false},"excerpt":{"rendered":"<p>Pra\u017cony orzech nerkowca oblany czekolad\u0105.<\/p>\n<p>Przepyszne chrupi\u0105ce pra\u017cone orzechy nerkowca wraz z czekolad\u0105, to kultowe po\u0142\u0105czenie. Orzechy nerkowca zatopione w czekoladzie to smaczna, alternatywna wersja dla tradycyjnych czekoladowych pralin.<\/p>\n<p>Orzech nerkowca, dzi\u0119ki swoim w\u0142a\u015bciwo\u015bciom pozytywnie wp\u0142ywa na nasze zdrowie. Ze wzgl\u0119du na witaminy, minera\u0142y i antyoksydanty w nim zawarte, wspieraj\u0105 prawid\u0142owe funkcjonowanie organizmu.<\/p>\n<p>Orzech nerkowca oblany czekolad\u0105 idealnie sprawdzi si\u0119 jako s\u0142odka przek\u0105ska pomi\u0119dzy posi\u0142kami lub jako mi\u0142y upominek.<\/p>\n<p>W opakowaniu znajduje si\u0119 500 g orzech\u00f3w nerkowca w czekoladzie.<\/p>\n","protected":false},"featured_media":1544,"template":"","meta":{"inline_featured_image":false},"product_brand":[],"product_cat":[35],"product_tag":[],"class_list":{"0":"post-1637","1":"product","2":"type-product","3":"status-publish","4":"has-post-thumbnail","6":"product_cat-orzechy-w-czekoladzie","7":"description-off","9":"first","10":"instock","11":"taxable","12":"shipping-taxable","13":"purchasable","14":"product-type-simple"},"aioseo_notices":[],"_links":{"self":[{"href":"https:\/\/www.luczniczka.com\/sklep\/wp-json\/wp\/v2\/product\/1637","targetHints":{"allow":["GET"]}}],"collection":[{"href":"https:\/\/www.luczniczka.com\/sklep\/wp-json\/wp\/v2\/product"}],"about":[{"href":"https:\/\/www.luczniczka.com\/sklep\/wp-json\/wp\/v2\/types\/product"}],"wp:featuredmedia":[{"embeddable":true,"href":"https:\/\/www.luczniczka.com\/sklep\/wp-json\/wp\/v2\/media\/1544"}],"wp:attachment":[{"href":"https:\/\/www.luczniczka.com\/sklep\/wp-json\/wp\/v2\/media?parent=1637"}],"wp:term":[{"taxonomy":"product_brand","embeddable":true,"href":"https:\/\/www.luczniczka.com\/sklep\/wp-json\/wp\/v2\/product_brand?post=1637"},{"taxonomy":"product_cat","embeddable":true,"href":"https:\/\/www.luczniczka.com\/sklep\/wp-json\/wp\/v2\/product_cat?post=1637"},{"taxonomy":"product_tag","embeddable":true,"href":"https:\/\/www.luczniczka.com\/sklep\/wp-json\/wp\/v2\/product_tag?post=1637"}],"curies":[{"name":"wp","href":"https:\/\/api.w.org\/{rel}","templated":true}]}}