{"id":1601,"date":"2021-03-23T12:06:41","date_gmt":"2021-03-23T11:06:41","guid":{"rendered":"https:\/\/www.luczniczka.com\/sklep\/?post_type=product&#038;p=1601"},"modified":"2024-01-30T14:30:44","modified_gmt":"2024-01-30T13:30:44","slug":"egg-chocolate-jajko-z-czekolady-mlecznej-z-lkostka-karmelowa-i-brownie-75-g","status":"publish","type":"product","link":"https:\/\/www.luczniczka.com\/sklep\/produkt\/egg-chocolate-jajko-z-czekolady-mlecznej-z-lkostka-karmelowa-i-brownie-75-g\/","title":{"rendered":"Egg Chocolate, jajko z czekolady mlecznej z kostk\u0105 karmelow\u0105 i brownie 75 g"},"content":{"rendered":"<p><strong>Sk\u0142adniki<\/strong>: cukier; t\u0142uszcz kakaowy; <strong>mleko<\/strong> w proszku; miazga kakaowa; serwatka w proszku (z <strong>mleka<\/strong>); syrop glukozowy, t\u0142uszcze ro\u015blinne ( palmowy, kokosowy); kakao w proszku, kakao w proszku o obni\u017conej zawarto\u015bci t\u0142uszczu; skrobia pszenna; substancja utrzymuj\u0105ca wilgo\u0107: glicerol E 422;\u00a0t\u0142uszcz <strong>mleczny<\/strong>; <strong>\u015bmietanka<\/strong> w proszku; olej s\u0142onecznikowy, rafinowany olej kokosowy; emulgatory: lecytyny (z <strong>soi<\/strong>), s\u00f3l; naturalny aromat ekstrakt z wanilii.<\/p>\n<p>Czekolada mleczna: zawarto\u015b\u0107 masy kakaowej minimum 33%.<\/p>\n<p><strong>Produkt mo\u017ce zawiera\u0107 tak\u017ce: <\/strong>orzeszki ziemne, inne orzechy oraz jajka.<\/p>\n","protected":false},"excerpt":{"rendered":"<p>Nasza wyborna czekolada mleczna couverture 33% masy kakaowej uformowana w wielkanocne jajo udekorowana kostk\u0105 karmelow\u0105 oraz kawa\u0142kami przepysznego brownie. Mleczno\u015b\u0107 czekolady oraz s\u0142odycz karmelu oraz brownie doskonale si\u0119 r\u00f3wnowa\u017cy tworz\u0105c niezwyk\u0142y smak.<\/p>\n<p>Kolorowe opakowanie idealnie sprawdzi si\u0119 na okres wiosenny i wielkanocny.<\/p>\n<p>W opakowaniu znajduje si\u0119 75 g produktu.<\/p>\n","protected":false},"featured_media":1504,"template":"","meta":{"inline_featured_image":false},"product_brand":[],"product_cat":[23],"product_tag":[],"class_list":{"0":"post-1601","1":"product","2":"type-product","3":"status-publish","4":"has-post-thumbnail","6":"product_cat-wyroby-wielkanocne","7":"description-off","9":"first","10":"outofstock","11":"taxable","12":"shipping-taxable","13":"purchasable","14":"product-type-simple"},"aioseo_notices":[],"_links":{"self":[{"href":"https:\/\/www.luczniczka.com\/sklep\/wp-json\/wp\/v2\/product\/1601","targetHints":{"allow":["GET"]}}],"collection":[{"href":"https:\/\/www.luczniczka.com\/sklep\/wp-json\/wp\/v2\/product"}],"about":[{"href":"https:\/\/www.luczniczka.com\/sklep\/wp-json\/wp\/v2\/types\/product"}],"wp:featuredmedia":[{"embeddable":true,"href":"https:\/\/www.luczniczka.com\/sklep\/wp-json\/wp\/v2\/media\/1504"}],"wp:attachment":[{"href":"https:\/\/www.luczniczka.com\/sklep\/wp-json\/wp\/v2\/media?parent=1601"}],"wp:term":[{"taxonomy":"product_brand","embeddable":true,"href":"https:\/\/www.luczniczka.com\/sklep\/wp-json\/wp\/v2\/product_brand?post=1601"},{"taxonomy":"product_cat","embeddable":true,"href":"https:\/\/www.luczniczka.com\/sklep\/wp-json\/wp\/v2\/product_cat?post=1601"},{"taxonomy":"product_tag","embeddable":true,"href":"https:\/\/www.luczniczka.com\/sklep\/wp-json\/wp\/v2\/product_tag?post=1601"}],"curies":[{"name":"wp","href":"https:\/\/api.w.org\/{rel}","templated":true}]}}