{"id":14877,"date":"2025-10-24T23:19:14","date_gmt":"2025-10-24T21:19:14","guid":{"rendered":"https:\/\/www.luczniczka.com\/sklep\/?post_type=product&#038;p=14877"},"modified":"2026-03-20T14:14:01","modified_gmt":"2026-03-20T13:14:01","slug":"supreme-pralines-mix-smakow-225-kg","status":"publish","type":"product","link":"https:\/\/www.luczniczka.com\/sklep\/produkt\/supreme-pralines-mix-smakow-225-kg\/","title":{"rendered":"SUPREME mix smak\u00f3w 2,25 kg"},"content":{"rendered":"<p>Opakowanie 2,25 kg zawieraj\u0105ce mix smak\u00f3w (w zmiennych proporcjach) pralin nie zawieraj\u0105cych nadzienia alkoholowego.<\/p>\n<p>&nbsp;<\/p>\n","protected":false},"excerpt":{"rendered":"<p>Mix pralin (w zmiennych proporcjach) z kremowym nadzieniem: mlecznym, kakaowym, pistacjowym, orzech laskowy, s\u0142ony karmel, owocowy, kokosowym.<br \/>\nPraliny charakteryzuje wysoka jako\u015b\u0107. Produkcja pralin odbywa si\u0119 bowiem przy zachowaniu najwy\u017cszych mi\u0119dzynarodowych standard\u00f3w \u017cywno\u015bci.<\/p>\n<p><small>Zdj\u0119cia maj\u0105 charakter pogl\u0105dowy- kolorystyka mo\u017ce nieznacznie odbiega\u0107 od zdj\u0119\u0107 prezentowanych w ofercie.<\/small><\/p>\n","protected":false},"featured_media":14821,"template":"","meta":{"inline_featured_image":false},"product_brand":[],"product_cat":[43],"product_tag":[],"class_list":{"0":"post-14877","1":"product","2":"type-product","3":"status-publish","4":"has-post-thumbnail","6":"product_cat-pralinki-bez-alkoholu","7":"description-off","9":"first","10":"instock","11":"taxable","12":"shipping-taxable","13":"purchasable","14":"product-type-simple"},"aioseo_notices":[],"_links":{"self":[{"href":"https:\/\/www.luczniczka.com\/sklep\/wp-json\/wp\/v2\/product\/14877","targetHints":{"allow":["GET"]}}],"collection":[{"href":"https:\/\/www.luczniczka.com\/sklep\/wp-json\/wp\/v2\/product"}],"about":[{"href":"https:\/\/www.luczniczka.com\/sklep\/wp-json\/wp\/v2\/types\/product"}],"wp:featuredmedia":[{"embeddable":true,"href":"https:\/\/www.luczniczka.com\/sklep\/wp-json\/wp\/v2\/media\/14821"}],"wp:attachment":[{"href":"https:\/\/www.luczniczka.com\/sklep\/wp-json\/wp\/v2\/media?parent=14877"}],"wp:term":[{"taxonomy":"product_brand","embeddable":true,"href":"https:\/\/www.luczniczka.com\/sklep\/wp-json\/wp\/v2\/product_brand?post=14877"},{"taxonomy":"product_cat","embeddable":true,"href":"https:\/\/www.luczniczka.com\/sklep\/wp-json\/wp\/v2\/product_cat?post=14877"},{"taxonomy":"product_tag","embeddable":true,"href":"https:\/\/www.luczniczka.com\/sklep\/wp-json\/wp\/v2\/product_tag?post=14877"}],"curies":[{"name":"wp","href":"https:\/\/api.w.org\/{rel}","templated":true}]}}