{"id":14293,"date":"2025-10-10T09:54:08","date_gmt":"2025-10-10T07:54:08","guid":{"rendered":"https:\/\/www.luczniczka.com\/sklep\/?post_type=product&#038;p=14293"},"modified":"2025-12-08T22:23:55","modified_gmt":"2025-12-08T21:23:55","slug":"woreczek-swiateczny-z-mieszanka-cukierkow-bez-alkoholu-500g","status":"publish","type":"product","link":"https:\/\/www.luczniczka.com\/sklep\/produkt\/woreczek-swiateczny-z-mieszanka-cukierkow-bez-alkoholu-500g\/","title":{"rendered":"Woreczek \u015bwi\u0105teczny (trzy kolory) z mieszank\u0105 cukierk\u00f3w bez alkoholu 500g"},"content":{"rendered":"<p>Woreczek wielko\u015bci 20x30cm z motywem \u015bwi\u0105tecznym, wype\u0142niony mieszank\u0105 w zmiennych proporcjach, cukierk\u00f3w bez alkoholu<\/p>\n","protected":false},"excerpt":{"rendered":"<p>Woreczek z motywem Bo\u017cego Narodzenia, wype\u0142niony mieszank\u0105 cukierk\u00f3w Supreme (bez alkoholu)<\/p>\n<p>Idealny na prezent pod choink\u0119!<\/p>\n<p>Przy zakupie prosimy o informacj\u0119 o wybranym kolorze (szary, czerwony, naturalny)<\/p>\n<p>Zastrzegamy sobie prawo do wysy\u0142ki innego koloru, w przypadku wyczerpania zapas\u00f3w i do losowego wyboru koloru, w razie braku informacji.<\/p>\n","protected":false},"featured_media":14279,"template":"","meta":{"inline_featured_image":false},"product_brand":[],"product_cat":[22],"product_tag":[],"class_list":{"0":"post-14293","1":"product","2":"type-product","3":"status-publish","4":"has-post-thumbnail","6":"product_cat-wyroby-bozonarodzeniowe","7":"description-off","9":"first","10":"outofstock","11":"taxable","12":"shipping-taxable","13":"purchasable","14":"product-type-simple"},"aioseo_notices":[],"_links":{"self":[{"href":"https:\/\/www.luczniczka.com\/sklep\/wp-json\/wp\/v2\/product\/14293","targetHints":{"allow":["GET"]}}],"collection":[{"href":"https:\/\/www.luczniczka.com\/sklep\/wp-json\/wp\/v2\/product"}],"about":[{"href":"https:\/\/www.luczniczka.com\/sklep\/wp-json\/wp\/v2\/types\/product"}],"wp:featuredmedia":[{"embeddable":true,"href":"https:\/\/www.luczniczka.com\/sklep\/wp-json\/wp\/v2\/media\/14279"}],"wp:attachment":[{"href":"https:\/\/www.luczniczka.com\/sklep\/wp-json\/wp\/v2\/media?parent=14293"}],"wp:term":[{"taxonomy":"product_brand","embeddable":true,"href":"https:\/\/www.luczniczka.com\/sklep\/wp-json\/wp\/v2\/product_brand?post=14293"},{"taxonomy":"product_cat","embeddable":true,"href":"https:\/\/www.luczniczka.com\/sklep\/wp-json\/wp\/v2\/product_cat?post=14293"},{"taxonomy":"product_tag","embeddable":true,"href":"https:\/\/www.luczniczka.com\/sklep\/wp-json\/wp\/v2\/product_tag?post=14293"}],"curies":[{"name":"wp","href":"https:\/\/api.w.org\/{rel}","templated":true}]}}