{"id":14291,"date":"2025-10-10T08:27:07","date_gmt":"2025-10-10T06:27:07","guid":{"rendered":"https:\/\/www.luczniczka.com\/sklep\/?post_type=product&#038;p=14291"},"modified":"2025-12-08T22:24:09","modified_gmt":"2025-12-08T21:24:09","slug":"woreczek-swiateczny-z-mieszanka-cukierkow-alkoholowych-500g-2","status":"publish","type":"product","link":"https:\/\/www.luczniczka.com\/sklep\/produkt\/woreczek-swiateczny-z-mieszanka-cukierkow-alkoholowych-500g-2\/","title":{"rendered":"Woreczek \u015bwi\u0105teczny (trzy kolory) z mieszank\u0105 cukierk\u00f3w alkoholowych 500g"},"content":{"rendered":"<p>Woreczek wielko\u015bci 20x30cm z motywem \u015bwi\u0105tecznym, wype\u0142niony mieszank\u0105 cukierk\u00f3w (w zmiennych proporcjach) z alkoholem.<\/p>\n","protected":false},"excerpt":{"rendered":"<p><img loading=\"lazy\" decoding=\"async\" class=\"alignnone wp-image-14839\" src=\"https:\/\/www.luczniczka.com\/sklep\/wp-content\/uploads\/2025\/10\/zawiera_alkohol_transparent-300x300.png\" alt=\"\" width=\"70\" height=\"70\" \/><\/p>\n<p>Uroczy woreczek z motywem Bo\u017cego Narodzenia, wype\u0142niony mieszank\u0105 cukierk\u00f3w z nadzieniem alkoholowym (500g)<\/p>\n<p>\u015awietnie sprawdzi si\u0119 jako upominek \u015bwi\u0105teczny pod choink\u0119.<\/p>\n<p>Przy zakupie prosimy o informacj\u0119 o wyborze koloru (szary, czerwony, naturalny).<\/p>\n<p>W przypadku braku dost\u0119pno\u015bci koloru i braku informacji o kolorze, zastrzegamy sobie prawo wysy\u0142ki innego dost\u0119pnego wzoru.<\/p>\n","protected":false},"featured_media":14279,"template":"","meta":{"inline_featured_image":false},"product_brand":[],"product_cat":[22],"product_tag":[],"class_list":{"0":"post-14291","1":"product","2":"type-product","3":"status-publish","4":"has-post-thumbnail","6":"product_cat-wyroby-bozonarodzeniowe","7":"description-off","9":"first","10":"outofstock","11":"taxable","12":"shipping-taxable","13":"purchasable","14":"product-type-simple"},"aioseo_notices":[],"_links":{"self":[{"href":"https:\/\/www.luczniczka.com\/sklep\/wp-json\/wp\/v2\/product\/14291","targetHints":{"allow":["GET"]}}],"collection":[{"href":"https:\/\/www.luczniczka.com\/sklep\/wp-json\/wp\/v2\/product"}],"about":[{"href":"https:\/\/www.luczniczka.com\/sklep\/wp-json\/wp\/v2\/types\/product"}],"wp:featuredmedia":[{"embeddable":true,"href":"https:\/\/www.luczniczka.com\/sklep\/wp-json\/wp\/v2\/media\/14279"}],"wp:attachment":[{"href":"https:\/\/www.luczniczka.com\/sklep\/wp-json\/wp\/v2\/media?parent=14291"}],"wp:term":[{"taxonomy":"product_brand","embeddable":true,"href":"https:\/\/www.luczniczka.com\/sklep\/wp-json\/wp\/v2\/product_brand?post=14291"},{"taxonomy":"product_cat","embeddable":true,"href":"https:\/\/www.luczniczka.com\/sklep\/wp-json\/wp\/v2\/product_cat?post=14291"},{"taxonomy":"product_tag","embeddable":true,"href":"https:\/\/www.luczniczka.com\/sklep\/wp-json\/wp\/v2\/product_tag?post=14291"}],"curies":[{"name":"wp","href":"https:\/\/api.w.org\/{rel}","templated":true}]}}