{"id":14287,"date":"2025-10-10T08:08:47","date_gmt":"2025-10-10T06:08:47","guid":{"rendered":"https:\/\/www.luczniczka.com\/sklep\/?post_type=product&#038;p=14287"},"modified":"2025-11-24T14:08:14","modified_gmt":"2025-11-24T13:08:14","slug":"woreczek-swiateczny-z-mieszanka-cukierkow-alkoholowych-500g","status":"publish","type":"product","link":"https:\/\/www.luczniczka.com\/sklep\/produkt\/woreczek-swiateczny-z-mieszanka-cukierkow-alkoholowych-500g\/","title":{"rendered":"Woreczek \u015bwi\u0105teczny (srebrny i z\u0142oty) z mieszank\u0105 cukierk\u00f3w alkoholowych 500g"},"content":{"rendered":"<p>Woreczki z motywem Bo\u017cego Narodzenia wielko\u015bci 20x30cm, wype\u0142nione mieszkank\u0105 cukierk\u00f3w (w zmiennych proporcjach) alkoholowych.<\/p>\n","protected":false},"excerpt":{"rendered":"<p><img loading=\"lazy\" decoding=\"async\" class=\"alignnone wp-image-14839\" src=\"https:\/\/www.luczniczka.com\/sklep\/wp-content\/uploads\/2025\/10\/zawiera_alkohol_transparent-300x300.png\" alt=\"\" width=\"70\" height=\"70\" \/><\/p>\n<p>Pi\u0119kne woreczki wype\u0142nione mieszank\u0105 pralinek alkoholowych.<\/p>\n<p>Idealny na prezent, \u015bwi\u0105teczny upominek.<\/p>\n<p>DOST\u0118PNY JU\u017b TYLKO WZ\u00d3R W Z\u0141OTE RENIFERKI<\/p>\n<p>&nbsp;<\/p>\n","protected":false},"featured_media":14277,"template":"","meta":{"inline_featured_image":false},"product_brand":[],"product_cat":[22],"product_tag":[],"class_list":{"0":"post-14287","1":"product","2":"type-product","3":"status-publish","4":"has-post-thumbnail","6":"product_cat-wyroby-bozonarodzeniowe","7":"description-off","9":"first","10":"outofstock","11":"taxable","12":"shipping-taxable","13":"purchasable","14":"product-type-simple"},"aioseo_notices":[],"_links":{"self":[{"href":"https:\/\/www.luczniczka.com\/sklep\/wp-json\/wp\/v2\/product\/14287","targetHints":{"allow":["GET"]}}],"collection":[{"href":"https:\/\/www.luczniczka.com\/sklep\/wp-json\/wp\/v2\/product"}],"about":[{"href":"https:\/\/www.luczniczka.com\/sklep\/wp-json\/wp\/v2\/types\/product"}],"wp:featuredmedia":[{"embeddable":true,"href":"https:\/\/www.luczniczka.com\/sklep\/wp-json\/wp\/v2\/media\/14277"}],"wp:attachment":[{"href":"https:\/\/www.luczniczka.com\/sklep\/wp-json\/wp\/v2\/media?parent=14287"}],"wp:term":[{"taxonomy":"product_brand","embeddable":true,"href":"https:\/\/www.luczniczka.com\/sklep\/wp-json\/wp\/v2\/product_brand?post=14287"},{"taxonomy":"product_cat","embeddable":true,"href":"https:\/\/www.luczniczka.com\/sklep\/wp-json\/wp\/v2\/product_cat?post=14287"},{"taxonomy":"product_tag","embeddable":true,"href":"https:\/\/www.luczniczka.com\/sklep\/wp-json\/wp\/v2\/product_tag?post=14287"}],"curies":[{"name":"wp","href":"https:\/\/api.w.org\/{rel}","templated":true}]}}