{"id":14281,"date":"2025-10-10T07:53:00","date_gmt":"2025-10-10T05:53:00","guid":{"rendered":"https:\/\/www.luczniczka.com\/sklep\/?post_type=product&#038;p=14281"},"modified":"2025-10-28T17:35:02","modified_gmt":"2025-10-28T16:35:02","slug":"woreczek-pajeczyna-na-halloween-z-cukierkami-bez-alkoholu-500g","status":"publish","type":"product","link":"https:\/\/www.luczniczka.com\/sklep\/produkt\/woreczek-pajeczyna-na-halloween-z-cukierkami-bez-alkoholu-500g\/","title":{"rendered":"Woreczek na Halloween z mieszank\u0105 cukierk\u00f3w bez alkoholu 500g"},"content":{"rendered":"<p>Woreczek wielko\u015bci 20x30cm zawiera mix (w zmiennych proporcjach) cukierk\u00f3w Supreme (bez alkoholu) w ilo\u015bci 500g.<\/p>\n","protected":false},"excerpt":{"rendered":"<p>Strrrrasznie dobre cukierki w woreczku z motywem paj\u0119czyny.<\/p>\n<p>Idealne na halloweenow\u0105 noc, \u017ceby nikt nie zrobi\u0142 nam psikusa!<\/p>\n","protected":false},"featured_media":14271,"template":"","meta":{"inline_featured_image":false},"product_brand":[],"product_cat":[42],"product_tag":[],"class_list":{"0":"post-14281","1":"product","2":"type-product","3":"status-publish","4":"has-post-thumbnail","6":"product_cat-wyroby-na-halloween","7":"description-off","9":"first","10":"instock","11":"taxable","12":"shipping-taxable","13":"purchasable","14":"product-type-simple"},"aioseo_notices":[],"_links":{"self":[{"href":"https:\/\/www.luczniczka.com\/sklep\/wp-json\/wp\/v2\/product\/14281","targetHints":{"allow":["GET"]}}],"collection":[{"href":"https:\/\/www.luczniczka.com\/sklep\/wp-json\/wp\/v2\/product"}],"about":[{"href":"https:\/\/www.luczniczka.com\/sklep\/wp-json\/wp\/v2\/types\/product"}],"wp:featuredmedia":[{"embeddable":true,"href":"https:\/\/www.luczniczka.com\/sklep\/wp-json\/wp\/v2\/media\/14271"}],"wp:attachment":[{"href":"https:\/\/www.luczniczka.com\/sklep\/wp-json\/wp\/v2\/media?parent=14281"}],"wp:term":[{"taxonomy":"product_brand","embeddable":true,"href":"https:\/\/www.luczniczka.com\/sklep\/wp-json\/wp\/v2\/product_brand?post=14281"},{"taxonomy":"product_cat","embeddable":true,"href":"https:\/\/www.luczniczka.com\/sklep\/wp-json\/wp\/v2\/product_cat?post=14281"},{"taxonomy":"product_tag","embeddable":true,"href":"https:\/\/www.luczniczka.com\/sklep\/wp-json\/wp\/v2\/product_tag?post=14281"}],"curies":[{"name":"wp","href":"https:\/\/api.w.org\/{rel}","templated":true}]}}