{"id":14065,"date":"2025-10-04T14:46:57","date_gmt":"2025-10-04T12:46:57","guid":{"rendered":"https:\/\/www.luczniczka.com\/sklep\/?post_type=product&#038;p=14065"},"modified":"2026-02-11T11:17:19","modified_gmt":"2026-02-11T10:17:19","slug":"czekolada-mleczna-z-miksem-zlotych-orzechow-100g","status":"publish","type":"product","link":"https:\/\/www.luczniczka.com\/sklep\/produkt\/czekolada-mleczna-z-miksem-zlotych-orzechow-100g\/","title":{"rendered":"Czekolada mleczna z mixem z\u0142otych orzech\u00f3w 100 g &#8211; zdobiona r\u0119cznie."},"content":{"rendered":"<p>Sk\u0142adniki: czekolada mleczna 66% (cukier; t\u0142uszcz kakaowy; <strong>mleko<\/strong> pe\u0142ne w proszku; miazga kakaowa; serwatka w proszku (z <strong>mleka<\/strong>); t\u0142uszcz <strong>mleczny<\/strong>; emulgator: lecytyny (z <strong>soi<\/strong>); naturalny aromat waniliowy); <strong>orzech<\/strong> <strong>makadamia<\/strong> 6,7%; <strong>nerkowiec<\/strong> 6,7%; <strong>orzech<\/strong> <strong>laskowy<\/strong> 6,7%; <strong>migda\u0142<\/strong> 6,7%; <strong>orzechy<\/strong> <strong>pinii<\/strong> 6,7%; aromat; barwniki: E 172, E 104; emulgator: E 433; olej s\u0142onecznikowy<\/p>\n<p><strong>Produkt mo\u017ce zawiera\u0107 tak\u017ce: orzechy, orzeszki ziemne, pszenic\u0119, j\u0119czmie\u0144 oraz jaj<\/strong><\/p>\n<table style=\"height: 295px;\" width=\"306\">\n<tbody>\n<tr>\n<td width=\"179\"><strong>Warto\u015b\u0107 od\u017cywcza<\/strong><\/td>\n<td width=\"180\">\u00a0<strong> \u00a0w 100 g produktu<\/strong><\/td>\n<\/tr>\n<tr>\n<td width=\"179\">Warto\u015b\u0107 energetyczna (kJ\/ kcal)<\/td>\n<td width=\"180\">\u00a0 \u00a0 \u00a0 \u00a02415\/579<\/td>\n<\/tr>\n<tr>\n<td width=\"179\">T\u0142uszcz [g]<\/td>\n<td width=\"180\">\u00a0 \u00a0 \u00a0 \u00a0 \u00a0 \u00a0 \u00a042<\/td>\n<\/tr>\n<tr>\n<td width=\"179\">\u00a0w tym NKT [g]<\/td>\n<td width=\"180\">\u00a0 \u00a0 \u00a0 \u00a0 \u00a0 \u00a0 \u00a015<\/td>\n<\/tr>\n<tr>\n<td width=\"179\">W\u0119glowodany [g]<\/td>\n<td width=\"180\">\u00a0 \u00a0 \u00a0 \u00a0 \u00a0 \u00a0 \u00a044<\/td>\n<\/tr>\n<tr>\n<td width=\"179\">w tym cukry [g]<\/td>\n<td width=\"180\">\u00a0 \u00a0 \u00a0 \u00a0 \u00a0 \u00a0 \u00a038<\/td>\n<\/tr>\n<tr>\n<td width=\"179\">Bia\u0142ko [g]<\/td>\n<td width=\"180\">\u00a0 \u00a0 \u00a0 \u00a0 \u00a0 \u00a0 \u00a08,5<\/td>\n<\/tr>\n<tr>\n<td width=\"179\">S\u00f3l [g]<\/td>\n<td width=\"180\">\u00a0 \u00a0 \u00a0 \u00a0 \u00a0 \u00a0 0,09<\/td>\n<\/tr>\n<\/tbody>\n<\/table>\n<p>Czekolada mleczna: zawarto\u015b\u0107 masy kakaowej minimum 33%.<\/p>\n","protected":false},"excerpt":{"rendered":"<p><img loading=\"lazy\" decoding=\"async\" class=\"alignnone  wp-image-19803\" src=\"https:\/\/www.luczniczka.com\/sklep\/wp-content\/uploads\/2026\/01\/ChatGPT-Image-16-sty-2026-09_48_11-300x300.png\" alt=\"\" width=\"100\" height=\"100\" srcset=\"https:\/\/www.luczniczka.com\/sklep\/wp-content\/uploads\/2026\/01\/ChatGPT-Image-16-sty-2026-09_48_11-300x300.png 300w, https:\/\/www.luczniczka.com\/sklep\/wp-content\/uploads\/2026\/01\/ChatGPT-Image-16-sty-2026-09_48_11-150x150.png 150w, https:\/\/www.luczniczka.com\/sklep\/wp-content\/uploads\/2026\/01\/ChatGPT-Image-16-sty-2026-09_48_11-768x768.png 768w, https:\/\/www.luczniczka.com\/sklep\/wp-content\/uploads\/2026\/01\/ChatGPT-Image-16-sty-2026-09_48_11-600x600.png 600w, https:\/\/www.luczniczka.com\/sklep\/wp-content\/uploads\/2026\/01\/ChatGPT-Image-16-sty-2026-09_48_11-200x200.png 200w, https:\/\/www.luczniczka.com\/sklep\/wp-content\/uploads\/2026\/01\/ChatGPT-Image-16-sty-2026-09_48_11.png 1024w\" sizes=\"auto, (max-width: 100px) 100vw, 100px\" \/><\/p>\n<p>Czekolada mleczna z mixem z\u0142otych orzech\u00f3w 100 g- zdobiona r\u0119cznie.<\/p>\n<p>Czekolad\u0119 charakteryzuje wysoka jako\u015b\u0107. Produkcja wyrobu odbywa si\u0119 bowiem przy zachowaniu najwy\u017cszych mi\u0119dzynarodowych standard\u00f3w \u017cywno\u015bci.<\/p>\n<p>Masa netto 100 g.<\/p>\n<p><small>Zdj\u0119cia maj\u0105 charakter pogl\u0105dowy- kolorystyka mo\u017ce nieznacznie odbiega\u0107 od zdj\u0119\u0107 prezentowanych w ofercie.<\/small><\/p>\n<p>&nbsp;<\/p>\n","protected":false},"featured_media":14063,"template":"","meta":{"inline_featured_image":false},"product_brand":[],"product_cat":[20],"product_tag":[45],"class_list":{"0":"post-14065","1":"product","2":"type-product","3":"status-publish","4":"has-post-thumbnail","6":"product_cat-tabliczki-czekolady","7":"product_tag-orzechy-czekolada-upominek","8":"description-off","10":"first","11":"instock","12":"taxable","13":"shipping-taxable","14":"purchasable","15":"product-type-simple"},"aioseo_notices":[],"_links":{"self":[{"href":"https:\/\/www.luczniczka.com\/sklep\/wp-json\/wp\/v2\/product\/14065","targetHints":{"allow":["GET"]}}],"collection":[{"href":"https:\/\/www.luczniczka.com\/sklep\/wp-json\/wp\/v2\/product"}],"about":[{"href":"https:\/\/www.luczniczka.com\/sklep\/wp-json\/wp\/v2\/types\/product"}],"wp:featuredmedia":[{"embeddable":true,"href":"https:\/\/www.luczniczka.com\/sklep\/wp-json\/wp\/v2\/media\/14063"}],"wp:attachment":[{"href":"https:\/\/www.luczniczka.com\/sklep\/wp-json\/wp\/v2\/media?parent=14065"}],"wp:term":[{"taxonomy":"product_brand","embeddable":true,"href":"https:\/\/www.luczniczka.com\/sklep\/wp-json\/wp\/v2\/product_brand?post=14065"},{"taxonomy":"product_cat","embeddable":true,"href":"https:\/\/www.luczniczka.com\/sklep\/wp-json\/wp\/v2\/product_cat?post=14065"},{"taxonomy":"product_tag","embeddable":true,"href":"https:\/\/www.luczniczka.com\/sklep\/wp-json\/wp\/v2\/product_tag?post=14065"}],"curies":[{"name":"wp","href":"https:\/\/api.w.org\/{rel}","templated":true}]}}