{"id":13713,"date":"2025-09-28T09:49:16","date_gmt":"2025-09-28T07:49:16","guid":{"rendered":"https:\/\/www.luczniczka.com\/sklep\/?post_type=product&#038;p=13713"},"modified":"2025-12-03T13:55:31","modified_gmt":"2025-12-03T12:55:31","slug":"woreczek-prezentowy-swiateczny-z-mieszkanka-pralinek-alkoholowych-500g","status":"publish","type":"product","link":"https:\/\/www.luczniczka.com\/sklep\/produkt\/woreczek-prezentowy-swiateczny-z-mieszkanka-pralinek-alkoholowych-500g\/","title":{"rendered":"Woreczek prezentowy nr 1, \u015bwi\u0105teczny z mieszkank\u0105 pralinek alkoholowych 500g"},"content":{"rendered":"<p>Woreczek prezentowy z mieszank\u0105 (w zmiennych proporcjach) pralinek z nadzieniem alkoholowym: irish, rum, advocat, vodka, toffee i\/lub orange.<\/p>\n","protected":false},"excerpt":{"rendered":"<p><img loading=\"lazy\" decoding=\"async\" class=\"alignnone wp-image-14839\" src=\"https:\/\/www.luczniczka.com\/sklep\/wp-content\/uploads\/2025\/10\/zawiera_alkohol_transparent-300x300.png\" alt=\"\" width=\"70\" height=\"70\" \/><\/p>\n<p>Idealny prezent \u015bwi\u0105teczny, lub miko\u0142ajkowy!<\/p>\n<p>Pi\u0119kny, r\u0119cznie zdobiony woreczek jutowy, jedyny w swoim rodzaju, starannie wyko\u0144czony z pralinkami z nadzieniem alkoholowym gwarantuje zachwyt osoby obdarowanej.<\/p>\n<p>Je\u015bli szukasz wyj\u0105tkowego prezentu na \u015bwi\u0119ta, to proponujemy gotowe rozwi\u0105zanie.<\/p>\n<p>Woreczek dost\u0119pny w trzech wzorach:<\/p>\n<p><strong>A &#8211; woreczek czerwony<\/strong><\/p>\n<p><strong>B &#8211; woreczek z autem i ta\u015bm\u0105 w szkock\u0105 krat\u0119<\/strong><\/p>\n<p><strong>C &#8211; woreczek z autem i z\u0142ot\u0105 ta\u015bm\u0105<\/strong><\/p>\n<p><strong>Przy zam\u00f3wieniu prosimy o zawarcie w uwagach informacji, kt\u00f3ry wz\u00f3r Pa\u0144stwo wybieracie (np A)<\/strong><\/p>\n<p><strong>W przypadku braku takiej informacji, wysy\u0142amy woreczek losowo wybrany.<\/strong><\/p>\n<p><strong>Z uwagi na zawarto\u015b\u0107 alkoholu produkt nie jest rekomendowany dla dzieci<\/strong><\/p>\n<p><strong>BRAK WZORU A!!!<\/strong><\/p>\n","protected":false},"featured_media":13707,"template":"","meta":{"inline_featured_image":false},"product_brand":[],"product_cat":[22],"product_tag":[],"class_list":{"0":"post-13713","1":"product","2":"type-product","3":"status-publish","4":"has-post-thumbnail","6":"product_cat-wyroby-bozonarodzeniowe","7":"description-off","9":"first","10":"instock","11":"taxable","12":"shipping-taxable","13":"purchasable","14":"product-type-simple"},"aioseo_notices":[],"_links":{"self":[{"href":"https:\/\/www.luczniczka.com\/sklep\/wp-json\/wp\/v2\/product\/13713","targetHints":{"allow":["GET"]}}],"collection":[{"href":"https:\/\/www.luczniczka.com\/sklep\/wp-json\/wp\/v2\/product"}],"about":[{"href":"https:\/\/www.luczniczka.com\/sklep\/wp-json\/wp\/v2\/types\/product"}],"wp:featuredmedia":[{"embeddable":true,"href":"https:\/\/www.luczniczka.com\/sklep\/wp-json\/wp\/v2\/media\/13707"}],"wp:attachment":[{"href":"https:\/\/www.luczniczka.com\/sklep\/wp-json\/wp\/v2\/media?parent=13713"}],"wp:term":[{"taxonomy":"product_brand","embeddable":true,"href":"https:\/\/www.luczniczka.com\/sklep\/wp-json\/wp\/v2\/product_brand?post=13713"},{"taxonomy":"product_cat","embeddable":true,"href":"https:\/\/www.luczniczka.com\/sklep\/wp-json\/wp\/v2\/product_cat?post=13713"},{"taxonomy":"product_tag","embeddable":true,"href":"https:\/\/www.luczniczka.com\/sklep\/wp-json\/wp\/v2\/product_tag?post=13713"}],"curies":[{"name":"wp","href":"https:\/\/api.w.org\/{rel}","templated":true}]}}